{"id":7459,"date":"2023-08-13T12:49:10","date_gmt":"2023-08-13T15:49:10","guid":{"rendered":"https:\/\/www.taller-palabras.com\/WordPress_04\/?post_type=product&#038;p=7459"},"modified":"2025-02-11T13:24:21","modified_gmt":"2025-02-11T16:24:21","slug":"el-color-purpura-alice-walker-ebook","status":"publish","type":"product","link":"https:\/\/www.taller-palabras.com\/WordPress_04\/producto\/el-color-purpura-alice-walker-ebook","title":{"rendered":"El color p\u00farpura &#8211; Alice Walker \/ebook"},"content":{"rendered":"<figure id=\"attachment_7453\" aria-describedby=\"caption-attachment-7453\" style=\"width: 150px\" class=\"wp-caption alignleft\"><img loading=\"lazy\" decoding=\"async\" class=\"wp-image-7453 size-thumbnail\" src=\"https:\/\/www.taller-palabras.com\/WordPress_04\/wp-content\/uploads\/2023\/08\/Alice-Walker-150x150.jpg\" alt=\"\" width=\"150\" height=\"150\" srcset=\"https:\/\/www.taller-palabras.com\/WordPress_04\/wp-content\/uploads\/2023\/08\/Alice-Walker-150x150.jpg 150w, https:\/\/www.taller-palabras.com\/WordPress_04\/wp-content\/uploads\/2023\/08\/Alice-Walker-100x100.jpg 100w, https:\/\/www.taller-palabras.com\/WordPress_04\/wp-content\/uploads\/2023\/08\/Alice-Walker.jpg 168w\" sizes=\"auto, (max-width: 150px) 100vw, 150px\" \/><figcaption id=\"caption-attachment-7453\" class=\"wp-caption-text\">Autora Alice Walker<\/figcaption><\/figure>\n<p>Esta es la historia de dos hermanas norteamericanas de raza negra. Nettie ejerce como misionera en \u00c1frica y Celie vive en el Sur de Estados Unidos. Casada con un hombre al que odia y abrumada por la verg\u00fcenza de haber sido violada por quien cree que es su padre. A lo largo de treinta a\u00f1os ambas mantienen el recuerdo y la esperanza de reencontrarse y vuelcan sus sentimientos en unas cartas conmovedoras. Pero la dram\u00e1tica existencia de Celie cambiar\u00e1 cuando entre en su vida la amante de su marido, una extraordinaria mujer llamada Shug Avery. Galardonada con el Premio Pulitzer, esta novela ha sido llevada al cine por Steven Spielberg.<\/p>\n<p>&nbsp;<\/p>\n","protected":false},"excerpt":{"rendered":"<p>Esta es la historia de dos hermanas norteamericanas de raza negra. Nettie ejerce como misionera en \u00c1frica y Celie vive en el Sur de Estados Unidos. Casada con un hombre al que odia y abrumada por la verg\u00fcenza de haber sido violada por quien cree que es su padre. A lo largo de treinta a\u00f1os [&hellip;]<\/p>\n","protected":false},"featured_media":7455,"template":"","meta":[],"product_brand":[],"product_cat":[25],"product_tag":[1091,54,1092,45],"class_list":{"0":"post-7459","1":"product","2":"type-product","3":"status-publish","4":"has-post-thumbnail","6":"product_cat-libros-digitales-ebooks","7":"product_tag-alice-walker","8":"product_tag-descargar-ebook","9":"product_tag-el-color-purpura","10":"product_tag-mejor-novela","12":"first","13":"instock","14":"shipping-taxable","15":"purchasable","16":"product-type-variable","17":"has-default-attributes"},"_links":{"self":[{"href":"https:\/\/www.taller-palabras.com\/WordPress_04\/wp-json\/wp\/v2\/product\/7459","targetHints":{"allow":["GET"]}}],"collection":[{"href":"https:\/\/www.taller-palabras.com\/WordPress_04\/wp-json\/wp\/v2\/product"}],"about":[{"href":"https:\/\/www.taller-palabras.com\/WordPress_04\/wp-json\/wp\/v2\/types\/product"}],"wp:featuredmedia":[{"embeddable":true,"href":"https:\/\/www.taller-palabras.com\/WordPress_04\/wp-json\/wp\/v2\/media\/7455"}],"wp:attachment":[{"href":"https:\/\/www.taller-palabras.com\/WordPress_04\/wp-json\/wp\/v2\/media?parent=7459"}],"wp:term":[{"taxonomy":"product_brand","embeddable":true,"href":"https:\/\/www.taller-palabras.com\/WordPress_04\/wp-json\/wp\/v2\/product_brand?post=7459"},{"taxonomy":"product_cat","embeddable":true,"href":"https:\/\/www.taller-palabras.com\/WordPress_04\/wp-json\/wp\/v2\/product_cat?post=7459"},{"taxonomy":"product_tag","embeddable":true,"href":"https:\/\/www.taller-palabras.com\/WordPress_04\/wp-json\/wp\/v2\/product_tag?post=7459"}],"curies":[{"name":"wp","href":"https:\/\/api.w.org\/{rel}","templated":true}]}}