{"id":7468,"date":"2023-08-13T12:56:06","date_gmt":"2023-08-13T15:56:06","guid":{"rendered":"https:\/\/www.taller-palabras.com\/WordPress_04\/?post_type=product&#038;p=7468"},"modified":"2025-02-11T13:41:50","modified_gmt":"2025-02-11T16:41:50","slug":"el-manantial-ayn-rand-ebook","status":"publish","type":"product","link":"https:\/\/www.taller-palabras.com\/WordPress_04\/producto\/el-manantial-ayn-rand-ebook","title":{"rendered":"El manantial &#8211; Ayn Rand \/ebook"},"content":{"rendered":"<figure id=\"attachment_7454\" aria-describedby=\"caption-attachment-7454\" style=\"width: 150px\" class=\"wp-caption alignleft\"><img loading=\"lazy\" decoding=\"async\" class=\"wp-image-7454 size-thumbnail\" src=\"https:\/\/www.taller-palabras.com\/WordPress_04\/wp-content\/uploads\/2023\/08\/Any-Rand-150x150.jpg\" alt=\"\" width=\"150\" height=\"150\" srcset=\"https:\/\/www.taller-palabras.com\/WordPress_04\/wp-content\/uploads\/2023\/08\/Any-Rand-150x150.jpg 150w, https:\/\/www.taller-palabras.com\/WordPress_04\/wp-content\/uploads\/2023\/08\/Any-Rand-100x100.jpg 100w, https:\/\/www.taller-palabras.com\/WordPress_04\/wp-content\/uploads\/2023\/08\/Any-Rand.jpg 283w\" sizes=\"auto, (max-width: 150px) 100vw, 150px\" \/><figcaption id=\"caption-attachment-7454\" class=\"wp-caption-text\">Autora Ayn Rand<\/figcaption><\/figure>\n<p>El manantial es la obra m\u00e1s conocida de Ayn Rand. En ella nos muestra aspectos esenciales de su filosof\u00eda a trav\u00e9s de una fascinante novela. El prop\u00f3sito de esta obra es \u00abuna defensa del ego\u00edsmo en su significado real\u2026 una nueva definici\u00f3n de ego\u00edsmo y su ejemplo viviente\u00bb. Este ejemplo vivo del ego\u00edsmo es Howard Roark, un arquitecto e innovador que rompe con la tradici\u00f3n y reconoce la autoridad de su propio juicio independiente.<br \/>\nEl individualismo de Roark contrasta con el colectivismo espiritual de muchos otros personajes, que son variaciones de la tem\u00e1tica de la \u00absegunda mano\u00bb: pensar, actuar y vivir de segunda mano. Howard Roark decide luchar contra los convencionalismos sociales, las ideas preconcebidas, los prejuicios, y las mentes pusil\u00e1nimes, en lugar de comprometer su visi\u00f3n art\u00edstica y personal. El libro sigue su batalla para practicar lo que el p\u00fablico ve como la arquitectura moderna y racional, en un mundo centrado en la adoraci\u00f3n de la tradici\u00f3n y la falta de originalidad.<\/p>\n<p>&nbsp;<\/p>\n","protected":false},"excerpt":{"rendered":"<p>El manantial es la obra m\u00e1s conocida de Ayn Rand. En ella nos muestra aspectos esenciales de su filosof\u00eda a trav\u00e9s de una fascinante novela. El prop\u00f3sito de esta obra es \u00abuna defensa del ego\u00edsmo en su significado real\u2026 una nueva definici\u00f3n de ego\u00edsmo y su ejemplo viviente\u00bb. Este ejemplo vivo del ego\u00edsmo es Howard [&hellip;]<\/p>\n","protected":false},"featured_media":7457,"template":"","meta":[],"product_brand":[],"product_cat":[25],"product_tag":[1093,54,1094,45],"class_list":{"0":"post-7468","1":"product","2":"type-product","3":"status-publish","4":"has-post-thumbnail","6":"product_cat-libros-digitales-ebooks","7":"product_tag-ayn-rand","8":"product_tag-descargar-ebook","9":"product_tag-el-manantial","10":"product_tag-mejor-novela","12":"first","13":"instock","14":"shipping-taxable","15":"purchasable","16":"product-type-variable","17":"has-default-attributes"},"_links":{"self":[{"href":"https:\/\/www.taller-palabras.com\/WordPress_04\/wp-json\/wp\/v2\/product\/7468","targetHints":{"allow":["GET"]}}],"collection":[{"href":"https:\/\/www.taller-palabras.com\/WordPress_04\/wp-json\/wp\/v2\/product"}],"about":[{"href":"https:\/\/www.taller-palabras.com\/WordPress_04\/wp-json\/wp\/v2\/types\/product"}],"wp:featuredmedia":[{"embeddable":true,"href":"https:\/\/www.taller-palabras.com\/WordPress_04\/wp-json\/wp\/v2\/media\/7457"}],"wp:attachment":[{"href":"https:\/\/www.taller-palabras.com\/WordPress_04\/wp-json\/wp\/v2\/media?parent=7468"}],"wp:term":[{"taxonomy":"product_brand","embeddable":true,"href":"https:\/\/www.taller-palabras.com\/WordPress_04\/wp-json\/wp\/v2\/product_brand?post=7468"},{"taxonomy":"product_cat","embeddable":true,"href":"https:\/\/www.taller-palabras.com\/WordPress_04\/wp-json\/wp\/v2\/product_cat?post=7468"},{"taxonomy":"product_tag","embeddable":true,"href":"https:\/\/www.taller-palabras.com\/WordPress_04\/wp-json\/wp\/v2\/product_tag?post=7468"}],"curies":[{"name":"wp","href":"https:\/\/api.w.org\/{rel}","templated":true}]}}