{"id":7478,"date":"2023-08-02T13:20:54","date_gmt":"2023-08-02T16:20:54","guid":{"rendered":"https:\/\/www.taller-palabras.com\/WordPress_04\/?post_type=product&#038;p=7478"},"modified":"2025-01-24T15:17:00","modified_gmt":"2025-01-24T18:17:00","slug":"cuentos-completos-i-silvina-ocampo-ebook","status":"publish","type":"product","link":"https:\/\/www.taller-palabras.com\/WordPress_04\/producto\/cuentos-completos-i-silvina-ocampo-ebook","title":{"rendered":"Cuentos completos I &#8211; Silvina Ocampo \/ebook"},"content":{"rendered":"<figure id=\"attachment_7482\" aria-describedby=\"caption-attachment-7482\" style=\"width: 150px\" class=\"wp-caption alignleft\"><img loading=\"lazy\" decoding=\"async\" class=\"wp-image-7482 size-thumbnail\" src=\"https:\/\/www.taller-palabras.com\/WordPress_04\/wp-content\/uploads\/2023\/08\/Silvina-Ocampo-150x150.jpg\" alt=\"\" width=\"150\" height=\"150\" srcset=\"https:\/\/www.taller-palabras.com\/WordPress_04\/wp-content\/uploads\/2023\/08\/Silvina-Ocampo-150x150.jpg 150w, https:\/\/www.taller-palabras.com\/WordPress_04\/wp-content\/uploads\/2023\/08\/Silvina-Ocampo-100x100.jpg 100w, https:\/\/www.taller-palabras.com\/WordPress_04\/wp-content\/uploads\/2023\/08\/Silvina-Ocampo.jpg 283w\" sizes=\"auto, (max-width: 150px) 100vw, 150px\" \/><figcaption id=\"caption-attachment-7482\" class=\"wp-caption-text\">Autora Silvina Ocampo<\/figcaption><\/figure>\n<p>Hay un universo Silvina Ocampo, hecho de nostalgia y de asombro. Nostalgia por algo que jam\u00e1s existi\u00f3 y que quiz\u00e1 ni siquiera entra en el terreno de lo posible. Asombro frente a una realidad lindante todo el tiempo con la fantas\u00eda y con los sue\u00f1os. Hombres, mujeres y ni\u00f1os pueblan ese universo y lo saturan de equ\u00edvocos, perversas relaciones de poder, falsas inocencias. El amor y el odio, lo trivial y lo extraordinario, m\u00e1s que como opuestos, se manifiestan como una sutil cuesti\u00f3n de matices. Pocos escritores han conseguido expresar as\u00ed la cualidad de lo inapresable. La edici\u00f3n de la obra de Silvina Ocampo fue hasta el momento dispersa; su acceso, pr\u00e1cticamente imposible para las nuevas generaciones de lectores. Se re\u00fanen en dos vol\u00famenes de publicaci\u00f3n sucesiva todos sus cuentos publicados \u2014con excepci\u00f3n de los infantiles\u2014 que constituyen uno de los pilares de su labor creativa. Este libro rescata y despliega el inmenso talento y la originalidad de una de las m\u00e1s grandes escritoras argentinas. Su publicaci\u00f3n quiere ser un homenaje a su memoria.<\/p>\n<p>&nbsp;<\/p>\n","protected":false},"excerpt":{"rendered":"<p>Hay un universo Silvina Ocampo, hecho de nostalgia y de asombro. Nostalgia por algo que jam\u00e1s existi\u00f3 y que quiz\u00e1 ni siquiera entra en el terreno de lo posible. Asombro frente a una realidad lindante todo el tiempo con la fantas\u00eda y con los sue\u00f1os. Hombres, mujeres y ni\u00f1os pueblan ese universo y lo saturan [&hellip;]<\/p>\n","protected":false},"featured_media":7481,"template":"","meta":[],"product_brand":[],"product_cat":[25],"product_tag":[1098,54,45,1097],"class_list":{"0":"post-7478","1":"product","2":"type-product","3":"status-publish","4":"has-post-thumbnail","6":"product_cat-libros-digitales-ebooks","7":"product_tag-cuentos-completos-i","8":"product_tag-descargar-ebook","9":"product_tag-mejor-novela","10":"product_tag-silvina-ocampo","12":"first","13":"instock","14":"shipping-taxable","15":"purchasable","16":"product-type-variable","17":"has-default-attributes"},"_links":{"self":[{"href":"https:\/\/www.taller-palabras.com\/WordPress_04\/wp-json\/wp\/v2\/product\/7478","targetHints":{"allow":["GET"]}}],"collection":[{"href":"https:\/\/www.taller-palabras.com\/WordPress_04\/wp-json\/wp\/v2\/product"}],"about":[{"href":"https:\/\/www.taller-palabras.com\/WordPress_04\/wp-json\/wp\/v2\/types\/product"}],"wp:featuredmedia":[{"embeddable":true,"href":"https:\/\/www.taller-palabras.com\/WordPress_04\/wp-json\/wp\/v2\/media\/7481"}],"wp:attachment":[{"href":"https:\/\/www.taller-palabras.com\/WordPress_04\/wp-json\/wp\/v2\/media?parent=7478"}],"wp:term":[{"taxonomy":"product_brand","embeddable":true,"href":"https:\/\/www.taller-palabras.com\/WordPress_04\/wp-json\/wp\/v2\/product_brand?post=7478"},{"taxonomy":"product_cat","embeddable":true,"href":"https:\/\/www.taller-palabras.com\/WordPress_04\/wp-json\/wp\/v2\/product_cat?post=7478"},{"taxonomy":"product_tag","embeddable":true,"href":"https:\/\/www.taller-palabras.com\/WordPress_04\/wp-json\/wp\/v2\/product_tag?post=7478"}],"curies":[{"name":"wp","href":"https:\/\/api.w.org\/{rel}","templated":true}]}}