{"id":7485,"date":"2023-08-02T13:30:00","date_gmt":"2023-08-02T16:30:00","guid":{"rendered":"https:\/\/www.taller-palabras.com\/WordPress_04\/?post_type=product&#038;p=7485"},"modified":"2025-02-10T12:45:40","modified_gmt":"2025-02-10T15:45:40","slug":"cuentos-de-amor-de-locura-y-de-muerte-horacio-quiroga-ebook","status":"publish","type":"product","link":"https:\/\/www.taller-palabras.com\/WordPress_04\/producto\/cuentos-de-amor-de-locura-y-de-muerte-horacio-quiroga-ebook","title":{"rendered":"Cuentos de amor de locura y de muerte &#8211; Horacio Quiroga \/ebook"},"content":{"rendered":"<figure id=\"attachment_7491\" aria-describedby=\"caption-attachment-7491\" style=\"width: 150px\" class=\"wp-caption alignleft\"><img loading=\"lazy\" decoding=\"async\" class=\"wp-image-7491 size-thumbnail\" src=\"https:\/\/www.taller-palabras.com\/WordPress_04\/wp-content\/uploads\/2023\/08\/Horacio-Quiroga-150x150.jpg\" alt=\"\" width=\"150\" height=\"150\" srcset=\"https:\/\/www.taller-palabras.com\/WordPress_04\/wp-content\/uploads\/2023\/08\/Horacio-Quiroga-150x150.jpg 150w, https:\/\/www.taller-palabras.com\/WordPress_04\/wp-content\/uploads\/2023\/08\/Horacio-Quiroga-100x100.jpg 100w\" sizes=\"auto, (max-width: 150px) 100vw, 150px\" \/><figcaption id=\"caption-attachment-7491\" class=\"wp-caption-text\">Autor Horacio Quiroga<\/figcaption><\/figure>\n<p>\u2018Cuentos de amor de locura y de muerte\u2019 \u2014sin la coma que har\u00eda creer en una simple enumeraci\u00f3n de categor\u00edas\u2014 es el libro que Horacio Quiroga public\u00f3 en 1917, reuniendo narraciones de los quince a\u00f1os anteriores, y que signific\u00f3 su consagraci\u00f3n como uno de los cuentistas m\u00e1s vigorosos y creativos del \u00e1mbito latinoamericano. Escritos alrededor de los temas que obsesionaban al autor, como la fuerza invencible de la naturaleza o el misterio de las relaciones humanas, estos relatos dan testimonio de las dos modalidades que Quiroga cultiv\u00f3 con maestr\u00eda: por un lado, los cuentos que saben construir un clima que envuelve al lector desde las primeras l\u00edneas y, por otro, los que se encaminan inexorablemente hacia un final impactante, donde los protagonistas se enfrentan a un instante que puede ser l\u00fagubre, misterioso, macabro o ins\u00f3lito, pero siempre definitivo.<\/p>\n<p>&nbsp;<\/p>\n","protected":false},"excerpt":{"rendered":"<p>\u2018Cuentos de amor de locura y de muerte\u2019 \u2014sin la coma que har\u00eda creer en una simple enumeraci\u00f3n de categor\u00edas\u2014 es el libro que Horacio Quiroga public\u00f3 en 1917, reuniendo narraciones de los quince a\u00f1os anteriores, y que signific\u00f3 su consagraci\u00f3n como uno de los cuentistas m\u00e1s vigorosos y creativos del \u00e1mbito latinoamericano. Escritos alrededor [&hellip;]<\/p>\n","protected":false},"featured_media":7490,"template":"","meta":[],"product_brand":[],"product_cat":[25],"product_tag":[1099,54,1100,45],"class_list":{"0":"post-7485","1":"product","2":"type-product","3":"status-publish","4":"has-post-thumbnail","6":"product_cat-libros-digitales-ebooks","7":"product_tag-cuentos-de-amor-de-locura-y-de-muerte","8":"product_tag-descargar-ebook","9":"product_tag-horacio-quiroga","10":"product_tag-mejor-novela","12":"first","13":"instock","14":"shipping-taxable","15":"purchasable","16":"product-type-variable","17":"has-default-attributes"},"_links":{"self":[{"href":"https:\/\/www.taller-palabras.com\/WordPress_04\/wp-json\/wp\/v2\/product\/7485","targetHints":{"allow":["GET"]}}],"collection":[{"href":"https:\/\/www.taller-palabras.com\/WordPress_04\/wp-json\/wp\/v2\/product"}],"about":[{"href":"https:\/\/www.taller-palabras.com\/WordPress_04\/wp-json\/wp\/v2\/types\/product"}],"wp:featuredmedia":[{"embeddable":true,"href":"https:\/\/www.taller-palabras.com\/WordPress_04\/wp-json\/wp\/v2\/media\/7490"}],"wp:attachment":[{"href":"https:\/\/www.taller-palabras.com\/WordPress_04\/wp-json\/wp\/v2\/media?parent=7485"}],"wp:term":[{"taxonomy":"product_brand","embeddable":true,"href":"https:\/\/www.taller-palabras.com\/WordPress_04\/wp-json\/wp\/v2\/product_brand?post=7485"},{"taxonomy":"product_cat","embeddable":true,"href":"https:\/\/www.taller-palabras.com\/WordPress_04\/wp-json\/wp\/v2\/product_cat?post=7485"},{"taxonomy":"product_tag","embeddable":true,"href":"https:\/\/www.taller-palabras.com\/WordPress_04\/wp-json\/wp\/v2\/product_tag?post=7485"}],"curies":[{"name":"wp","href":"https:\/\/api.w.org\/{rel}","templated":true}]}}