{"id":7524,"date":"2023-08-02T13:20:33","date_gmt":"2023-08-02T16:20:33","guid":{"rendered":"https:\/\/www.taller-palabras.com\/WordPress_04\/?post_type=product&#038;p=7524"},"modified":"2025-01-24T11:52:16","modified_gmt":"2025-01-24T14:52:16","slug":"lejos-del-mundanal-ruido-thomas-hardy-ebook","status":"publish","type":"product","link":"https:\/\/www.taller-palabras.com\/WordPress_04\/producto\/lejos-del-mundanal-ruido-thomas-hardy-ebook","title":{"rendered":"Lejos del mundanal ruido &#8211; Thomas Hardy \/ebook"},"content":{"rendered":"<figure id=\"attachment_7527\" aria-describedby=\"caption-attachment-7527\" style=\"width: 150px\" class=\"wp-caption alignleft\"><img loading=\"lazy\" decoding=\"async\" class=\"wp-image-7527 size-thumbnail\" src=\"https:\/\/www.taller-palabras.com\/WordPress_04\/wp-content\/uploads\/2023\/08\/Thomas-Hardy-150x150.jpg\" alt=\"\" width=\"150\" height=\"150\" srcset=\"https:\/\/www.taller-palabras.com\/WordPress_04\/wp-content\/uploads\/2023\/08\/Thomas-Hardy-150x150.jpg 150w, https:\/\/www.taller-palabras.com\/WordPress_04\/wp-content\/uploads\/2023\/08\/Thomas-Hardy-100x100.jpg 100w, https:\/\/www.taller-palabras.com\/WordPress_04\/wp-content\/uploads\/2023\/08\/Thomas-Hardy.jpg 283w\" sizes=\"auto, (max-width: 150px) 100vw, 150px\" \/><figcaption id=\"caption-attachment-7527\" class=\"wp-caption-text\">Autor Thomas Hardy<\/figcaption><\/figure>\n<p>Bathsheba Everdene, una muchacha con una sonrisa \u00abde las que sugieren que los corazones son cosas que se pierden y se ganan\u00bb, hereda, a la muerte de su t\u00edo, la mayor granja del pueblo de Weatherbury. Tres hombres rondan a esta joven propietaria, \u00abfuerte e independiente\u00bb, que sin duda est\u00e1 en situaci\u00f3n de elegir: el pastor Gabriel Oak, empleado suyo tras un desafortunado intento de independizarse, y que padece con silencioso aplomo su diferencia de posici\u00f3n; el hacendado Boldwood, un rico y maduro solter\u00f3n, algo oscuro y poco delicado, pero capaz de amar con una intensidad imprevisible; y el sargento Francis Troy, apuesto, acostumbrado a los favores del mundo, conquistador. Bathsheba puede elegir, pues, y elige\u2026 aunque en poco tiempo habr\u00e1 de descubrir que ha renunciado \u00aba la sencillez de su vida de soltera para convertirse en la humilde mitad de un indiferente todo matrimonial\u00bb. Lejos del mundanal ruido (1874) no es s\u00f3lo un formidable retrato de una hero\u00edna victoriana que sabe que \u00abes dif\u00edcil para una mujer definir sus sentimientos en un lenguaje creado principalmente por el hombre para expresar los suyos\u00bb. Es tambi\u00e9n un fresco pastoril de resonancias shakespeareanas, donde el paisaje y la historia, la naturaleza y la cultura, mantienen un di\u00e1logo tenso y complejo, lleno de peque\u00f1as sutilezas e iron\u00edas. Thomas Hardy alcanz\u00f3 con esta novela su primer gran \u00e9xito, y tambi\u00e9n la que quiz\u00e1 sea la m\u00e1s amable de sus obras maestras.<\/p>\n<p>&nbsp;<\/p>\n","protected":false},"excerpt":{"rendered":"<p>Bathsheba Everdene, una muchacha con una sonrisa \u00abde las que sugieren que los corazones son cosas que se pierden y se ganan\u00bb, hereda, a la muerte de su t\u00edo, la mayor granja del pueblo de Weatherbury. Tres hombres rondan a esta joven propietaria, \u00abfuerte e independiente\u00bb, que sin duda est\u00e1 en situaci\u00f3n de elegir: el [&hellip;]<\/p>\n","protected":false},"featured_media":7528,"template":"","meta":[],"product_brand":[],"product_cat":[25],"product_tag":[54,1107,45,1106],"class_list":{"0":"post-7524","1":"product","2":"type-product","3":"status-publish","4":"has-post-thumbnail","6":"product_cat-libros-digitales-ebooks","7":"product_tag-descargar-ebook","8":"product_tag-lejos-del-mundanal-ruido","9":"product_tag-mejor-novela","10":"product_tag-thomas-hardy","12":"first","13":"instock","14":"shipping-taxable","15":"purchasable","16":"product-type-variable","17":"has-default-attributes"},"_links":{"self":[{"href":"https:\/\/www.taller-palabras.com\/WordPress_04\/wp-json\/wp\/v2\/product\/7524","targetHints":{"allow":["GET"]}}],"collection":[{"href":"https:\/\/www.taller-palabras.com\/WordPress_04\/wp-json\/wp\/v2\/product"}],"about":[{"href":"https:\/\/www.taller-palabras.com\/WordPress_04\/wp-json\/wp\/v2\/types\/product"}],"wp:featuredmedia":[{"embeddable":true,"href":"https:\/\/www.taller-palabras.com\/WordPress_04\/wp-json\/wp\/v2\/media\/7528"}],"wp:attachment":[{"href":"https:\/\/www.taller-palabras.com\/WordPress_04\/wp-json\/wp\/v2\/media?parent=7524"}],"wp:term":[{"taxonomy":"product_brand","embeddable":true,"href":"https:\/\/www.taller-palabras.com\/WordPress_04\/wp-json\/wp\/v2\/product_brand?post=7524"},{"taxonomy":"product_cat","embeddable":true,"href":"https:\/\/www.taller-palabras.com\/WordPress_04\/wp-json\/wp\/v2\/product_cat?post=7524"},{"taxonomy":"product_tag","embeddable":true,"href":"https:\/\/www.taller-palabras.com\/WordPress_04\/wp-json\/wp\/v2\/product_tag?post=7524"}],"curies":[{"name":"wp","href":"https:\/\/api.w.org\/{rel}","templated":true}]}}