{"id":7563,"date":"2018-10-31T08:15:57","date_gmt":"2018-10-31T11:15:57","guid":{"rendered":"https:\/\/www.taller-palabras.com\/WordPress_04\/?post_type=product&#038;p=7563"},"modified":"2023-09-27T11:58:58","modified_gmt":"2023-09-27T14:58:58","slug":"mansfield-park-jane-austen-ebook","status":"publish","type":"product","link":"https:\/\/www.taller-palabras.com\/WordPress_04\/producto\/mansfield-park-jane-austen-ebook","title":{"rendered":"Mansfield Park- Jane Austen  \/ebook"},"content":{"rendered":"<figure id=\"attachment_277\" aria-describedby=\"caption-attachment-277\" style=\"width: 150px\" class=\"wp-caption alignleft\"><img loading=\"lazy\" decoding=\"async\" class=\"wp-image-277 size-thumbnail\" src=\"https:\/\/www.taller-palabras.com\/WordPress_04\/wp-content\/uploads\/2018\/10\/jane-austen-150x150.jpg\" alt=\"\" width=\"150\" height=\"150\" srcset=\"https:\/\/www.taller-palabras.com\/WordPress_04\/wp-content\/uploads\/2018\/10\/jane-austen-150x150.jpg 150w, https:\/\/www.taller-palabras.com\/WordPress_04\/wp-content\/uploads\/2018\/10\/jane-austen-324x324.jpg 324w, https:\/\/www.taller-palabras.com\/WordPress_04\/wp-content\/uploads\/2018\/10\/jane-austen-100x100.jpg 100w\" sizes=\"auto, (max-width: 150px) 100vw, 150px\" \/><figcaption id=\"caption-attachment-277\" class=\"wp-caption-text\">Autora Jane Austen<\/figcaption><\/figure>\n<p>Fanny Price es a\u00fan una ni\u00f1a cuando sus t\u00edos la acogen en su mansi\u00f3n de Mansfield Park, rescat\u00e1ndola de una vida de estrecheces y necesidades. All\u00ed, ante su mirada amedrentada, desfilar\u00e1 un mundo de ocio y refinamiento en que las inocentes diversiones alimentar\u00e1n maquinaciones y estrategias de seducci\u00f3n. Ese mundo oculta una verdad peligrosa, y s\u00f3lo Fanny, desde su sumiso silencio, ser\u00e1 capaz de atisbar sus consecuencias y amenazas. La presente edici\u00f3n incluye una detallada cronolog\u00eda de la autora y recupera el pr\u00f3logo original a cargo de Tony Tanner, catedr\u00e1tico de literatura inglesa y norteamericana en la Universidad de Cambridge. Sus reflexiones sobre la obra de Jane Austen contin\u00faan siendo una referencia ineludible para profundizar en el universo literario de esta autora.<\/p>\n","protected":false},"excerpt":{"rendered":"<p>Fanny Price es a\u00fan una ni\u00f1a cuando sus t\u00edos la acogen en su mansi\u00f3n de Mansfield Park, rescat\u00e1ndola de una vida de estrecheces y necesidades. All\u00ed, ante su mirada amedrentada, desfilar\u00e1 un mundo de ocio y refinamiento en que las inocentes diversiones alimentar\u00e1n maquinaciones y estrategias de seducci\u00f3n. Ese mundo oculta una verdad peligrosa, y [&hellip;]<\/p>\n","protected":false},"featured_media":7568,"template":"","meta":[],"product_brand":[],"product_cat":[25],"product_tag":[54,92,1111,55],"class_list":{"0":"post-7563","1":"product","2":"type-product","3":"status-publish","4":"has-post-thumbnail","6":"product_cat-libros-digitales-ebooks","7":"product_tag-descargar-ebook","8":"product_tag-jane-austen","9":"product_tag-mansfield-park","10":"product_tag-novelas","12":"first","13":"instock","14":"shipping-taxable","15":"purchasable","16":"product-type-variable","17":"has-default-attributes"},"_links":{"self":[{"href":"https:\/\/www.taller-palabras.com\/WordPress_04\/wp-json\/wp\/v2\/product\/7563","targetHints":{"allow":["GET"]}}],"collection":[{"href":"https:\/\/www.taller-palabras.com\/WordPress_04\/wp-json\/wp\/v2\/product"}],"about":[{"href":"https:\/\/www.taller-palabras.com\/WordPress_04\/wp-json\/wp\/v2\/types\/product"}],"wp:featuredmedia":[{"embeddable":true,"href":"https:\/\/www.taller-palabras.com\/WordPress_04\/wp-json\/wp\/v2\/media\/7568"}],"wp:attachment":[{"href":"https:\/\/www.taller-palabras.com\/WordPress_04\/wp-json\/wp\/v2\/media?parent=7563"}],"wp:term":[{"taxonomy":"product_brand","embeddable":true,"href":"https:\/\/www.taller-palabras.com\/WordPress_04\/wp-json\/wp\/v2\/product_brand?post=7563"},{"taxonomy":"product_cat","embeddable":true,"href":"https:\/\/www.taller-palabras.com\/WordPress_04\/wp-json\/wp\/v2\/product_cat?post=7563"},{"taxonomy":"product_tag","embeddable":true,"href":"https:\/\/www.taller-palabras.com\/WordPress_04\/wp-json\/wp\/v2\/product_tag?post=7563"}],"curies":[{"name":"wp","href":"https:\/\/api.w.org\/{rel}","templated":true}]}}