{"id":762,"date":"2019-12-15T11:46:42","date_gmt":"2019-12-15T14:46:42","guid":{"rendered":"https:\/\/www.taller-palabras.com\/WordPress_04\/?post_type=product&#038;p=762"},"modified":"2023-10-14T10:43:21","modified_gmt":"2023-10-14T13:43:21","slug":"la-amigdalitis-de-tarzan-alfredo-bryce-echenique-ebook","status":"publish","type":"product","link":"https:\/\/www.taller-palabras.com\/WordPress_04\/producto\/la-amigdalitis-de-tarzan-alfredo-bryce-echenique-ebook","title":{"rendered":"La amigdalitis de Tarzan &#8211; Alfredo Bryce Echenique  \/ebook"},"content":{"rendered":"<figure id=\"attachment_766\" aria-describedby=\"caption-attachment-766\" style=\"width: 150px\" class=\"wp-caption alignleft\"><img loading=\"lazy\" decoding=\"async\" class=\"wp-image-766 size-thumbnail\" src=\"https:\/\/www.taller-palabras.com\/WordPress_04\/wp-content\/uploads\/2019\/12\/echenique-150x150.jpg\" alt=\"\" width=\"150\" height=\"150\" srcset=\"https:\/\/www.taller-palabras.com\/WordPress_04\/wp-content\/uploads\/2019\/12\/echenique-150x150.jpg 150w, https:\/\/www.taller-palabras.com\/WordPress_04\/wp-content\/uploads\/2019\/12\/echenique-324x324.jpg 324w, https:\/\/www.taller-palabras.com\/WordPress_04\/wp-content\/uploads\/2019\/12\/echenique-100x100.jpg 100w\" sizes=\"auto, (max-width: 150px) 100vw, 150px\" \/><figcaption id=\"caption-attachment-766\" class=\"wp-caption-text\">Autor Alfredo Bryce Echenique<\/figcaption><\/figure>\n<p>Una historia de amor en la que los dos protagonistas recorren no s\u00f3lo el mundo de los sentimientos, sino el propio mundo iberoamericano. Juan Manuel Carpio, cantautor peruano probando suerte en Par\u00eds y Mar\u00eda de la Trinidad del Monte Montes, joven arist\u00f3crata salvadore\u00f1a, narran la historia de su relaci\u00f3n a trav\u00e9s de cartas en La amigdalitis de Tarz\u00e1n. Ella fracasar\u00e1 en su intento de llevar una vida plena en el matrimonio con un fot\u00f3grafo chileno. \u00c9l tendr\u00e1 aspavientos internacionales a trav\u00e9s de sus canciones. Pero ninguno imaginar\u00e1 lo indispensable que se tornar\u00e1 para cada cual la lectura del cari\u00f1o del otro en las misivas, las cartas, que protagonizan La amigdalitis de Tarz\u00e1n. Asistimos as\u00ed al desarrollo de una narraci\u00f3n suelta y contada con un ritmo acelerado \u2014pues las cartas se insertan dentro de la narraci\u00f3n, no la detienen\u2014 y que desemboca en las conclusiones que enunciaban sus propias premisas. Conclusiones sin conclusi\u00f3n: el disparate existencial va a continuar.<\/p>\n","protected":false},"excerpt":{"rendered":"<p>Una historia de amor en la que los dos protagonistas recorren no s\u00f3lo el mundo de los sentimientos, sino el propio mundo iberoamericano. Juan Manuel Carpio, cantautor peruano probando suerte en Par\u00eds y Mar\u00eda de la Trinidad del Monte Montes, joven arist\u00f3crata salvadore\u00f1a, narran la historia de su relaci\u00f3n a trav\u00e9s de cartas en La [&hellip;]<\/p>\n","protected":false},"featured_media":767,"template":"","meta":[],"product_brand":[],"product_cat":[25],"product_tag":[180,136,179,55],"class_list":{"0":"post-762","1":"product","2":"type-product","3":"status-publish","4":"has-post-thumbnail","6":"product_cat-libros-digitales-ebooks","7":"product_tag-alfredo-bryce-echenique","8":"product_tag-decargar-ebook","9":"product_tag-la-amigdalitis-de-tarzan","10":"product_tag-novelas","12":"first","13":"instock","14":"shipping-taxable","15":"purchasable","16":"product-type-variable","17":"has-default-attributes"},"_links":{"self":[{"href":"https:\/\/www.taller-palabras.com\/WordPress_04\/wp-json\/wp\/v2\/product\/762","targetHints":{"allow":["GET"]}}],"collection":[{"href":"https:\/\/www.taller-palabras.com\/WordPress_04\/wp-json\/wp\/v2\/product"}],"about":[{"href":"https:\/\/www.taller-palabras.com\/WordPress_04\/wp-json\/wp\/v2\/types\/product"}],"wp:featuredmedia":[{"embeddable":true,"href":"https:\/\/www.taller-palabras.com\/WordPress_04\/wp-json\/wp\/v2\/media\/767"}],"wp:attachment":[{"href":"https:\/\/www.taller-palabras.com\/WordPress_04\/wp-json\/wp\/v2\/media?parent=762"}],"wp:term":[{"taxonomy":"product_brand","embeddable":true,"href":"https:\/\/www.taller-palabras.com\/WordPress_04\/wp-json\/wp\/v2\/product_brand?post=762"},{"taxonomy":"product_cat","embeddable":true,"href":"https:\/\/www.taller-palabras.com\/WordPress_04\/wp-json\/wp\/v2\/product_cat?post=762"},{"taxonomy":"product_tag","embeddable":true,"href":"https:\/\/www.taller-palabras.com\/WordPress_04\/wp-json\/wp\/v2\/product_tag?post=762"}],"curies":[{"name":"wp","href":"https:\/\/api.w.org\/{rel}","templated":true}]}}