{"id":7637,"date":"2023-09-02T15:00:47","date_gmt":"2023-09-02T18:00:47","guid":{"rendered":"https:\/\/www.taller-palabras.com\/WordPress_04\/?post_type=product&#038;p=7637"},"modified":"2025-02-15T13:12:10","modified_gmt":"2025-02-15T16:12:10","slug":"los-hijos-de-la-libertad-marc-levy-ebook","status":"publish","type":"product","link":"https:\/\/www.taller-palabras.com\/WordPress_04\/producto\/los-hijos-de-la-libertad-marc-levy-ebook","title":{"rendered":"Los hijos de la libertad &#8211; Marc Levy \/ebook"},"content":{"rendered":"<figure id=\"attachment_7647\" aria-describedby=\"caption-attachment-7647\" style=\"width: 150px\" class=\"wp-caption alignleft\"><img loading=\"lazy\" decoding=\"async\" class=\"wp-image-7647 size-thumbnail\" src=\"https:\/\/www.taller-palabras.com\/WordPress_04\/wp-content\/uploads\/2023\/09\/Marc_Levi-150x150.jpg\" alt=\"\" width=\"150\" height=\"150\" srcset=\"https:\/\/www.taller-palabras.com\/WordPress_04\/wp-content\/uploads\/2023\/09\/Marc_Levi-150x150.jpg 150w, https:\/\/www.taller-palabras.com\/WordPress_04\/wp-content\/uploads\/2023\/09\/Marc_Levi-100x100.jpg 100w, https:\/\/www.taller-palabras.com\/WordPress_04\/wp-content\/uploads\/2023\/09\/Marc_Levi.jpg 283w\" sizes=\"auto, (max-width: 150px) 100vw, 150px\" \/><figcaption id=\"caption-attachment-7647\" class=\"wp-caption-text\">Autor Marc Levy<\/figcaption><\/figure>\n<p>En la Francia ocupada por los nazis, dos hermanos adolescentes de origen jud\u00edo, Raymond y Claude, se unen a la Resistencia en la 35.\u00aa brigada de Toulouse. La clandestinidad, el hambre, las ejecuciones y los actos de sabotaje pasar\u00e1n a formar parte de sus vidas cotidianas, pero tambi\u00e9n conocer\u00e1n la solidaridad, la amistad y el amor, adem\u00e1s del valor supremo de la libertad. Mientras esperan la llegada de los aliados, Raymond y sus compa\u00f1eros cruzar\u00e1n Europa a bordo de un tren de deportados a los campos de concentraci\u00f3n. Una novela conmovedora, basada en la historia real del padre y del t\u00edo del autor, que nos ayuda a comprender nuestra historia reciente. Dura a la vez que tierna, emocionante hasta el final, resulta dif\u00edcil de olvidar.<\/p>\n","protected":false},"excerpt":{"rendered":"<p>En la Francia ocupada por los nazis, dos hermanos adolescentes de origen jud\u00edo, Raymond y Claude, se unen a la Resistencia en la 35.\u00aa brigada de Toulouse. La clandestinidad, el hambre, las ejecuciones y los actos de sabotaje pasar\u00e1n a formar parte de sus vidas cotidianas, pero tambi\u00e9n conocer\u00e1n la solidaridad, la amistad y el [&hellip;]<\/p>\n","protected":false},"featured_media":7640,"template":"","meta":[],"product_brand":[],"product_cat":[25],"product_tag":[54,1124,1123,43],"class_list":{"0":"post-7637","1":"product","2":"type-product","3":"status-publish","4":"has-post-thumbnail","6":"product_cat-libros-digitales-ebooks","7":"product_tag-descargar-ebook","8":"product_tag-los-hijos-de-la-libertad","9":"product_tag-marc-levy","10":"product_tag-novelas-romanticas","12":"first","13":"instock","14":"shipping-taxable","15":"purchasable","16":"product-type-variable","17":"has-default-attributes"},"_links":{"self":[{"href":"https:\/\/www.taller-palabras.com\/WordPress_04\/wp-json\/wp\/v2\/product\/7637","targetHints":{"allow":["GET"]}}],"collection":[{"href":"https:\/\/www.taller-palabras.com\/WordPress_04\/wp-json\/wp\/v2\/product"}],"about":[{"href":"https:\/\/www.taller-palabras.com\/WordPress_04\/wp-json\/wp\/v2\/types\/product"}],"wp:featuredmedia":[{"embeddable":true,"href":"https:\/\/www.taller-palabras.com\/WordPress_04\/wp-json\/wp\/v2\/media\/7640"}],"wp:attachment":[{"href":"https:\/\/www.taller-palabras.com\/WordPress_04\/wp-json\/wp\/v2\/media?parent=7637"}],"wp:term":[{"taxonomy":"product_brand","embeddable":true,"href":"https:\/\/www.taller-palabras.com\/WordPress_04\/wp-json\/wp\/v2\/product_brand?post=7637"},{"taxonomy":"product_cat","embeddable":true,"href":"https:\/\/www.taller-palabras.com\/WordPress_04\/wp-json\/wp\/v2\/product_cat?post=7637"},{"taxonomy":"product_tag","embeddable":true,"href":"https:\/\/www.taller-palabras.com\/WordPress_04\/wp-json\/wp\/v2\/product_tag?post=7637"}],"curies":[{"name":"wp","href":"https:\/\/api.w.org\/{rel}","templated":true}]}}