{"id":7642,"date":"2018-10-08T12:42:58","date_gmt":"2018-10-08T15:42:58","guid":{"rendered":"https:\/\/www.taller-palabras.com\/WordPress_04\/?post_type=product&#038;p=7642"},"modified":"2023-09-23T12:39:09","modified_gmt":"2023-09-23T15:39:09","slug":"saga-la-vuelta-del-ranquel-2-florencia-bonelli-ebook","status":"publish","type":"product","link":"https:\/\/www.taller-palabras.com\/WordPress_04\/producto\/saga-la-vuelta-del-ranquel-2-florencia-bonelli-ebook","title":{"rendered":"Saga: La vuelta del ranquel (2) &#8211; Florencia Bonelli \/ebook"},"content":{"rendered":"<figure id=\"attachment_133\" aria-describedby=\"caption-attachment-133\" style=\"width: 150px\" class=\"wp-caption alignleft\"><img loading=\"lazy\" decoding=\"async\" class=\"wp-image-133 size-thumbnail\" src=\"https:\/\/www.taller-palabras.com\/WordPress_04\/wp-content\/uploads\/2018\/10\/florencia-bonelli-150x150.jpg\" alt=\"\" width=\"150\" height=\"150\" srcset=\"https:\/\/www.taller-palabras.com\/WordPress_04\/wp-content\/uploads\/2018\/10\/florencia-bonelli-150x150.jpg 150w, https:\/\/www.taller-palabras.com\/WordPress_04\/wp-content\/uploads\/2018\/10\/florencia-bonelli-324x324.jpg 324w, https:\/\/www.taller-palabras.com\/WordPress_04\/wp-content\/uploads\/2018\/10\/florencia-bonelli-100x100.jpg 100w\" sizes=\"auto, (max-width: 150px) 100vw, 150px\" \/><figcaption id=\"caption-attachment-133\" class=\"wp-caption-text\">Autora Florencia Bonelli<\/figcaption><\/figure>\n<p>En 1879, Buenos Aires vive su hora m\u00e1s convulsionada. Roca prepara la campa\u00f1a al desierto con vistas a postularse como presidente de la Naci\u00f3n. Laura Escalante, mujer destacada de la vida cultural y pol\u00edtica de su ciudad, nunca ha olvidado al indio Nahueltruz Guor, convertido en el exc\u00e9ntrico Lorenzo Dionisio Rosas, vuelve a su tierra despu\u00e9s de seis a\u00f1os para vengarse de quien lo traicion\u00f3 y le rompi\u00f3 el coraz\u00f3n. El encuentro los trastornar\u00e1 a los dos. Nunca volver\u00e1n a ser los mismos.<\/p>\n","protected":false},"excerpt":{"rendered":"<p>En 1879, Buenos Aires vive su hora m\u00e1s convulsionada. Roca prepara la campa\u00f1a al desierto con vistas a postularse como presidente de la Naci\u00f3n. Laura Escalante, mujer destacada de la vida cultural y pol\u00edtica de su ciudad, nunca ha olvidado al indio Nahueltruz Guor, convertido en el exc\u00e9ntrico Lorenzo Dionisio Rosas, vuelve a su tierra [&hellip;]<\/p>\n","protected":false},"featured_media":7648,"template":"","meta":[],"product_brand":[],"product_cat":[47],"product_tag":[54,60,1125,43],"class_list":{"0":"post-7642","1":"product","2":"type-product","3":"status-publish","4":"has-post-thumbnail","6":"product_cat-libros-digitales-sagas","7":"product_tag-descargar-ebook","8":"product_tag-florencia-bonelli","9":"product_tag-la-vuelta-del-ranquel","10":"product_tag-novelas-romanticas","12":"first","13":"instock","14":"shipping-taxable","15":"purchasable","16":"product-type-variable","17":"has-default-attributes"},"_links":{"self":[{"href":"https:\/\/www.taller-palabras.com\/WordPress_04\/wp-json\/wp\/v2\/product\/7642","targetHints":{"allow":["GET"]}}],"collection":[{"href":"https:\/\/www.taller-palabras.com\/WordPress_04\/wp-json\/wp\/v2\/product"}],"about":[{"href":"https:\/\/www.taller-palabras.com\/WordPress_04\/wp-json\/wp\/v2\/types\/product"}],"wp:featuredmedia":[{"embeddable":true,"href":"https:\/\/www.taller-palabras.com\/WordPress_04\/wp-json\/wp\/v2\/media\/7648"}],"wp:attachment":[{"href":"https:\/\/www.taller-palabras.com\/WordPress_04\/wp-json\/wp\/v2\/media?parent=7642"}],"wp:term":[{"taxonomy":"product_brand","embeddable":true,"href":"https:\/\/www.taller-palabras.com\/WordPress_04\/wp-json\/wp\/v2\/product_brand?post=7642"},{"taxonomy":"product_cat","embeddable":true,"href":"https:\/\/www.taller-palabras.com\/WordPress_04\/wp-json\/wp\/v2\/product_cat?post=7642"},{"taxonomy":"product_tag","embeddable":true,"href":"https:\/\/www.taller-palabras.com\/WordPress_04\/wp-json\/wp\/v2\/product_tag?post=7642"}],"curies":[{"name":"wp","href":"https:\/\/api.w.org\/{rel}","templated":true}]}}