{"id":7662,"date":"2018-10-08T12:45:56","date_gmt":"2018-10-08T15:45:56","guid":{"rendered":"https:\/\/www.taller-palabras.com\/WordPress_04\/?post_type=product&#038;p=7662"},"modified":"2023-09-23T12:46:15","modified_gmt":"2023-09-23T15:46:15","slug":"saga-indias-blancas-1-florencia-bonelli-ebook","status":"publish","type":"product","link":"https:\/\/www.taller-palabras.com\/WordPress_04\/producto\/saga-indias-blancas-1-florencia-bonelli-ebook","title":{"rendered":"Saga: Indias blancas (1) &#8211; Florencia Bonelli \/ebook"},"content":{"rendered":"<figure id=\"attachment_133\" aria-describedby=\"caption-attachment-133\" style=\"width: 150px\" class=\"wp-caption alignleft\"><img loading=\"lazy\" decoding=\"async\" class=\"wp-image-133 size-thumbnail\" src=\"https:\/\/www.taller-palabras.com\/WordPress_04\/wp-content\/uploads\/2018\/10\/florencia-bonelli-150x150.jpg\" alt=\"\" width=\"150\" height=\"150\" srcset=\"https:\/\/www.taller-palabras.com\/WordPress_04\/wp-content\/uploads\/2018\/10\/florencia-bonelli-150x150.jpg 150w, https:\/\/www.taller-palabras.com\/WordPress_04\/wp-content\/uploads\/2018\/10\/florencia-bonelli-324x324.jpg 324w, https:\/\/www.taller-palabras.com\/WordPress_04\/wp-content\/uploads\/2018\/10\/florencia-bonelli-100x100.jpg 100w\" sizes=\"auto, (max-width: 150px) 100vw, 150px\" \/><figcaption id=\"caption-attachment-133\" class=\"wp-caption-text\">Autora Florencia Bonelli<\/figcaption><\/figure>\n<p>Corre el a\u00f1o 1873 y la sociedad porte\u00f1a se consolida alrededor de las familias con apellidos ilustres. Laura Escalante, hija de un general de la Naci\u00f3n, es una bell\u00edsima joven con ideas claras y fuertes convicciones. Cuando viaja a C\u00f3rdoba para atender a su hermano enfermo, conoce al indio ranquel Nahueltruz Guor y su vida cambia para siempre. Un amor irrefrenable, enfrentado a todos y a todo, incluso a ellos mismos, los hace transitar a\u00f1os dolorosos, llenos de aventuras, desencuentros y acci\u00f3n, en el marco de la \u00e9pica lucha entre indios y blancos que ha definido nuestro pa\u00eds desde entonces. Florencia Bonelli, con maestr\u00eda narrativa y un profundo conocimiento de la historia argentina, ofrece en Indias blancas un relato de amor apasionado, donde indios, blancos y mujeres cautivas entretejen una trama que perdura para siempre en la mente del lector.<\/p>\n","protected":false},"excerpt":{"rendered":"<p>Corre el a\u00f1o 1873 y la sociedad porte\u00f1a se consolida alrededor de las familias con apellidos ilustres. Laura Escalante, hija de un general de la Naci\u00f3n, es una bell\u00edsima joven con ideas claras y fuertes convicciones. Cuando viaja a C\u00f3rdoba para atender a su hermano enfermo, conoce al indio ranquel Nahueltruz Guor y su vida [&hellip;]<\/p>\n","protected":false},"featured_media":7654,"template":"","meta":[],"product_brand":[],"product_cat":[47],"product_tag":[54,60,1126,43],"class_list":{"0":"post-7662","1":"product","2":"type-product","3":"status-publish","4":"has-post-thumbnail","6":"product_cat-libros-digitales-sagas","7":"product_tag-descargar-ebook","8":"product_tag-florencia-bonelli","9":"product_tag-indias-blancas","10":"product_tag-novelas-romanticas","12":"first","13":"instock","14":"shipping-taxable","15":"purchasable","16":"product-type-variable","17":"has-default-attributes"},"_links":{"self":[{"href":"https:\/\/www.taller-palabras.com\/WordPress_04\/wp-json\/wp\/v2\/product\/7662","targetHints":{"allow":["GET"]}}],"collection":[{"href":"https:\/\/www.taller-palabras.com\/WordPress_04\/wp-json\/wp\/v2\/product"}],"about":[{"href":"https:\/\/www.taller-palabras.com\/WordPress_04\/wp-json\/wp\/v2\/types\/product"}],"wp:featuredmedia":[{"embeddable":true,"href":"https:\/\/www.taller-palabras.com\/WordPress_04\/wp-json\/wp\/v2\/media\/7654"}],"wp:attachment":[{"href":"https:\/\/www.taller-palabras.com\/WordPress_04\/wp-json\/wp\/v2\/media?parent=7662"}],"wp:term":[{"taxonomy":"product_brand","embeddable":true,"href":"https:\/\/www.taller-palabras.com\/WordPress_04\/wp-json\/wp\/v2\/product_brand?post=7662"},{"taxonomy":"product_cat","embeddable":true,"href":"https:\/\/www.taller-palabras.com\/WordPress_04\/wp-json\/wp\/v2\/product_cat?post=7662"},{"taxonomy":"product_tag","embeddable":true,"href":"https:\/\/www.taller-palabras.com\/WordPress_04\/wp-json\/wp\/v2\/product_tag?post=7662"}],"curies":[{"name":"wp","href":"https:\/\/api.w.org\/{rel}","templated":true}]}}