{"id":7687,"date":"2023-08-02T13:26:55","date_gmt":"2023-08-02T16:26:55","guid":{"rendered":"https:\/\/www.taller-palabras.com\/WordPress_04\/?post_type=product&#038;p=7687"},"modified":"2025-02-10T11:33:40","modified_gmt":"2025-02-10T14:33:40","slug":"los-hermanos-zemganno-edmond-de-goncourt-ebook","status":"publish","type":"product","link":"https:\/\/www.taller-palabras.com\/WordPress_04\/producto\/los-hermanos-zemganno-edmond-de-goncourt-ebook","title":{"rendered":"Los hermanos Zemganno &#8211; Edmond de Goncourt \/ebook"},"content":{"rendered":"<figure id=\"attachment_7690\" aria-describedby=\"caption-attachment-7690\" style=\"width: 150px\" class=\"wp-caption alignleft\"><img loading=\"lazy\" decoding=\"async\" class=\"wp-image-7690 size-thumbnail\" src=\"https:\/\/www.taller-palabras.com\/WordPress_04\/wp-content\/uploads\/2023\/09\/Edmond-Goncourt-150x150.jpg\" alt=\"\" width=\"150\" height=\"150\" srcset=\"https:\/\/www.taller-palabras.com\/WordPress_04\/wp-content\/uploads\/2023\/09\/Edmond-Goncourt-150x150.jpg 150w, https:\/\/www.taller-palabras.com\/WordPress_04\/wp-content\/uploads\/2023\/09\/Edmond-Goncourt-300x300.jpg 300w, https:\/\/www.taller-palabras.com\/WordPress_04\/wp-content\/uploads\/2023\/09\/Edmond-Goncourt-324x324.jpg 324w, https:\/\/www.taller-palabras.com\/WordPress_04\/wp-content\/uploads\/2023\/09\/Edmond-Goncourt-100x100.jpg 100w, https:\/\/www.taller-palabras.com\/WordPress_04\/wp-content\/uploads\/2023\/09\/Edmond-Goncourt.jpg 350w\" sizes=\"auto, (max-width: 150px) 100vw, 150px\" \/><figcaption id=\"caption-attachment-7690\" class=\"wp-caption-text\">Autor Edmond de Goncourt<\/figcaption><\/figure>\n<p>Publicado en 1879, Los hermanos Zemganno es la historia de un sue\u00f1o relatada a trav\u00e9s de la vida de dos acr\u00f3batas, Juan (Gianni) y Nelo, dos hermanos que a pesar de la diferencia de edad est\u00e1n unidos por un amor y afecto fraternal. Cuando mueren sus padres Juan decide vender el circo. Despu\u00e9s de una gira por Gran Breta\u00f1a viajan al prestigioso Circo de Par\u00eds donde logran un gran \u00e9xito al perfeccionar su arte intentando n\u00fameros arriesgados a los que nadie se atreve. Llegan a obsesionarse hasta que la tragedia sobreviene, pero gracias al afecto que los une lograr\u00e1n sobreponerse. Los hermanos Zemganno, marc\u00f3 el regreso a la novela de Edmond de Goncourt, despu\u00e9s de nueve a\u00f1os de inactividad tras la muerte de su hermano Jules, es una de sus obras m\u00e1s exitosas y autobiogr\u00e1fica, un relato lleno de peque\u00f1os hechos verdaderos, frutos del recuerdo; numerosas an\u00e9cdotas vividas y varios rasgos del car\u00e1cter de los Goncourt est\u00e1n presentes. Esta novela es una minuciosa investigaci\u00f3n sobre el circo franc\u00e9s de la \u00e9poca, ya que bajo su apariencia fantasiosa, la obra es en realidad el estudio de un medio determinado. Edmond se inform\u00f3 con precisi\u00f3n, leyendo obras t\u00e9cnicas, tratados sobre saltos y biograf\u00edas de acr\u00f3batas, interrog\u00f3 a varios especialistas, directores de circos, antiguos artistas y tom\u00f3 multitud de notas in situ; de esta manera obtuvo detalles que hacen de la novela una aut\u00e9ntica realidad de la \u00e9poca.<\/p>\n<p>&nbsp;<\/p>\n","protected":false},"excerpt":{"rendered":"<p>Publicado en 1879, Los hermanos Zemganno es la historia de un sue\u00f1o relatada a trav\u00e9s de la vida de dos acr\u00f3batas, Juan (Gianni) y Nelo, dos hermanos que a pesar de la diferencia de edad est\u00e1n unidos por un amor y afecto fraternal. Cuando mueren sus padres Juan decide vender el circo. Despu\u00e9s de una [&hellip;]<\/p>\n","protected":false},"featured_media":7692,"template":"","meta":[],"product_brand":[],"product_cat":[25],"product_tag":[54,1133,1134,45],"class_list":{"0":"post-7687","1":"product","2":"type-product","3":"status-publish","4":"has-post-thumbnail","6":"product_cat-libros-digitales-ebooks","7":"product_tag-descargar-ebook","8":"product_tag-edmond-de-goncourt","9":"product_tag-los-hermanos-zemganno","10":"product_tag-mejor-novela","12":"first","13":"instock","14":"shipping-taxable","15":"purchasable","16":"product-type-variable","17":"has-default-attributes"},"_links":{"self":[{"href":"https:\/\/www.taller-palabras.com\/WordPress_04\/wp-json\/wp\/v2\/product\/7687","targetHints":{"allow":["GET"]}}],"collection":[{"href":"https:\/\/www.taller-palabras.com\/WordPress_04\/wp-json\/wp\/v2\/product"}],"about":[{"href":"https:\/\/www.taller-palabras.com\/WordPress_04\/wp-json\/wp\/v2\/types\/product"}],"wp:featuredmedia":[{"embeddable":true,"href":"https:\/\/www.taller-palabras.com\/WordPress_04\/wp-json\/wp\/v2\/media\/7692"}],"wp:attachment":[{"href":"https:\/\/www.taller-palabras.com\/WordPress_04\/wp-json\/wp\/v2\/media?parent=7687"}],"wp:term":[{"taxonomy":"product_brand","embeddable":true,"href":"https:\/\/www.taller-palabras.com\/WordPress_04\/wp-json\/wp\/v2\/product_brand?post=7687"},{"taxonomy":"product_cat","embeddable":true,"href":"https:\/\/www.taller-palabras.com\/WordPress_04\/wp-json\/wp\/v2\/product_cat?post=7687"},{"taxonomy":"product_tag","embeddable":true,"href":"https:\/\/www.taller-palabras.com\/WordPress_04\/wp-json\/wp\/v2\/product_tag?post=7687"}],"curies":[{"name":"wp","href":"https:\/\/api.w.org\/{rel}","templated":true}]}}