{"id":7698,"date":"2023-08-02T13:27:52","date_gmt":"2023-08-02T16:27:52","guid":{"rendered":"https:\/\/www.taller-palabras.com\/WordPress_04\/?post_type=product&#038;p=7698"},"modified":"2025-02-10T12:13:52","modified_gmt":"2025-02-10T15:13:52","slug":"historia-de-maria-antonieta-edmond-y-jules-de-goncourt-ebook","status":"publish","type":"product","link":"https:\/\/www.taller-palabras.com\/WordPress_04\/producto\/historia-de-maria-antonieta-edmond-y-jules-de-goncourt-ebook","title":{"rendered":"Historia de Maria Antonieta &#8211; Edmond y Jules de Goncourt \/ebook"},"content":{"rendered":"<figure id=\"attachment_7691\" aria-describedby=\"caption-attachment-7691\" style=\"width: 150px\" class=\"wp-caption alignleft\"><img loading=\"lazy\" decoding=\"async\" class=\"wp-image-7691 size-thumbnail\" src=\"https:\/\/www.taller-palabras.com\/WordPress_04\/wp-content\/uploads\/2023\/09\/hermanos-goncourt-150x150.jpg\" alt=\"\" width=\"150\" height=\"150\" srcset=\"https:\/\/www.taller-palabras.com\/WordPress_04\/wp-content\/uploads\/2023\/09\/hermanos-goncourt-150x150.jpg 150w, https:\/\/www.taller-palabras.com\/WordPress_04\/wp-content\/uploads\/2023\/09\/hermanos-goncourt-100x100.jpg 100w\" sizes=\"auto, (max-width: 150px) 100vw, 150px\" \/><figcaption id=\"caption-attachment-7691\" class=\"wp-caption-text\">Autores Edmond y Jules de Goncourt<\/figcaption><\/figure>\n<p>Los hermanos Goncourt trazan un retrato de la joven y la mujer que fueron, en distintas etapas de su breve historia, Mar\u00eda Antonieta, Archiduquesa de Austria y reina de Francia, la \u00faltima que habit\u00f3 el fastuoso palacio de Versalles. La posici\u00f3n de los autores es favorable a la figura retratada y aportan para ello una base documental basada en cartas personales, adem\u00e1s de la historiograf\u00eda convencional, que sesga los datos seg\u00fan los investigadores sean mon\u00e1rquicos o republicanos. La verdad hist\u00f3rica al cien por cien nadie la podr\u00e1 conocer, pero si una aproximaci\u00f3n a ella, desde diferentes puntos de vista, los suficientes como para que el lector interesado se haga una composici\u00f3n de lugar e, indagando en otras fuentes, se acerque con cierta fidelidad a una figura al principio ensalzada, luego denostada, para finalmente ser el objeto de los m\u00e1s desatados odios e iras, la mayor parte impostados por una demagogia que hizo erupci\u00f3n, como un estallido volc\u00e1nico, en los vertiginosos tiempos de la Revoluci\u00f3n Francesa, esa convulsi\u00f3n que cambi\u00f3 la historia de la humanidad para siempre y de cuyas luces y sombras son herederas las democracias de nuestro tiempo, que a\u00fan manejan conceptos como \u00abizquierdas\u00bb y \u00abderechas\u00bb, nacidos arbitrariamente en esa \u00e9poca.<\/p>\n<p>&nbsp;<\/p>\n","protected":false},"excerpt":{"rendered":"<p>Los hermanos Goncourt trazan un retrato de la joven y la mujer que fueron, en distintas etapas de su breve historia, Mar\u00eda Antonieta, Archiduquesa de Austria y reina de Francia, la \u00faltima que habit\u00f3 el fastuoso palacio de Versalles. La posici\u00f3n de los autores es favorable a la figura retratada y aportan para ello una [&hellip;]<\/p>\n","protected":false},"featured_media":7693,"template":"","meta":[],"product_brand":[],"product_cat":[25],"product_tag":[54,1136,1135,45],"class_list":{"0":"post-7698","1":"product","2":"type-product","3":"status-publish","4":"has-post-thumbnail","6":"product_cat-libros-digitales-ebooks","7":"product_tag-descargar-ebook","8":"product_tag-goncourt","9":"product_tag-historia-de-maria-antonieta","10":"product_tag-mejor-novela","12":"first","13":"instock","14":"shipping-taxable","15":"purchasable","16":"product-type-variable","17":"has-default-attributes"},"_links":{"self":[{"href":"https:\/\/www.taller-palabras.com\/WordPress_04\/wp-json\/wp\/v2\/product\/7698","targetHints":{"allow":["GET"]}}],"collection":[{"href":"https:\/\/www.taller-palabras.com\/WordPress_04\/wp-json\/wp\/v2\/product"}],"about":[{"href":"https:\/\/www.taller-palabras.com\/WordPress_04\/wp-json\/wp\/v2\/types\/product"}],"wp:featuredmedia":[{"embeddable":true,"href":"https:\/\/www.taller-palabras.com\/WordPress_04\/wp-json\/wp\/v2\/media\/7693"}],"wp:attachment":[{"href":"https:\/\/www.taller-palabras.com\/WordPress_04\/wp-json\/wp\/v2\/media?parent=7698"}],"wp:term":[{"taxonomy":"product_brand","embeddable":true,"href":"https:\/\/www.taller-palabras.com\/WordPress_04\/wp-json\/wp\/v2\/product_brand?post=7698"},{"taxonomy":"product_cat","embeddable":true,"href":"https:\/\/www.taller-palabras.com\/WordPress_04\/wp-json\/wp\/v2\/product_cat?post=7698"},{"taxonomy":"product_tag","embeddable":true,"href":"https:\/\/www.taller-palabras.com\/WordPress_04\/wp-json\/wp\/v2\/product_tag?post=7698"}],"curies":[{"name":"wp","href":"https:\/\/api.w.org\/{rel}","templated":true}]}}