{"id":7708,"date":"2023-09-16T11:24:39","date_gmt":"2023-09-16T14:24:39","guid":{"rendered":"https:\/\/www.taller-palabras.com\/WordPress_04\/?post_type=product&#038;p=7708"},"modified":"2025-02-24T13:06:35","modified_gmt":"2025-02-24T16:06:35","slug":"absolutamente-unica-elena-garcia-ebook","status":"publish","type":"product","link":"https:\/\/www.taller-palabras.com\/WordPress_04\/producto\/absolutamente-unica-elena-garcia-ebook","title":{"rendered":"Absolutamente \u00fanica &#8211; Elena Garc\u00eda \/ebook"},"content":{"rendered":"<figure id=\"attachment_7714\" aria-describedby=\"caption-attachment-7714\" style=\"width: 150px\" class=\"wp-caption alignleft\"><img loading=\"lazy\" decoding=\"async\" class=\"wp-image-7714 size-thumbnail\" src=\"https:\/\/www.taller-palabras.com\/WordPress_04\/wp-content\/uploads\/2023\/09\/Elena-Garcia-150x150.jpg\" alt=\"\" width=\"150\" height=\"150\" srcset=\"https:\/\/www.taller-palabras.com\/WordPress_04\/wp-content\/uploads\/2023\/09\/Elena-Garcia-150x150.jpg 150w, https:\/\/www.taller-palabras.com\/WordPress_04\/wp-content\/uploads\/2023\/09\/Elena-Garcia-100x100.jpg 100w, https:\/\/www.taller-palabras.com\/WordPress_04\/wp-content\/uploads\/2023\/09\/Elena-Garcia.jpg 260w\" sizes=\"auto, (max-width: 150px) 100vw, 150px\" \/><figcaption id=\"caption-attachment-7714\" class=\"wp-caption-text\">Autora Elena Garc\u00eda<\/figcaption><\/figure>\n<p>Vanessa es una chica albina que sufre bullying en la universidad debido a su trastorno gen\u00e9tico. Aunque su mente es brillante, se ha visto obligada a cambiar de centro en varias ocasiones debido al acoso constante que recibe por parte de sus compa\u00f1eros. Todo ello, sumado a las acusaciones de su madre y a la desidia en la que vive, la empujan a una espiral de depresi\u00f3n y descontrol sobre su cuerpo. Tras tomar una dura decisi\u00f3n, convencida de que sus d\u00edas siempre se ver\u00e1n reducidos a las burlas e insultos de los dem\u00e1s, aparece alguien en su vida que le devuelve la confianza y las ganas de vivir.<\/p>\n","protected":false},"excerpt":{"rendered":"<p>Vanessa es una chica albina que sufre bullying en la universidad debido a su trastorno gen\u00e9tico. Aunque su mente es brillante, se ha visto obligada a cambiar de centro en varias ocasiones debido al acoso constante que recibe por parte de sus compa\u00f1eros. Todo ello, sumado a las acusaciones de su madre y a la [&hellip;]<\/p>\n","protected":false},"featured_media":7713,"template":"","meta":[],"product_brand":[],"product_cat":[25],"product_tag":[1139,54,1138,43],"class_list":{"0":"post-7708","1":"product","2":"type-product","3":"status-publish","4":"has-post-thumbnail","6":"product_cat-libros-digitales-ebooks","7":"product_tag-absolutamente-unica","8":"product_tag-descargar-ebook","9":"product_tag-elena-garcia","10":"product_tag-novelas-romanticas","12":"first","13":"instock","14":"shipping-taxable","15":"purchasable","16":"product-type-variable","17":"has-default-attributes"},"_links":{"self":[{"href":"https:\/\/www.taller-palabras.com\/WordPress_04\/wp-json\/wp\/v2\/product\/7708","targetHints":{"allow":["GET"]}}],"collection":[{"href":"https:\/\/www.taller-palabras.com\/WordPress_04\/wp-json\/wp\/v2\/product"}],"about":[{"href":"https:\/\/www.taller-palabras.com\/WordPress_04\/wp-json\/wp\/v2\/types\/product"}],"wp:featuredmedia":[{"embeddable":true,"href":"https:\/\/www.taller-palabras.com\/WordPress_04\/wp-json\/wp\/v2\/media\/7713"}],"wp:attachment":[{"href":"https:\/\/www.taller-palabras.com\/WordPress_04\/wp-json\/wp\/v2\/media?parent=7708"}],"wp:term":[{"taxonomy":"product_brand","embeddable":true,"href":"https:\/\/www.taller-palabras.com\/WordPress_04\/wp-json\/wp\/v2\/product_brand?post=7708"},{"taxonomy":"product_cat","embeddable":true,"href":"https:\/\/www.taller-palabras.com\/WordPress_04\/wp-json\/wp\/v2\/product_cat?post=7708"},{"taxonomy":"product_tag","embeddable":true,"href":"https:\/\/www.taller-palabras.com\/WordPress_04\/wp-json\/wp\/v2\/product_tag?post=7708"}],"curies":[{"name":"wp","href":"https:\/\/api.w.org\/{rel}","templated":true}]}}