{"id":7739,"date":"2023-09-16T13:13:17","date_gmt":"2023-09-16T16:13:17","guid":{"rendered":"https:\/\/www.taller-palabras.com\/WordPress_04\/?post_type=product&#038;p=7739"},"modified":"2025-03-03T12:19:31","modified_gmt":"2025-03-03T15:19:31","slug":"la-voz-dormida-dulce-chacon-ebook","status":"publish","type":"product","link":"https:\/\/www.taller-palabras.com\/WordPress_04\/producto\/la-voz-dormida-dulce-chacon-ebook","title":{"rendered":"La voz dormida &#8211; Dulce Chac\u00f3n \/ebook"},"content":{"rendered":"<figure id=\"attachment_7742\" aria-describedby=\"caption-attachment-7742\" style=\"width: 150px\" class=\"wp-caption alignleft\"><img loading=\"lazy\" decoding=\"async\" class=\"wp-image-7742 size-thumbnail\" src=\"https:\/\/www.taller-palabras.com\/WordPress_04\/wp-content\/uploads\/2023\/09\/Dulce-Chacon-150x150.jpg\" alt=\"\" width=\"150\" height=\"150\" srcset=\"https:\/\/www.taller-palabras.com\/WordPress_04\/wp-content\/uploads\/2023\/09\/Dulce-Chacon-150x150.jpg 150w, https:\/\/www.taller-palabras.com\/WordPress_04\/wp-content\/uploads\/2023\/09\/Dulce-Chacon-100x100.jpg 100w, https:\/\/www.taller-palabras.com\/WordPress_04\/wp-content\/uploads\/2023\/09\/Dulce-Chacon.jpg 294w\" sizes=\"auto, (max-width: 150px) 100vw, 150px\" \/><figcaption id=\"caption-attachment-7742\" class=\"wp-caption-text\">Autora Dulce Chac\u00f3n<\/figcaption><\/figure>\n<p>Un grupo de mujeres, encarceladas en la madrile\u00f1a prisi\u00f3n de Ventas, enarbola la bandera de la dignidad y el coraje como \u00fanica arma posible para enfrentarse a la humillaci\u00f3n, la tortura y la muerte. Pocas novelas podemos calificar como imprescindibles. La voz dormida es una de ellas porque nos ayuda a bucear en el papel que las mujeres jugaron durante unos a\u00f1os decisivos para la historia de Espa\u00f1a. Relegadas al \u00e1mbito dom\u00e9stico, decidieron asumir el protagonismo que la tradici\u00f3n les negaba para luchar por un mundo m\u00e1s justo. Unas en la retaguardia y las m\u00e1s osadas en la vanguardia armada de la guerrilla, donde dejaron la evidencia de su valent\u00eda y sacrificio.<\/p>\n","protected":false},"excerpt":{"rendered":"<p>Un grupo de mujeres, encarceladas en la madrile\u00f1a prisi\u00f3n de Ventas, enarbola la bandera de la dignidad y el coraje como \u00fanica arma posible para enfrentarse a la humillaci\u00f3n, la tortura y la muerte. Pocas novelas podemos calificar como imprescindibles. La voz dormida es una de ellas porque nos ayuda a bucear en el papel [&hellip;]<\/p>\n","protected":false},"featured_media":7743,"template":"","meta":[],"product_brand":[],"product_cat":[25],"product_tag":[54,1146,1147,43],"class_list":{"0":"post-7739","1":"product","2":"type-product","3":"status-publish","4":"has-post-thumbnail","6":"product_cat-libros-digitales-ebooks","7":"product_tag-descargar-ebook","8":"product_tag-dulce-chacon","9":"product_tag-la-voz-dormida","10":"product_tag-novelas-romanticas","12":"first","13":"instock","14":"shipping-taxable","15":"purchasable","16":"product-type-variable","17":"has-default-attributes"},"_links":{"self":[{"href":"https:\/\/www.taller-palabras.com\/WordPress_04\/wp-json\/wp\/v2\/product\/7739","targetHints":{"allow":["GET"]}}],"collection":[{"href":"https:\/\/www.taller-palabras.com\/WordPress_04\/wp-json\/wp\/v2\/product"}],"about":[{"href":"https:\/\/www.taller-palabras.com\/WordPress_04\/wp-json\/wp\/v2\/types\/product"}],"wp:featuredmedia":[{"embeddable":true,"href":"https:\/\/www.taller-palabras.com\/WordPress_04\/wp-json\/wp\/v2\/media\/7743"}],"wp:attachment":[{"href":"https:\/\/www.taller-palabras.com\/WordPress_04\/wp-json\/wp\/v2\/media?parent=7739"}],"wp:term":[{"taxonomy":"product_brand","embeddable":true,"href":"https:\/\/www.taller-palabras.com\/WordPress_04\/wp-json\/wp\/v2\/product_brand?post=7739"},{"taxonomy":"product_cat","embeddable":true,"href":"https:\/\/www.taller-palabras.com\/WordPress_04\/wp-json\/wp\/v2\/product_cat?post=7739"},{"taxonomy":"product_tag","embeddable":true,"href":"https:\/\/www.taller-palabras.com\/WordPress_04\/wp-json\/wp\/v2\/product_tag?post=7739"}],"curies":[{"name":"wp","href":"https:\/\/api.w.org\/{rel}","templated":true}]}}