{"id":775,"date":"2019-12-15T13:50:13","date_gmt":"2019-12-15T16:50:13","guid":{"rendered":"https:\/\/www.taller-palabras.com\/WordPress_04\/?post_type=product&#038;p=775"},"modified":"2023-10-14T11:02:25","modified_gmt":"2023-10-14T14:02:25","slug":"nubosidad-variable-carmen-martin-gaite-ebook","status":"publish","type":"product","link":"https:\/\/www.taller-palabras.com\/WordPress_04\/producto\/nubosidad-variable-carmen-martin-gaite-ebook","title":{"rendered":"Nubosidad variable &#8211; Carmen Martin Gaite  \/ebook"},"content":{"rendered":"<p><img loading=\"lazy\" decoding=\"async\" class=\"alignleft wp-image-779 size-thumbnail\" src=\"https:\/\/www.taller-palabras.com\/WordPress_04\/wp-content\/uploads\/2019\/12\/martin_gaite-150x150.jpg\" alt=\"Autora Carmen Mart\u00edn Gaite\" width=\"150\" height=\"150\" srcset=\"https:\/\/www.taller-palabras.com\/WordPress_04\/wp-content\/uploads\/2019\/12\/martin_gaite-150x150.jpg 150w, https:\/\/www.taller-palabras.com\/WordPress_04\/wp-content\/uploads\/2019\/12\/martin_gaite-100x100.jpg 100w\" sizes=\"auto, (max-width: 150px) 100vw, 150px\" \/><\/p>\n<p>Sof\u00eda Montalvo y Mariana Le\u00f3n fueron amigas en el colegio. Sof\u00eda, joven imaginativa, de car\u00e1cter abierto, se ha visto atrapada en una oscura existencia de esposa y madre de familia. Mariana, cuya trayectoria amorosa resulta m\u00e1s confusa que apasionada, se ha convertido en una brillante psiquiatra de moda. Al cabo de m\u00e1s de treinta a\u00f1os, el azar las hace coincidir en un c\u00f3ctel y el recuerdo de su amistad desencadena en ambas una revoluci\u00f3n interior que ir\u00e1 creciendo a lo largo del libro. En este encuentro, Mariana evoc\u00f3 la afici\u00f3n de Sof\u00eda por las palabras, anim\u00e1ndola a escribir. Con la sensaci\u00f3n de quien se dispone a ordenar el cuarto donde se amontonan los miedos, objetos, presencia y fantas\u00edas, Sof\u00eda estrenar\u00e1 su primer cuaderno. Entretanto, Mariana se ha marchado de Madrid sin avisar a nadie y compone para Sof\u00eda cartas que no se atreve a echar al correo, y donde va tomando el pulso a su desintegraci\u00f3n psicol\u00f3gica. La novela es as\u00ed la historia de dos escrituras, pero tambi\u00e9n, quiz\u00e1s por encima de todo, la reconstrucci\u00f3n de una amistad. Carmen Mart\u00edn Gaite, due\u00f1a de un estilo que se mueve con id\u00e9ntica soltura en los di\u00e1logos, las invocaciones po\u00e9ticas, la creaci\u00f3n de personajes accesorios, los momentos de suspense o las asociaciones surrealistas, ha sabido captar, magistralmente, esos cambios de postura, esos giros del alma de sus entes de ficci\u00f3n en una de las novelas espa\u00f1olas con mayor \u00e9xito nacional e internacional de las \u00faltimas d\u00e9cadas.<\/p>\n","protected":false},"excerpt":{"rendered":"<p>Sof\u00eda Montalvo y Mariana Le\u00f3n fueron amigas en el colegio. Sof\u00eda, joven imaginativa, de car\u00e1cter abierto, se ha visto atrapada en una oscura existencia de esposa y madre de familia. Mariana, cuya trayectoria amorosa resulta m\u00e1s confusa que apasionada, se ha convertido en una brillante psiquiatra de moda. Al cabo de m\u00e1s de treinta a\u00f1os, [&hellip;]<\/p>\n","protected":false},"featured_media":780,"template":"","meta":[],"product_brand":[],"product_cat":[25],"product_tag":[178,136,55,177],"class_list":{"0":"post-775","1":"product","2":"type-product","3":"status-publish","4":"has-post-thumbnail","6":"product_cat-libros-digitales-ebooks","7":"product_tag-carmen-martin-gaite","8":"product_tag-decargar-ebook","9":"product_tag-novelas","10":"product_tag-nubosidad-variable","12":"first","13":"instock","14":"shipping-taxable","15":"purchasable","16":"product-type-variable","17":"has-default-attributes"},"_links":{"self":[{"href":"https:\/\/www.taller-palabras.com\/WordPress_04\/wp-json\/wp\/v2\/product\/775","targetHints":{"allow":["GET"]}}],"collection":[{"href":"https:\/\/www.taller-palabras.com\/WordPress_04\/wp-json\/wp\/v2\/product"}],"about":[{"href":"https:\/\/www.taller-palabras.com\/WordPress_04\/wp-json\/wp\/v2\/types\/product"}],"wp:featuredmedia":[{"embeddable":true,"href":"https:\/\/www.taller-palabras.com\/WordPress_04\/wp-json\/wp\/v2\/media\/780"}],"wp:attachment":[{"href":"https:\/\/www.taller-palabras.com\/WordPress_04\/wp-json\/wp\/v2\/media?parent=775"}],"wp:term":[{"taxonomy":"product_brand","embeddable":true,"href":"https:\/\/www.taller-palabras.com\/WordPress_04\/wp-json\/wp\/v2\/product_brand?post=775"},{"taxonomy":"product_cat","embeddable":true,"href":"https:\/\/www.taller-palabras.com\/WordPress_04\/wp-json\/wp\/v2\/product_cat?post=775"},{"taxonomy":"product_tag","embeddable":true,"href":"https:\/\/www.taller-palabras.com\/WordPress_04\/wp-json\/wp\/v2\/product_tag?post=775"}],"curies":[{"name":"wp","href":"https:\/\/api.w.org\/{rel}","templated":true}]}}