{"id":7756,"date":"2021-11-10T11:00:26","date_gmt":"2021-11-10T14:00:26","guid":{"rendered":"https:\/\/www.taller-palabras.com\/WordPress_04\/?post_type=product&#038;p=7756"},"modified":"2024-05-12T13:11:03","modified_gmt":"2024-05-12T16:11:03","slug":"cuentos-breves-y-extraordinarios-aa-vv-ebook","status":"publish","type":"product","link":"https:\/\/www.taller-palabras.com\/WordPress_04\/producto\/cuentos-breves-y-extraordinarios-aa-vv-ebook","title":{"rendered":"Cuentos breves y extraordinarios &#8211; AA.VV \/ebook)"},"content":{"rendered":"<figure id=\"attachment_7760\" aria-describedby=\"caption-attachment-7760\" style=\"width: 150px\" class=\"wp-caption alignleft\"><img loading=\"lazy\" decoding=\"async\" class=\"wp-image-7760 size-thumbnail\" src=\"https:\/\/www.taller-palabras.com\/WordPress_04\/wp-content\/uploads\/2023\/09\/BorgesyCasares-150x150.jpg\" alt=\"\" width=\"150\" height=\"150\" srcset=\"https:\/\/www.taller-palabras.com\/WordPress_04\/wp-content\/uploads\/2023\/09\/BorgesyCasares-150x150.jpg 150w, https:\/\/www.taller-palabras.com\/WordPress_04\/wp-content\/uploads\/2023\/09\/BorgesyCasares-100x100.jpg 100w, https:\/\/www.taller-palabras.com\/WordPress_04\/wp-content\/uploads\/2023\/09\/BorgesyCasares.jpg 284w\" sizes=\"auto, (max-width: 150px) 100vw, 150px\" \/><figcaption id=\"caption-attachment-7760\" class=\"wp-caption-text\">Selecci\u00f3n: Jorge Luis Borges y Adolfo Bioy Casares<\/figcaption><\/figure>\n<p>Comprender la esencia de lo narrativo constituye el prop\u00f3sito primordial de esta excelente y singular\u00edsima antolog\u00eda seleccionada por Jorge L. Borges y Adolfo Bioy Casares. Los textos m\u00e1s variados, de distintas \u00e9pocas y lugares y autores diversos; desde Chuang Tzu y \u00abLas mil y una noches\u00bb hasta Max Jacoob y Mart\u00edn B\u00faber, as\u00ed como Plutarco, Diderot, Kafka, O. Henry, Paul Val\u00e9ry y Alfonso Reyes, entre muchos otros, incluso algunos de improbable existencia, se dan cita en estas p\u00e1ginas que, sin duda, deleitar\u00e1n con su sutil encanto y su doble escritura incluso al lector m\u00e1s desprevenido. Y seguramente, \u00e9ste llegar\u00e1 a compartir el juicio de Borges y Bioy Casares: \u00abLo esencial de lo narrativo est\u00e1, nos atrevemos a pensar, en estas piezas, lo dem\u00e1s es episodio ilustrativo, an\u00e1lisis psicol\u00f3gico, feliz o inoportuno adorno verbal\u00bb.<\/p>\n","protected":false},"excerpt":{"rendered":"<p>Comprender la esencia de lo narrativo constituye el prop\u00f3sito primordial de esta excelente y singular\u00edsima antolog\u00eda seleccionada por Jorge L. Borges y Adolfo Bioy Casares. Los textos m\u00e1s variados, de distintas \u00e9pocas y lugares y autores diversos; desde Chuang Tzu y \u00abLas mil y una noches\u00bb hasta Max Jacoob y Mart\u00edn B\u00faber, as\u00ed como Plutarco, [&hellip;]<\/p>\n","protected":false},"featured_media":7761,"template":"","meta":[],"product_brand":[],"product_cat":[25],"product_tag":[1084,1150,54,346,225],"class_list":{"0":"post-7756","1":"product","2":"type-product","3":"status-publish","4":"has-post-thumbnail","6":"product_cat-libros-digitales-ebooks","7":"product_tag-adolfo-bioy-casares","8":"product_tag-cuentos-breves-y-extraordinarios","9":"product_tag-descargar-ebook","10":"product_tag-jorge-luis-borges","11":"product_tag-mejores-novelas","13":"first","14":"instock","15":"shipping-taxable","16":"purchasable","17":"product-type-variable","18":"has-default-attributes"},"_links":{"self":[{"href":"https:\/\/www.taller-palabras.com\/WordPress_04\/wp-json\/wp\/v2\/product\/7756","targetHints":{"allow":["GET"]}}],"collection":[{"href":"https:\/\/www.taller-palabras.com\/WordPress_04\/wp-json\/wp\/v2\/product"}],"about":[{"href":"https:\/\/www.taller-palabras.com\/WordPress_04\/wp-json\/wp\/v2\/types\/product"}],"wp:featuredmedia":[{"embeddable":true,"href":"https:\/\/www.taller-palabras.com\/WordPress_04\/wp-json\/wp\/v2\/media\/7761"}],"wp:attachment":[{"href":"https:\/\/www.taller-palabras.com\/WordPress_04\/wp-json\/wp\/v2\/media?parent=7756"}],"wp:term":[{"taxonomy":"product_brand","embeddable":true,"href":"https:\/\/www.taller-palabras.com\/WordPress_04\/wp-json\/wp\/v2\/product_brand?post=7756"},{"taxonomy":"product_cat","embeddable":true,"href":"https:\/\/www.taller-palabras.com\/WordPress_04\/wp-json\/wp\/v2\/product_cat?post=7756"},{"taxonomy":"product_tag","embeddable":true,"href":"https:\/\/www.taller-palabras.com\/WordPress_04\/wp-json\/wp\/v2\/product_tag?post=7756"}],"curies":[{"name":"wp","href":"https:\/\/api.w.org\/{rel}","templated":true}]}}