{"id":7914,"date":"2023-09-24T09:41:58","date_gmt":"2023-09-24T12:41:58","guid":{"rendered":"https:\/\/www.taller-palabras.com\/WordPress_04\/?post_type=product&#038;p=7914"},"modified":"2025-03-03T12:30:41","modified_gmt":"2025-03-03T15:30:41","slug":"el-puente-de-alcantara-frank-baer-ebook","status":"publish","type":"product","link":"https:\/\/www.taller-palabras.com\/WordPress_04\/producto\/el-puente-de-alcantara-frank-baer-ebook","title":{"rendered":"El puente de Alcantara &#8211; Frank Baer \/ebook"},"content":{"rendered":"<figure id=\"attachment_8002\" aria-describedby=\"caption-attachment-8002\" style=\"width: 150px\" class=\"wp-caption alignleft\"><img loading=\"lazy\" decoding=\"async\" class=\"wp-image-8002 size-thumbnail\" src=\"https:\/\/www.taller-palabras.com\/WordPress_04\/wp-content\/uploads\/2023\/09\/Frank-Baer-150x150.jpg\" alt=\"\" width=\"150\" height=\"150\" srcset=\"https:\/\/www.taller-palabras.com\/WordPress_04\/wp-content\/uploads\/2023\/09\/Frank-Baer-150x150.jpg 150w, https:\/\/www.taller-palabras.com\/WordPress_04\/wp-content\/uploads\/2023\/09\/Frank-Baer-100x100.jpg 100w, https:\/\/www.taller-palabras.com\/WordPress_04\/wp-content\/uploads\/2023\/09\/Frank-Baer.jpg 191w\" sizes=\"auto, (max-width: 150px) 100vw, 150px\" \/><figcaption id=\"caption-attachment-8002\" class=\"wp-caption-text\">Autor Frank Baer<\/figcaption><\/figure>\n<p>El puente de Alc\u00e1ntara marc\u00f3 un hito en la consolidaci\u00f3n de la narrativa hist\u00f3rica como g\u00e9nero literario, y es todav\u00eda la mejor y m\u00e1s completa novela sobre la Espa\u00f1a de las tres culturas escrita hasta el momento. A trav\u00e9s de las peripecias de un poeta \u00e1rabe andaluz, un m\u00e9dico jud\u00edo y un joven escudero escudero cristiano, Baer pinta un colorido fresco de la Espa\u00f1a del siglo XI, al tiempo que reconstruye la evoluci\u00f3n de las relaciones entre las culturas y religiones que representan cada uno de ellos.<\/p>\n","protected":false},"excerpt":{"rendered":"<p>El puente de Alc\u00e1ntara marc\u00f3 un hito en la consolidaci\u00f3n de la narrativa hist\u00f3rica como g\u00e9nero literario, y es todav\u00eda la mejor y m\u00e1s completa novela sobre la Espa\u00f1a de las tres culturas escrita hasta el momento. A trav\u00e9s de las peripecias de un poeta \u00e1rabe andaluz, un m\u00e9dico jud\u00edo y un joven escudero escudero [&hellip;]<\/p>\n","protected":false},"featured_media":7998,"template":"","meta":[],"product_brand":[],"product_cat":[25],"product_tag":[54,1153,1152,43],"class_list":{"0":"post-7914","1":"product","2":"type-product","3":"status-publish","4":"has-post-thumbnail","6":"product_cat-libros-digitales-ebooks","7":"product_tag-descargar-ebook","8":"product_tag-el-puente-de-alcantara","9":"product_tag-frank-baer","10":"product_tag-novelas-romanticas","12":"first","13":"instock","14":"shipping-taxable","15":"purchasable","16":"product-type-variable","17":"has-default-attributes"},"_links":{"self":[{"href":"https:\/\/www.taller-palabras.com\/WordPress_04\/wp-json\/wp\/v2\/product\/7914","targetHints":{"allow":["GET"]}}],"collection":[{"href":"https:\/\/www.taller-palabras.com\/WordPress_04\/wp-json\/wp\/v2\/product"}],"about":[{"href":"https:\/\/www.taller-palabras.com\/WordPress_04\/wp-json\/wp\/v2\/types\/product"}],"wp:featuredmedia":[{"embeddable":true,"href":"https:\/\/www.taller-palabras.com\/WordPress_04\/wp-json\/wp\/v2\/media\/7998"}],"wp:attachment":[{"href":"https:\/\/www.taller-palabras.com\/WordPress_04\/wp-json\/wp\/v2\/media?parent=7914"}],"wp:term":[{"taxonomy":"product_brand","embeddable":true,"href":"https:\/\/www.taller-palabras.com\/WordPress_04\/wp-json\/wp\/v2\/product_brand?post=7914"},{"taxonomy":"product_cat","embeddable":true,"href":"https:\/\/www.taller-palabras.com\/WordPress_04\/wp-json\/wp\/v2\/product_cat?post=7914"},{"taxonomy":"product_tag","embeddable":true,"href":"https:\/\/www.taller-palabras.com\/WordPress_04\/wp-json\/wp\/v2\/product_tag?post=7914"}],"curies":[{"name":"wp","href":"https:\/\/api.w.org\/{rel}","templated":true}]}}