{"id":7917,"date":"2023-09-24T09:42:05","date_gmt":"2023-09-24T12:42:05","guid":{"rendered":"https:\/\/www.taller-palabras.com\/WordPress_04\/?post_type=product&#038;p=7917"},"modified":"2023-09-24T09:45:53","modified_gmt":"2023-09-24T12:45:53","slug":"libros-en-el-articulo-la-creatividad-no-se-compra","status":"publish","type":"product","link":"https:\/\/www.taller-palabras.com\/WordPress_04\/producto\/libros-en-el-articulo-la-creatividad-no-se-compra","title":{"rendered":"Libros en el Art\u00edculo \u201cLa creatividad no se compra\u201d"},"content":{"rendered":"<p>En esta vista presentamos todos los libros que fueron tratados en los diferentes art\u00edculos publicados en la Revista Literaria \u00abRedescribir\u00bb. Si quieres ver otros libros ve al men\u00fa\u00a0 <a href=\"https:\/\/www.taller-palabras.com\/WordPress_04\/\"><strong>\u00abInicio\u00bb<\/strong><\/a> o por el buscador.<\/p>\n<p>Puedes volver a este <a href=\"https:\/\/www.taller-palabras.com\/WordPress_06\/?p=3797\"><strong>Art\u00edculo de la Revista Literaria.<\/strong><\/a><\/p>\n<p>&nbsp;<\/p>\n<div id=\"wcpt-7913\" class=\"wcpt wcpt-7913\" data-wcpt-table-id=\"7913\"\r    data-wcpt-query-string=\"?7913_device=laptop\" \r    data-wcpt-sc-attrs=\"{&quot;laptop_auto_scroll&quot;:&quot;true&quot;,&quot;tablet_auto_scroll&quot;:&quot;true&quot;,&quot;phone_auto_scroll&quot;:&quot;false&quot;}\"\r    data-wcpt-encrypted-query-vars=\"Z0FLVjZoNjBhdHpNWjljVjZKV0hHVldrYmxJbVNFaFVVRzUxSkFydFRQZU9Ga3RQaXJsUzVsd3pQS1NTeDkzUDNNdXRnNmJMQ2JFWmFra29VaXJsd3dwVFFZQVJYR0lkaGtvRjJhbWp0V3lTLzVwR1Y1dGprYXpUMUpjT3FJV2R3K3FudGFJMEtjT1ltaFpjUUgxMmQzWFV1MzNmaGVVczhNNWFzTzRVYTZxcDFiaERxRUNER2ZKZEtkY3lGM0FWdXBhTXZ4bU9sZzBOc1pUUm5NdmdDaGNuVjc2QnlLS2hGcWJWOVhxd25ML0V6M2tRRjVleGpIdmpBaEVLZldTK1FxK2Y4Q0cvOVdlSzU3KzJFd3o1SmZqMlNCY0poMW4yWjBqam1OSDdvVDBTL2VXWVdCUWp6VytZaTBrWXh3a0NOdnR4TURaZDJ4ODJOUlR5KytpRFN2NEZ5cWR0dFF5enBzeVhlNDhmUndrL2hzRStWNTdBT1BqbXZYNk1KcXluOjoZ8\/biA9Zb31M1C9K9Ti8r\"\r    data-wcpt-encrypted-user-filters=\"SjNoUzMyM2sxaThYYysySnNsNm9uOGVHTW01Mk5waGJzbktnWUVlNzliRE1KRlp2NlVsVVBRYk1XaUhCS0x6cDRNaEUrR2hkTUFxdm9kYUxSaTQ0NUVPMm1aRExPT1RZR2lScm9sUWxvQjhyMitsNSt6T3o1bVRhU2FJbU5wNE9BNEl4ZWZZNWdpb2NmOCtzZ2w5dHhBPT06Ophx8QgZDAYU7L7Rtw4exHI=\"><style>  @media (max-width:1199px) and (min-width:749px) {  #wcpt-7913 .wcpt-device-tablet {  display: block;  }  #wcpt-7913 .wcpt-device-laptop,  #wcpt-7913 .wcpt-device-phone {  display: none;  }  }  @media (max-width:749px) {  #wcpt-7913 .wcpt-device-phone {  display: block;  }  #wcpt-7913 .wcpt-device-tablet,  #wcpt-7913 .wcpt-device-laptop {  display: none;  }  }  @media(min-width:750px){ #wcpt-7913 tr.wcpt-even > .wcpt-cell{background-color:rgba(255, 255, 255, 0);} #wcpt-7913 tr.wcpt-odd > .wcpt-cell{background-color:rgba(255, 255, 255, 0);}}@media(max-width: 1199px) and (min-width:750px){ #wcpt-7913 tr.wcpt-even > .wcpt-cell{background-color:rgba(255, 255, 255, 0);} #wcpt-7913 tr.wcpt-odd > .wcpt-cell{background-color:rgba(255, 255, 255, 0);}}@media(max-width:749px){ #wcpt-7913 .wcpt-cell{padding-top:20px;padding-bottom:20px;}} #wcpt-7913 .wcpt-header.wcpt-navigation{margin-bottom:15px;} @media(max-width:1199){} @media(max-width:749){}<\/style>    <div\r      class=\"wcpt-navigation wcpt-header wcpt-always-show\"\r      style=\"\"><\/div>      <div class=\"wcpt-responsive-navigation\"><\/div>\r      <div class=\"wcpt-nav-modal-tpl\">\t<div class=\"wcpt-nav-modal\" data-wcpt-table-id=\"7913\">\t\t<div class=\"wcpt-nm-content wcpt-noselect\">\t\t\t<div class=\"wcpt-nm-heading wcpt-nm-heading--sticky\">\t\t\t\t<span class=\"wcpt-nm-close\">\t\t\t\t\t<span \r      class=\"wcpt-icon wcpt-icon-x  \"    ><svg xmlns=\"http:\/\/www.w3.org\/2000\/svg\" width=\"24\" height=\"24\" viewBox=\"0 0 24 24\" fill=\"none\" stroke=\"currentColor\" stroke-width=\"2\" stroke-linecap=\"round\" stroke-linejoin=\"round\" class=\"feather feather-x\"><line x1=\"18\" y1=\"6\" x2=\"6\" y2=\"18\"><\/line><line x1=\"6\" y1=\"6\" x2=\"18\" y2=\"18\"><\/line><\/svg><\/span>\t\t\t\t\t<\/svg>\t\t\t\t<\/span>\t\t\t\t<span class=\"wcpt-nm-heading-text wcpt-on-filters-show\">\t\t\t\t\tFilters\t\t\t\t<\/span>\t\t\t\t<span class=\"wcpt-nm-heading-text wcpt-on-sort-show\">\t\t\t\t\tSort results\t\t\t\t<\/span>\t\t\t\t<div class=\"wcpt-nm-action\">\t\t\t\t\t<span class=\"wcpt-nm-reset\">\t\t\t\t\t\tReset\t\t\t\t\t<\/span>\t\t\t\t\t<span class=\"wcpt-nm-apply\">\t\t\t\t\t\tApply\t\t\t\t\t<\/span>\t\t\t\t<\/div>\t\t\t<\/div>\t\t\t<div class=\"wcpt-navigation wcpt-left-sidebar\">\t\t\t\t<div class=\"wcpt-nm-filters\">\t\t\t\t\t<span class=\"wcpt-nm-filters-placeholder\"><\/span>\t\t\t\t<\/div>\t\t\t\t<div class=\"wcpt-nm-sort\">\t\t\t\t\t<span class=\"wcpt-nm-sort-placeholder\"><\/span>\t\t\t\t<\/div>\t\t\t<\/div>\t\t<\/div>\t<\/div><\/div><div class=\"wcpt-table-scroll-wrapper-outer wcpt-device-laptop\"><div class=\"wcpt-table-scroll-wrapper\"><table class=\"wcpt-table wcpt-table-7913\"><thead>\t\t\t\t<tr \t\tclass=\"wcpt-heading-row wcpt-hide\"\t><th class=\"wcpt-heading wcpt-1695582435\" data-wcpt-column-index=\"0\"  ><\/th><th class=\"wcpt-heading wcpt-1695582440\" data-wcpt-column-index=\"1\"  ><\/th><\/tr>\t<\/thead><tr   \t \t data-wcpt-product-id=\"5731\"  \tdata-wcpt-type    =\"variable\" \tdata-wcpt-in-cart =\"\" \tdata-wcpt-stock   =\"\"\tdata-wcpt-price   =\"4.6\"  style=\"\" class=\" wcpt-row  wcpt-even  wcpt-product-type-variable wcpt-product-type-variable  \"><td   class=\"wcpt-cell wcpt-1695582438\"  data-wcpt-column-index=\"0\"  ><div class=\"wcpt-cell-val\"><div class=\"wcpt-item-row wcpt-1695582436 \"><a class=\"wcpt-product-image-wrapper  wcpt-1695582437 wcpt-lightbox-icon-position-bottom_right\" data-wcpt-image-size=\"thumbnail\" data-wcpt-photoswipe-options=\"\"data-wcpt-photoswipe-items=\"\"data-wcpt-lightbox-color-theme=\"black\"  href=\"https:\/\/www.taller-palabras.com\/WordPress_04\/producto\/el-pensamiento-creativo-edward-de-bono-ebook\"    ><img decoding=\"async\" width=\"150\" height=\"150\" src=\"https:\/\/www.taller-palabras.com\/WordPress_04\/wp-content\/uploads\/2022\/05\/PensamientoCreativo.fw_-150x150.png\" class=\" wcpt-1695582437 wp-post-image\" alt=\"\" title=\"El pensamiento creativo - Edward De Bono \/ebook\" loading=\"lazy\" srcset=\"https:\/\/www.taller-palabras.com\/WordPress_04\/wp-content\/uploads\/2022\/05\/PensamientoCreativo.fw_-150x150.png 150w, https:\/\/www.taller-palabras.com\/WordPress_04\/wp-content\/uploads\/2022\/05\/PensamientoCreativo.fw_-100x100.png 100w\" sizes=\"auto, (max-width: 150px) 100vw, 150px\" \/><\/a><\/div><\/div><\/td><td   class=\"wcpt-cell wcpt-1695582450\"  data-wcpt-column-index=\"1\"  ><div class=\"wcpt-cell-val\"><div class=\"wcpt-item-row wcpt-1695582441 \"><a href='https:\/\/www.taller-palabras.com\/WordPress_04\/producto\/el-pensamiento-creativo-edward-de-bono-ebook'  title='El pensamiento creativo &#8211; Edward De Bono \/ebook'  class='wcpt-title  wcpt-1695582442' >El pensamiento creativo &#8211; Edward De Bono \/ebook<\/a><\/div><div class=\"wcpt-item-row wcpt-1695559189370 \"><span class=\"woocommerce-Price-amount amount\"><bdi><span class=\"woocommerce-Price-currencySymbol\">&#36;<\/span>5<\/bdi><\/span><span class=\"wcpt-space  wcpt-1695559196788\"><\/span><\/div><div class=\"wcpt-item-row wcpt-1695559198658 \"><span class=\"wcpt-space  wcpt-1695559200922\"><\/span><a class=\"wcpt-button wcpt-noselect wcpt-button-cart_ajax  wcpt-1695559204170 no-prefetch no-prerender\" data-wcpt-link-code=\"cart_ajax\" href=\"https:\/\/www.taller-palabras.com\/WordPress_04\/carrito\"  target=\"_self\"   rel=\"nofollow\"  ><span class=\"wcpt-button-label\"><div class=\"wcpt-item-row wcpt-1695559204190 \"><span class=\"wcpt-text  wcpt-1695559204190\">Comprar<\/span><\/div><\/span><\/a><\/div><\/div><\/td><\/tr><tr   \t \t data-wcpt-product-id=\"7747\"  \tdata-wcpt-type    =\"variable\" \tdata-wcpt-in-cart =\"\" \tdata-wcpt-stock   =\"\"\tdata-wcpt-price   =\"4.6\"  style=\"\" class=\" wcpt-row  wcpt-odd  wcpt-product-type-variable wcpt-product-type-variable  \"><td   class=\"wcpt-cell wcpt-1695582438\"  data-wcpt-column-index=\"0\"  ><div class=\"wcpt-cell-val\"><div class=\"wcpt-item-row wcpt-1695582436 \"><a class=\"wcpt-product-image-wrapper  wcpt-1695582437 wcpt-lightbox-icon-position-bottom_right\" data-wcpt-image-size=\"thumbnail\" data-wcpt-photoswipe-options=\"\"data-wcpt-photoswipe-items=\"\"data-wcpt-lightbox-color-theme=\"black\"  href=\"https:\/\/www.taller-palabras.com\/WordPress_04\/producto\/teoria-poetica-y-estetica-paul-valery-ebook\"    ><img decoding=\"async\" width=\"150\" height=\"150\" src=\"https:\/\/www.taller-palabras.com\/WordPress_04\/wp-content\/uploads\/2023\/09\/TeoriaPoetica.fw_-150x150.png\" class=\" wcpt-1695582437 wp-post-image\" alt=\"\" title=\"Teor&iacute;a po&eacute;tica y est&eacute;tica - Paul V&aacute;lery \/ebook\" loading=\"lazy\" srcset=\"https:\/\/www.taller-palabras.com\/WordPress_04\/wp-content\/uploads\/2023\/09\/TeoriaPoetica.fw_-150x150.png 150w, https:\/\/www.taller-palabras.com\/WordPress_04\/wp-content\/uploads\/2023\/09\/TeoriaPoetica.fw_-100x100.png 100w\" sizes=\"auto, (max-width: 150px) 100vw, 150px\" \/><\/a><\/div><\/div><\/td><td   class=\"wcpt-cell wcpt-1695582450\"  data-wcpt-column-index=\"1\"  ><div class=\"wcpt-cell-val\"><div class=\"wcpt-item-row wcpt-1695582441 \"><a href='https:\/\/www.taller-palabras.com\/WordPress_04\/producto\/teoria-poetica-y-estetica-paul-valery-ebook'  title='Teor\u00eda po\u00e9tica y est\u00e9tica &#8211; Paul V\u00e1lery \/ebook'  class='wcpt-title  wcpt-1695582442' >Teor\u00eda po\u00e9tica y est\u00e9tica &#8211; Paul V\u00e1lery \/ebook<\/a><\/div><div class=\"wcpt-item-row wcpt-1695559189370 \"><span class=\"woocommerce-Price-amount amount\"><bdi><span class=\"woocommerce-Price-currencySymbol\">&#36;<\/span>5<\/bdi><\/span><span class=\"wcpt-space  wcpt-1695559196788\"><\/span><\/div><div class=\"wcpt-item-row wcpt-1695559198658 \"><span class=\"wcpt-space  wcpt-1695559200922\"><\/span><a class=\"wcpt-button wcpt-noselect wcpt-button-cart_ajax  wcpt-1695559204170 no-prefetch no-prerender\" data-wcpt-link-code=\"cart_ajax\" href=\"https:\/\/www.taller-palabras.com\/WordPress_04\/carrito\"  target=\"_self\"   rel=\"nofollow\"  ><span class=\"wcpt-button-label\"><div class=\"wcpt-item-row wcpt-1695559204190 \"><span class=\"wcpt-text  wcpt-1695559204190\">Comprar<\/span><\/div><\/span><\/a><\/div><\/div><\/td><\/tr><tr   \t \t data-wcpt-product-id=\"7756\"  \tdata-wcpt-type    =\"variable\" \tdata-wcpt-in-cart =\"\" \tdata-wcpt-stock   =\"\"\tdata-wcpt-price   =\"4.6\"  style=\"\" class=\" wcpt-row  wcpt-even  wcpt-product-type-variable wcpt-product-type-variable  \"><td   class=\"wcpt-cell wcpt-1695582438\"  data-wcpt-column-index=\"0\"  ><div class=\"wcpt-cell-val\"><div class=\"wcpt-item-row wcpt-1695582436 \"><a class=\"wcpt-product-image-wrapper  wcpt-1695582437 wcpt-lightbox-icon-position-bottom_right\" data-wcpt-image-size=\"thumbnail\" data-wcpt-photoswipe-options=\"\"data-wcpt-photoswipe-items=\"\"data-wcpt-lightbox-color-theme=\"black\"  href=\"https:\/\/www.taller-palabras.com\/WordPress_04\/producto\/cuentos-breves-y-extraordinarios-aa-vv-ebook\"    ><img decoding=\"async\" width=\"150\" height=\"150\" src=\"https:\/\/www.taller-palabras.com\/WordPress_04\/wp-content\/uploads\/2023\/09\/CuentosExtraordinarios.fw_-150x150.png\" class=\" wcpt-1695582437 wp-post-image\" alt=\"\" title=\"Cuentos breves y extraordinarios - AA.VV \/ebook)\" loading=\"lazy\" srcset=\"https:\/\/www.taller-palabras.com\/WordPress_04\/wp-content\/uploads\/2023\/09\/CuentosExtraordinarios.fw_-150x150.png 150w, https:\/\/www.taller-palabras.com\/WordPress_04\/wp-content\/uploads\/2023\/09\/CuentosExtraordinarios.fw_-100x100.png 100w\" sizes=\"auto, (max-width: 150px) 100vw, 150px\" \/><\/a><\/div><\/div><\/td><td   class=\"wcpt-cell wcpt-1695582450\"  data-wcpt-column-index=\"1\"  ><div class=\"wcpt-cell-val\"><div class=\"wcpt-item-row wcpt-1695582441 \"><a href='https:\/\/www.taller-palabras.com\/WordPress_04\/producto\/cuentos-breves-y-extraordinarios-aa-vv-ebook'  title='Cuentos breves y extraordinarios &#8211; AA.VV \/ebook)'  class='wcpt-title  wcpt-1695582442' >Cuentos breves y extraordinarios &#8211; AA.VV \/ebook)<\/a><\/div><div class=\"wcpt-item-row wcpt-1695559189370 \"><span class=\"woocommerce-Price-amount amount\"><bdi><span class=\"woocommerce-Price-currencySymbol\">&#36;<\/span>5<\/bdi><\/span><span class=\"wcpt-space  wcpt-1695559196788\"><\/span><\/div><div class=\"wcpt-item-row wcpt-1695559198658 \"><span class=\"wcpt-space  wcpt-1695559200922\"><\/span><a class=\"wcpt-button wcpt-noselect wcpt-button-cart_ajax  wcpt-1695559204170 no-prefetch no-prerender\" data-wcpt-link-code=\"cart_ajax\" href=\"https:\/\/www.taller-palabras.com\/WordPress_04\/carrito\"  target=\"_self\"   rel=\"nofollow\"  ><span class=\"wcpt-button-label\"><div class=\"wcpt-item-row wcpt-1695559204190 \"><span class=\"wcpt-text  wcpt-1695559204190\">Comprar<\/span><\/div><\/span><\/a><\/div><\/div><\/td><\/tr><tr   \t \t data-wcpt-product-id=\"3625\"  \tdata-wcpt-type    =\"variable\" \tdata-wcpt-in-cart =\"\" \tdata-wcpt-stock   =\"\"\tdata-wcpt-price   =\"4.6\"  style=\"\" class=\" wcpt-row  wcpt-odd  wcpt-product-type-variable wcpt-product-type-variable  \"><td   class=\"wcpt-cell wcpt-1695582438\"  data-wcpt-column-index=\"0\"  ><div class=\"wcpt-cell-val\"><div class=\"wcpt-item-row wcpt-1695582436 \"><a class=\"wcpt-product-image-wrapper  wcpt-1695582437 wcpt-lightbox-icon-position-bottom_right\" data-wcpt-image-size=\"thumbnail\" data-wcpt-photoswipe-options=\"\"data-wcpt-photoswipe-items=\"\"data-wcpt-lightbox-color-theme=\"black\"  href=\"https:\/\/www.taller-palabras.com\/WordPress_04\/producto\/mientras-escribo-stephen-king-ebook\"    ><img decoding=\"async\" width=\"150\" height=\"150\" src=\"https:\/\/www.taller-palabras.com\/WordPress_04\/wp-content\/uploads\/2021\/06\/MientrasEscribo.fw_-150x150.png\" class=\" wcpt-1695582437 wp-post-image\" alt=\"\" title=\"Mientras escribo - Stephen King \/ebook\" loading=\"lazy\" srcset=\"https:\/\/www.taller-palabras.com\/WordPress_04\/wp-content\/uploads\/2021\/06\/MientrasEscribo.fw_-150x150.png 150w, https:\/\/www.taller-palabras.com\/WordPress_04\/wp-content\/uploads\/2021\/06\/MientrasEscribo.fw_-100x100.png 100w\" sizes=\"auto, (max-width: 150px) 100vw, 150px\" \/><\/a><\/div><\/div><\/td><td   class=\"wcpt-cell wcpt-1695582450\"  data-wcpt-column-index=\"1\"  ><div class=\"wcpt-cell-val\"><div class=\"wcpt-item-row wcpt-1695582441 \"><a href='https:\/\/www.taller-palabras.com\/WordPress_04\/producto\/mientras-escribo-stephen-king-ebook'  title='Mientras escribo &#8211; Stephen King \/ebook'  class='wcpt-title  wcpt-1695582442' >Mientras escribo &#8211; Stephen King \/ebook<\/a><\/div><div class=\"wcpt-item-row wcpt-1695559189370 \"><span class=\"woocommerce-Price-amount amount\"><bdi><span class=\"woocommerce-Price-currencySymbol\">&#36;<\/span>5<\/bdi><\/span><span class=\"wcpt-space  wcpt-1695559196788\"><\/span><\/div><div class=\"wcpt-item-row wcpt-1695559198658 \"><span class=\"wcpt-space  wcpt-1695559200922\"><\/span><a class=\"wcpt-button wcpt-noselect wcpt-button-cart_ajax  wcpt-1695559204170 no-prefetch no-prerender\" data-wcpt-link-code=\"cart_ajax\" href=\"https:\/\/www.taller-palabras.com\/WordPress_04\/carrito\"  target=\"_self\"   rel=\"nofollow\"  ><span class=\"wcpt-button-label\"><div class=\"wcpt-item-row wcpt-1695559204190 \"><span class=\"wcpt-text  wcpt-1695559204190\">Comprar<\/span><\/div><\/span><\/a><\/div><\/div><\/td><\/tr><tr   \t \t data-wcpt-product-id=\"6653\"  \tdata-wcpt-type    =\"variable\" \tdata-wcpt-in-cart =\"\" \tdata-wcpt-stock   =\"\"\tdata-wcpt-price   =\"4.6\"  style=\"\" class=\" wcpt-row  wcpt-even  wcpt-product-type-variable wcpt-product-type-variable  \"><td   class=\"wcpt-cell wcpt-1695582438\"  data-wcpt-column-index=\"0\"  ><div class=\"wcpt-cell-val\"><div class=\"wcpt-item-row wcpt-1695582436 \"><a class=\"wcpt-product-image-wrapper  wcpt-1695582437 wcpt-lightbox-icon-position-bottom_right\" data-wcpt-image-size=\"thumbnail\" data-wcpt-photoswipe-options=\"\"data-wcpt-photoswipe-items=\"\"data-wcpt-lightbox-color-theme=\"black\"  href=\"https:\/\/www.taller-palabras.com\/WordPress_04\/producto\/cuentos-ernest-hemingway-ebook\"    ><img decoding=\"async\" width=\"150\" height=\"150\" src=\"https:\/\/www.taller-palabras.com\/WordPress_04\/wp-content\/uploads\/2023\/02\/CuentosErnest.fw_-1-150x150.png\" class=\" wcpt-1695582437 wp-post-image\" alt=\"\" title=\"Cuentos - Ernest Hemingway \/ebook\" loading=\"lazy\" srcset=\"https:\/\/www.taller-palabras.com\/WordPress_04\/wp-content\/uploads\/2023\/02\/CuentosErnest.fw_-1-150x150.png 150w, https:\/\/www.taller-palabras.com\/WordPress_04\/wp-content\/uploads\/2023\/02\/CuentosErnest.fw_-1-100x100.png 100w\" sizes=\"auto, (max-width: 150px) 100vw, 150px\" \/><\/a><\/div><\/div><\/td><td   class=\"wcpt-cell wcpt-1695582450\"  data-wcpt-column-index=\"1\"  ><div class=\"wcpt-cell-val\"><div class=\"wcpt-item-row wcpt-1695582441 \"><a href='https:\/\/www.taller-palabras.com\/WordPress_04\/producto\/cuentos-ernest-hemingway-ebook'  title='Cuentos &#8211; Ernest Hemingway \/ebook'  class='wcpt-title  wcpt-1695582442' >Cuentos &#8211; Ernest Hemingway \/ebook<\/a><\/div><div class=\"wcpt-item-row wcpt-1695559189370 \"><span class=\"woocommerce-Price-amount amount\"><bdi><span class=\"woocommerce-Price-currencySymbol\">&#36;<\/span>5<\/bdi><\/span><span class=\"wcpt-space  wcpt-1695559196788\"><\/span><\/div><div class=\"wcpt-item-row wcpt-1695559198658 \"><span class=\"wcpt-space  wcpt-1695559200922\"><\/span><a class=\"wcpt-button wcpt-noselect wcpt-button-cart_ajax  wcpt-1695559204170 no-prefetch no-prerender\" data-wcpt-link-code=\"cart_ajax\" href=\"https:\/\/www.taller-palabras.com\/WordPress_04\/carrito\"  target=\"_self\"   rel=\"nofollow\"  ><span class=\"wcpt-button-label\"><div class=\"wcpt-item-row wcpt-1695559204190 \"><span class=\"wcpt-text  wcpt-1695559204190\">Comprar<\/span><\/div><\/span><\/a><\/div><\/div><\/td><\/tr><\/table><\/div><\/div><div class=\"wcpt-loading-screen\"><\/div><div class=\"wcpt-table-scroll-wrapper-outer wcpt-device-tablet\"><div class=\"wcpt-table-scroll-wrapper\"><span \r      class=\"wcpt-icon wcpt-icon-loader wcpt-device-view-loading-icon \"    ><svg xmlns=\"http:\/\/www.w3.org\/2000\/svg\" width=\"24\" height=\"24\" viewBox=\"0 0 24 24\" fill=\"none\" stroke=\"currentColor\" stroke-width=\"2\" stroke-linecap=\"round\" stroke-linejoin=\"round\" class=\"feather feather-loader\"><line x1=\"12\" y1=\"2\" x2=\"12\" y2=\"6\"><\/line><line x1=\"12\" y1=\"18\" x2=\"12\" y2=\"22\"><\/line><line x1=\"4.93\" y1=\"4.93\" x2=\"7.76\" y2=\"7.76\"><\/line><line x1=\"16.24\" y1=\"16.24\" x2=\"19.07\" y2=\"19.07\"><\/line><line x1=\"2\" y1=\"12\" x2=\"6\" y2=\"12\"><\/line><line x1=\"18\" y1=\"12\" x2=\"22\" y2=\"12\"><\/line><line x1=\"4.93\" y1=\"19.07\" x2=\"7.76\" y2=\"16.24\"><\/line><line x1=\"16.24\" y1=\"7.76\" x2=\"19.07\" y2=\"4.93\"><\/line><\/svg><\/span><\/div><\/div><div class=\"wcpt-table-scroll-wrapper-outer wcpt-device-phone\"><div class=\"wcpt-table-scroll-wrapper\"><span \r      class=\"wcpt-icon wcpt-icon-loader wcpt-device-view-loading-icon \"    ><svg xmlns=\"http:\/\/www.w3.org\/2000\/svg\" width=\"24\" height=\"24\" viewBox=\"0 0 24 24\" fill=\"none\" stroke=\"currentColor\" stroke-width=\"2\" stroke-linecap=\"round\" stroke-linejoin=\"round\" class=\"feather feather-loader\"><line x1=\"12\" y1=\"2\" x2=\"12\" y2=\"6\"><\/line><line x1=\"12\" y1=\"18\" x2=\"12\" y2=\"22\"><\/line><line x1=\"4.93\" y1=\"4.93\" x2=\"7.76\" y2=\"7.76\"><\/line><line x1=\"16.24\" y1=\"16.24\" x2=\"19.07\" y2=\"19.07\"><\/line><line x1=\"2\" y1=\"12\" x2=\"6\" y2=\"12\"><\/line><line x1=\"18\" y1=\"12\" x2=\"22\" y2=\"12\"><\/line><line x1=\"4.93\" y1=\"19.07\" x2=\"7.76\" y2=\"16.24\"><\/line><line x1=\"16.24\" y1=\"7.76\" x2=\"19.07\" y2=\"4.93\"><\/line><\/svg><\/span><\/div><\/div><style>  #wcpt-7913 .wcpt-table tr.wcpt-row &gt; .wcpt-1695582438{width:0px;}  body  #wcpt-7913 .wcpt-table tr.wcpt-row > .wcpt-1695582438{width:0px;}  #wcpt-7913  .wcpt-1695582437{width:200px;}  body  .wcpt-1695582437{width:200px;}  #wcpt-7913  .wcpt-1695582441{margin-bottom:12px;}  body  .wcpt-1695582441{margin-bottom:12px;} <\/style><\/div>\n","protected":false},"excerpt":{"rendered":"<p>En esta vista presentamos todos los libros que fueron tratados en los diferentes art\u00edculos publicados en la Revista Literaria \u00abRedescribir\u00bb. Si quieres ver otros libros ve al men\u00fa\u00a0 \u00abInicio\u00bb o por el buscador. Puedes volver a este Art\u00edculo de la Revista Literaria. &nbsp;<\/p>\n","protected":false},"featured_media":7918,"template":"","meta":[],"product_brand":[],"product_cat":[1047],"product_tag":[],"class_list":{"0":"post-7917","1":"product","2":"type-product","3":"status-publish","4":"has-post-thumbnail","6":"product_cat-articulo","8":"first","9":"instock","10":"shipping-taxable","11":"product-type-simple"},"_links":{"self":[{"href":"https:\/\/www.taller-palabras.com\/WordPress_04\/wp-json\/wp\/v2\/product\/7917","targetHints":{"allow":["GET"]}}],"collection":[{"href":"https:\/\/www.taller-palabras.com\/WordPress_04\/wp-json\/wp\/v2\/product"}],"about":[{"href":"https:\/\/www.taller-palabras.com\/WordPress_04\/wp-json\/wp\/v2\/types\/product"}],"wp:featuredmedia":[{"embeddable":true,"href":"https:\/\/www.taller-palabras.com\/WordPress_04\/wp-json\/wp\/v2\/media\/7918"}],"wp:attachment":[{"href":"https:\/\/www.taller-palabras.com\/WordPress_04\/wp-json\/wp\/v2\/media?parent=7917"}],"wp:term":[{"taxonomy":"product_brand","embeddable":true,"href":"https:\/\/www.taller-palabras.com\/WordPress_04\/wp-json\/wp\/v2\/product_brand?post=7917"},{"taxonomy":"product_cat","embeddable":true,"href":"https:\/\/www.taller-palabras.com\/WordPress_04\/wp-json\/wp\/v2\/product_cat?post=7917"},{"taxonomy":"product_tag","embeddable":true,"href":"https:\/\/www.taller-palabras.com\/WordPress_04\/wp-json\/wp\/v2\/product_tag?post=7917"}],"curies":[{"name":"wp","href":"https:\/\/api.w.org\/{rel}","templated":true}]}}