{"id":7990,"date":"2021-10-21T10:38:54","date_gmt":"2021-10-21T13:38:54","guid":{"rendered":"https:\/\/www.taller-palabras.com\/WordPress_04\/?post_type=product&#038;p=7990"},"modified":"2023-09-29T13:31:57","modified_gmt":"2023-09-29T16:31:57","slug":"el-conde-belisario-robert-graves-ebook","status":"publish","type":"product","link":"https:\/\/www.taller-palabras.com\/WordPress_04\/producto\/el-conde-belisario-robert-graves-ebook","title":{"rendered":"El conde Belisario &#8211; Robert Graves \/ebook"},"content":{"rendered":"<figure id=\"attachment_928\" aria-describedby=\"caption-attachment-928\" style=\"width: 150px\" class=\"wp-caption alignleft\"><img loading=\"lazy\" decoding=\"async\" class=\"wp-image-928 size-thumbnail\" src=\"https:\/\/www.taller-palabras.com\/WordPress_04\/wp-content\/uploads\/2020\/01\/robertgraves-150x150.jpg\" alt=\"\" width=\"150\" height=\"150\" srcset=\"https:\/\/www.taller-palabras.com\/WordPress_04\/wp-content\/uploads\/2020\/01\/robertgraves-150x150.jpg 150w, https:\/\/www.taller-palabras.com\/WordPress_04\/wp-content\/uploads\/2020\/01\/robertgraves-100x100.jpg 100w\" sizes=\"auto, (max-width: 150px) 100vw, 150px\" \/><figcaption id=\"caption-attachment-928\" class=\"wp-caption-text\">Autor Robert Graves<\/figcaption><\/figure>\n<p>En el siglo VI, Justiniano gobierna un Imperio Romano de Oriente que pasa por graves dificultades. Los b\u00e1rbaros atacan sus fronteras, en las calles de Constantinopla se producen sangrientos des\u00f3rdenes, en la corte prolifera la intriga, y las disputas teol\u00f3gicas siembran la divisi\u00f3n en el imperio. El emperador s\u00f3lo puede reclamar el auxilio de un hombre: Belisario, un comandante cristiano de excepcional valor y nobleza, que al mando de las tropas bizantinas restaurar\u00e1 el orden interno y triunfar\u00e1 sobre los enemigos del imperio en \u00c1frica, Italia y Espa\u00f1a.<\/p>\n","protected":false},"excerpt":{"rendered":"<p>En el siglo VI, Justiniano gobierna un Imperio Romano de Oriente que pasa por graves dificultades. Los b\u00e1rbaros atacan sus fronteras, en las calles de Constantinopla se producen sangrientos des\u00f3rdenes, en la corte prolifera la intriga, y las disputas teol\u00f3gicas siembran la divisi\u00f3n en el imperio. El emperador s\u00f3lo puede reclamar el auxilio de un [&hellip;]<\/p>\n","protected":false},"featured_media":7994,"template":"","meta":[],"product_brand":[],"product_cat":[25],"product_tag":[54,1151,45,212],"class_list":{"0":"post-7990","1":"product","2":"type-product","3":"status-publish","4":"has-post-thumbnail","6":"product_cat-libros-digitales-ebooks","7":"product_tag-descargar-ebook","8":"product_tag-el-conde-belisario","9":"product_tag-mejor-novela","10":"product_tag-robert-graves","12":"first","13":"instock","14":"shipping-taxable","15":"purchasable","16":"product-type-variable","17":"has-default-attributes"},"_links":{"self":[{"href":"https:\/\/www.taller-palabras.com\/WordPress_04\/wp-json\/wp\/v2\/product\/7990","targetHints":{"allow":["GET"]}}],"collection":[{"href":"https:\/\/www.taller-palabras.com\/WordPress_04\/wp-json\/wp\/v2\/product"}],"about":[{"href":"https:\/\/www.taller-palabras.com\/WordPress_04\/wp-json\/wp\/v2\/types\/product"}],"wp:featuredmedia":[{"embeddable":true,"href":"https:\/\/www.taller-palabras.com\/WordPress_04\/wp-json\/wp\/v2\/media\/7994"}],"wp:attachment":[{"href":"https:\/\/www.taller-palabras.com\/WordPress_04\/wp-json\/wp\/v2\/media?parent=7990"}],"wp:term":[{"taxonomy":"product_brand","embeddable":true,"href":"https:\/\/www.taller-palabras.com\/WordPress_04\/wp-json\/wp\/v2\/product_brand?post=7990"},{"taxonomy":"product_cat","embeddable":true,"href":"https:\/\/www.taller-palabras.com\/WordPress_04\/wp-json\/wp\/v2\/product_cat?post=7990"},{"taxonomy":"product_tag","embeddable":true,"href":"https:\/\/www.taller-palabras.com\/WordPress_04\/wp-json\/wp\/v2\/product_tag?post=7990"}],"curies":[{"name":"wp","href":"https:\/\/api.w.org\/{rel}","templated":true}]}}