{"id":8105,"date":"2023-10-07T13:21:22","date_gmt":"2023-10-07T16:21:22","guid":{"rendered":"https:\/\/www.taller-palabras.com\/WordPress_04\/?post_type=product&#038;p=8105"},"modified":"2023-10-07T13:42:59","modified_gmt":"2023-10-07T16:42:59","slug":"el-halcon-maltes-samuel-dashiell-hammett-ebook","status":"publish","type":"product","link":"https:\/\/www.taller-palabras.com\/WordPress_04\/producto\/el-halcon-maltes-samuel-dashiell-hammett-ebook","title":{"rendered":"El halc\u00f3n Maltes &#8211; Samuel Dashiell Hammett \/ebook"},"content":{"rendered":"<figure id=\"attachment_8108\" aria-describedby=\"caption-attachment-8108\" style=\"width: 150px\" class=\"wp-caption alignleft\"><img loading=\"lazy\" decoding=\"async\" class=\"wp-image-8108 size-thumbnail\" src=\"https:\/\/www.taller-palabras.com\/WordPress_04\/wp-content\/uploads\/2023\/10\/Dashell-Hammett-150x150.jpg\" alt=\"\" width=\"150\" height=\"150\" srcset=\"https:\/\/www.taller-palabras.com\/WordPress_04\/wp-content\/uploads\/2023\/10\/Dashell-Hammett-150x150.jpg 150w, https:\/\/www.taller-palabras.com\/WordPress_04\/wp-content\/uploads\/2023\/10\/Dashell-Hammett-100x100.jpg 100w, https:\/\/www.taller-palabras.com\/WordPress_04\/wp-content\/uploads\/2023\/10\/Dashell-Hammett.jpg 238w\" sizes=\"auto, (max-width: 150px) 100vw, 150px\" \/><figcaption id=\"caption-attachment-8108\" class=\"wp-caption-text\">Autor Dashiell Hammett<\/figcaption><\/figure>\n<p>En el siglo XVI, los Caballeros de la Orden de Malta obsequiaron al Emperador Carlos V con la estatuilla de un halc\u00f3n de oro macizo e incrustaciones de piedras preciosas. Era una muestra de gratitud por ciertas prerrogativas que el monarca les hab\u00eda concedido. Sin embargo, la joya no lleg\u00f3 nunca a manos del Emperador, ya que la galera que la trasportaba fue asaltada por unos piratas. Cuatrocientos a\u00f1os despu\u00e9s, el detective privado Sam Spade y su socio, Archer, aceptan el encargo de una joven que quiere encontrar a su hermana, que ha desaparecido con un tal Floyd Thursby, un hombre sin escr\u00fapulos.<\/p>\n","protected":false},"excerpt":{"rendered":"<p>En el siglo XVI, los Caballeros de la Orden de Malta obsequiaron al Emperador Carlos V con la estatuilla de un halc\u00f3n de oro macizo e incrustaciones de piedras preciosas. Era una muestra de gratitud por ciertas prerrogativas que el monarca les hab\u00eda concedido. Sin embargo, la joya no lleg\u00f3 nunca a manos del Emperador, [&hellip;]<\/p>\n","protected":false},"featured_media":8109,"template":"","meta":[],"product_brand":[],"product_cat":[25],"product_tag":[1161,54,1162,43],"class_list":{"0":"post-8105","1":"product","2":"type-product","3":"status-publish","4":"has-post-thumbnail","6":"product_cat-libros-digitales-ebooks","7":"product_tag-dashiell-hammett","8":"product_tag-descargar-ebook","9":"product_tag-el-halcon-maltes","10":"product_tag-novelas-romanticas","12":"first","13":"instock","14":"shipping-taxable","15":"purchasable","16":"product-type-variable","17":"has-default-attributes"},"_links":{"self":[{"href":"https:\/\/www.taller-palabras.com\/WordPress_04\/wp-json\/wp\/v2\/product\/8105","targetHints":{"allow":["GET"]}}],"collection":[{"href":"https:\/\/www.taller-palabras.com\/WordPress_04\/wp-json\/wp\/v2\/product"}],"about":[{"href":"https:\/\/www.taller-palabras.com\/WordPress_04\/wp-json\/wp\/v2\/types\/product"}],"wp:featuredmedia":[{"embeddable":true,"href":"https:\/\/www.taller-palabras.com\/WordPress_04\/wp-json\/wp\/v2\/media\/8109"}],"wp:attachment":[{"href":"https:\/\/www.taller-palabras.com\/WordPress_04\/wp-json\/wp\/v2\/media?parent=8105"}],"wp:term":[{"taxonomy":"product_brand","embeddable":true,"href":"https:\/\/www.taller-palabras.com\/WordPress_04\/wp-json\/wp\/v2\/product_brand?post=8105"},{"taxonomy":"product_cat","embeddable":true,"href":"https:\/\/www.taller-palabras.com\/WordPress_04\/wp-json\/wp\/v2\/product_cat?post=8105"},{"taxonomy":"product_tag","embeddable":true,"href":"https:\/\/www.taller-palabras.com\/WordPress_04\/wp-json\/wp\/v2\/product_tag?post=8105"}],"curies":[{"name":"wp","href":"https:\/\/api.w.org\/{rel}","templated":true}]}}