{"id":8127,"date":"2023-10-08T10:34:19","date_gmt":"2023-10-08T13:34:19","guid":{"rendered":"https:\/\/www.taller-palabras.com\/WordPress_04\/?post_type=product&#038;p=8127"},"modified":"2023-10-08T10:42:25","modified_gmt":"2023-10-08T13:42:25","slug":"la-puta-respetuosa-y-a-puerta-cerrada-jean-paul-sartre-ebook","status":"publish","type":"product","link":"https:\/\/www.taller-palabras.com\/WordPress_04\/producto\/la-puta-respetuosa-y-a-puerta-cerrada-jean-paul-sartre-ebook","title":{"rendered":"La puta respetuosa y A puerta cerrada &#8211; Jean-Paul Sartre \/ebook"},"content":{"rendered":"<figure id=\"attachment_6558\" aria-describedby=\"caption-attachment-6558\" style=\"width: 150px\" class=\"wp-caption alignleft\"><img loading=\"lazy\" decoding=\"async\" class=\"wp-image-6558 size-thumbnail\" src=\"https:\/\/www.taller-palabras.com\/WordPress_04\/wp-content\/uploads\/2022\/12\/Jean-Paul-Sartre-150x150.jpg\" alt=\"\" width=\"150\" height=\"150\" srcset=\"https:\/\/www.taller-palabras.com\/WordPress_04\/wp-content\/uploads\/2022\/12\/Jean-Paul-Sartre-150x150.jpg 150w, https:\/\/www.taller-palabras.com\/WordPress_04\/wp-content\/uploads\/2022\/12\/Jean-Paul-Sartre-100x100.jpg 100w\" sizes=\"auto, (max-width: 150px) 100vw, 150px\" \/><figcaption id=\"caption-attachment-6558\" class=\"wp-caption-text\">Autor Jean-Paul Sartre<\/figcaption><\/figure>\n<p>Sartre sit\u00faa La puta respetuosa en una ciudad americana del Sur y en ella un tri\u00e1ngulo fat\u00eddico condenado a entenderse: La puta respetuosa (el pueblo llano), el pol\u00edtico (los gobernantes) y el negro (el chivo expiatorio). No se limita a narrar una historia de racismo, sino que va m\u00e1s all\u00e1: La historia de c\u00f3mo una sociedad se constituye y se relaciona entre s\u00ed, la ausencia de \u00e9tica, el asomo de alg\u00fan remordimiento, de alg\u00fan acto bueno, pero la sombra alargada de que el hombre es el lobo del hombre siempre est\u00e1 ah\u00ed. Se represent\u00f3 por primera vez el 8 de noviembre de 1946. A puerta cerrada es una obra de teatro existencialista creada por el fil\u00f3sofo Jean-Paul Sartre en 1944, originalmente publicada en franc\u00e9s bajo el t\u00edtulo Huis Clos y fue puesta en escena por primera vez en el Vieux-Colombier en mayo de 1944, justo antes de la liberaci\u00f3n de Par\u00eds durante la Segunda Guerra Mundial. La obra s\u00f3lo presenta cuatro personajes (uno de los cuales, el Mayordomo, aparece por muy poco tiempo) y un solo escenario. A puerta cerrada es la fuente de la, quiz\u00e1s, m\u00e1s famosa frase de Sartre, \u00abEl infierno son los otros\u00bb (\u00abL\u2019enfer, c\u2019est les autres\u00bb). Ha sido adaptada al cine. La obra se inicia con el Mayordomo conduciendo a un hombre llamado Garcin hacia un cuarto, que la audiencia pronto identifica como el infierno (el infierno puede ser un hotel gigantesco, debido a los \u00abcuartos y pasillos\u00bb mencionados en la obra). El cuarto no tiene espejos ni ventanas y s\u00f3lo cuenta con una puerta, tres sillones, una estatua de bronce y un abrecartas. Finalmente, una mujer, In\u00e9s, entra a la habitaci\u00f3n de Garcin, y posteriormente otra, Estelle. Despu\u00e9s de que ambas ingresen, el Mayordomo sale y la puerta es cerrada con llave. Todos esperan ser torturados, pero no aparece torturador alguno. En lugar de ello, ellos descubren que est\u00e1n ah\u00ed para torturarse entre ellos, lo cual parecen estar logrando. Al principio, los tres observan eventos que les conciernen, sucediendo en Tierra, pero finalmente (conforme su conexi\u00f3n con la Tierra se desvanece y los vivos prosiguen) son abandonados con sus propios pensamientos y la compa\u00f1\u00eda de los otros dos. Al final de la obra, Garcin exige salir; tras decirlo, la puerta se abre, pero ninguno decide salir, ya que se dan cuenta de que no pueden vivir los unos sin los otros.<\/p>\n","protected":false},"excerpt":{"rendered":"<p>Sartre sit\u00faa La puta respetuosa en una ciudad americana del Sur y en ella un tri\u00e1ngulo fat\u00eddico condenado a entenderse: La puta respetuosa (el pueblo llano), el pol\u00edtico (los gobernantes) y el negro (el chivo expiatorio). No se limita a narrar una historia de racismo, sino que va m\u00e1s all\u00e1: La historia de c\u00f3mo una [&hellip;]<\/p>\n","protected":false},"featured_media":8130,"template":"","meta":[],"product_brand":[],"product_cat":[25],"product_tag":[1165,54,967,1166,43],"class_list":{"0":"post-8127","1":"product","2":"type-product","3":"status-publish","4":"has-post-thumbnail","6":"product_cat-libros-digitales-ebooks","7":"product_tag-a-puerta-cerrada","8":"product_tag-descargar-ebook","9":"product_tag-jean-paul-sartre","10":"product_tag-la-puta-respetuosa","11":"product_tag-novelas-romanticas","13":"first","14":"instock","15":"shipping-taxable","16":"purchasable","17":"product-type-variable","18":"has-default-attributes"},"_links":{"self":[{"href":"https:\/\/www.taller-palabras.com\/WordPress_04\/wp-json\/wp\/v2\/product\/8127","targetHints":{"allow":["GET"]}}],"collection":[{"href":"https:\/\/www.taller-palabras.com\/WordPress_04\/wp-json\/wp\/v2\/product"}],"about":[{"href":"https:\/\/www.taller-palabras.com\/WordPress_04\/wp-json\/wp\/v2\/types\/product"}],"wp:featuredmedia":[{"embeddable":true,"href":"https:\/\/www.taller-palabras.com\/WordPress_04\/wp-json\/wp\/v2\/media\/8130"}],"wp:attachment":[{"href":"https:\/\/www.taller-palabras.com\/WordPress_04\/wp-json\/wp\/v2\/media?parent=8127"}],"wp:term":[{"taxonomy":"product_brand","embeddable":true,"href":"https:\/\/www.taller-palabras.com\/WordPress_04\/wp-json\/wp\/v2\/product_brand?post=8127"},{"taxonomy":"product_cat","embeddable":true,"href":"https:\/\/www.taller-palabras.com\/WordPress_04\/wp-json\/wp\/v2\/product_cat?post=8127"},{"taxonomy":"product_tag","embeddable":true,"href":"https:\/\/www.taller-palabras.com\/WordPress_04\/wp-json\/wp\/v2\/product_tag?post=8127"}],"curies":[{"name":"wp","href":"https:\/\/api.w.org\/{rel}","templated":true}]}}