{"id":8133,"date":"2023-10-08T10:43:28","date_gmt":"2023-10-08T13:43:28","guid":{"rendered":"https:\/\/www.taller-palabras.com\/WordPress_04\/?post_type=product&#038;p=8133"},"modified":"2023-10-08T10:49:57","modified_gmt":"2023-10-08T13:49:57","slug":"post-mortem-patricia-cornwell-ebook","status":"publish","type":"product","link":"https:\/\/www.taller-palabras.com\/WordPress_04\/producto\/post-mortem-patricia-cornwell-ebook","title":{"rendered":"Post Mortem &#8211; Patricia Cornwell \/ebook"},"content":{"rendered":"<figure id=\"attachment_8137\" aria-describedby=\"caption-attachment-8137\" style=\"width: 150px\" class=\"wp-caption alignleft\"><img loading=\"lazy\" decoding=\"async\" class=\"wp-image-8137 size-thumbnail\" src=\"https:\/\/www.taller-palabras.com\/WordPress_04\/wp-content\/uploads\/2023\/10\/Patricia_Cornwell-150x150.jpg\" alt=\"\" width=\"150\" height=\"150\" srcset=\"https:\/\/www.taller-palabras.com\/WordPress_04\/wp-content\/uploads\/2023\/10\/Patricia_Cornwell-150x150.jpg 150w, https:\/\/www.taller-palabras.com\/WordPress_04\/wp-content\/uploads\/2023\/10\/Patricia_Cornwell-100x100.jpg 100w, https:\/\/www.taller-palabras.com\/WordPress_04\/wp-content\/uploads\/2023\/10\/Patricia_Cornwell.jpg 283w\" sizes=\"auto, (max-width: 150px) 100vw, 150px\" \/><figcaption id=\"caption-attachment-8137\" class=\"wp-caption-text\">Autora Patricia Cornwell<\/figcaption><\/figure>\n<p>Tres mujeres han aparecido salvajemente asesinadas en sus propios dormitorios. El responsable de estos cr\u00edmenes act\u00faa siempre los s\u00e1bados, de madrugada, y deja muy pocas pistas. De manera que cuando la doctora Kay Scarpetta, jefa del departamento de Medicina Legal de la ciudad, recibe una llamada a las 2.33, supone que algo grave ha sucedido: hay una cuarta v\u00edctima. Kay Scarpetta recurrir\u00e1 a los \u00faltimos avances en medicina legal y tendr\u00e1 que v\u00e9rselas con aquellos que quieren sabotear su trabajo\u2026, y es que no a todo el mundo le gusta ver a una mujer en el puesto que ella ocupa.<\/p>\n","protected":false},"excerpt":{"rendered":"<p>Tres mujeres han aparecido salvajemente asesinadas en sus propios dormitorios. El responsable de estos cr\u00edmenes act\u00faa siempre los s\u00e1bados, de madrugada, y deja muy pocas pistas. De manera que cuando la doctora Kay Scarpetta, jefa del departamento de Medicina Legal de la ciudad, recibe una llamada a las 2.33, supone que algo grave ha sucedido: [&hellip;]<\/p>\n","protected":false},"featured_media":8138,"template":"","meta":[],"product_brand":[],"product_cat":[25],"product_tag":[54,43,1167,1168],"class_list":{"0":"post-8133","1":"product","2":"type-product","3":"status-publish","4":"has-post-thumbnail","6":"product_cat-libros-digitales-ebooks","7":"product_tag-descargar-ebook","8":"product_tag-novelas-romanticas","9":"product_tag-patricia-cornwell","10":"product_tag-post-mortem","12":"first","13":"instock","14":"shipping-taxable","15":"purchasable","16":"product-type-variable","17":"has-default-attributes"},"_links":{"self":[{"href":"https:\/\/www.taller-palabras.com\/WordPress_04\/wp-json\/wp\/v2\/product\/8133","targetHints":{"allow":["GET"]}}],"collection":[{"href":"https:\/\/www.taller-palabras.com\/WordPress_04\/wp-json\/wp\/v2\/product"}],"about":[{"href":"https:\/\/www.taller-palabras.com\/WordPress_04\/wp-json\/wp\/v2\/types\/product"}],"wp:featuredmedia":[{"embeddable":true,"href":"https:\/\/www.taller-palabras.com\/WordPress_04\/wp-json\/wp\/v2\/media\/8138"}],"wp:attachment":[{"href":"https:\/\/www.taller-palabras.com\/WordPress_04\/wp-json\/wp\/v2\/media?parent=8133"}],"wp:term":[{"taxonomy":"product_brand","embeddable":true,"href":"https:\/\/www.taller-palabras.com\/WordPress_04\/wp-json\/wp\/v2\/product_brand?post=8133"},{"taxonomy":"product_cat","embeddable":true,"href":"https:\/\/www.taller-palabras.com\/WordPress_04\/wp-json\/wp\/v2\/product_cat?post=8133"},{"taxonomy":"product_tag","embeddable":true,"href":"https:\/\/www.taller-palabras.com\/WordPress_04\/wp-json\/wp\/v2\/product_tag?post=8133"}],"curies":[{"name":"wp","href":"https:\/\/api.w.org\/{rel}","templated":true}]}}