{"id":8139,"date":"2023-10-08T10:51:01","date_gmt":"2023-10-08T13:51:01","guid":{"rendered":"https:\/\/www.taller-palabras.com\/WordPress_04\/?post_type=product&#038;p=8139"},"modified":"2023-10-08T11:00:26","modified_gmt":"2023-10-08T14:00:26","slug":"yo-mate-a-kennedy-manuel-vazquez-montalban-ebook","status":"publish","type":"product","link":"https:\/\/www.taller-palabras.com\/WordPress_04\/producto\/yo-mate-a-kennedy-manuel-vazquez-montalban-ebook","title":{"rendered":"Yo mat\u00e9 a Kennedy &#8211; Manuel Vazquez Montalban \/ebook"},"content":{"rendered":"<figure id=\"attachment_8142\" aria-describedby=\"caption-attachment-8142\" style=\"width: 150px\" class=\"wp-caption alignleft\"><img loading=\"lazy\" decoding=\"async\" class=\"wp-image-8142 size-thumbnail\" src=\"https:\/\/www.taller-palabras.com\/WordPress_04\/wp-content\/uploads\/2023\/10\/manuel-vazquez-montalban-150x150.jpg\" alt=\"\" width=\"150\" height=\"150\" srcset=\"https:\/\/www.taller-palabras.com\/WordPress_04\/wp-content\/uploads\/2023\/10\/manuel-vazquez-montalban-150x150.jpg 150w, https:\/\/www.taller-palabras.com\/WordPress_04\/wp-content\/uploads\/2023\/10\/manuel-vazquez-montalban-100x100.jpg 100w, https:\/\/www.taller-palabras.com\/WordPress_04\/wp-content\/uploads\/2023\/10\/manuel-vazquez-montalban.jpg 283w\" sizes=\"auto, (max-width: 150px) 100vw, 150px\" \/><figcaption id=\"caption-attachment-8142\" class=\"wp-caption-text\">Autor Manuel Vazquez Montalban<\/figcaption><\/figure>\n<p>En Yo mat\u00e9 a Kennedy asistimos al nacimiento de Pepe Carvalho como personaje literario, en el marco de una novela que abri\u00f3 espacios a la libertad de leer y escribir en Espa\u00f1a. Presentada como una aparente novela de aventuras, es un ajuste de cuentas a todos los t\u00f3picos que formaron parte de la educaci\u00f3n moral, pol\u00edtica, sentimental de los espa\u00f1oles progres. Aqu\u00ed, Pepe Carvalho es un guardaespaldas de origen gallego que ha sido miembro del Partido Comunista de Espa\u00f1a y ahora lo es de la CIA.<\/p>\n","protected":false},"excerpt":{"rendered":"<p>En Yo mat\u00e9 a Kennedy asistimos al nacimiento de Pepe Carvalho como personaje literario, en el marco de una novela que abri\u00f3 espacios a la libertad de leer y escribir en Espa\u00f1a. Presentada como una aparente novela de aventuras, es un ajuste de cuentas a todos los t\u00f3picos que formaron parte de la educaci\u00f3n moral, [&hellip;]<\/p>\n","protected":false},"featured_media":8143,"template":"","meta":[],"product_brand":[],"product_cat":[25],"product_tag":[54,1169,43,1170],"class_list":{"0":"post-8139","1":"product","2":"type-product","3":"status-publish","4":"has-post-thumbnail","6":"product_cat-libros-digitales-ebooks","7":"product_tag-descargar-ebook","8":"product_tag-manuel-vazquez-montalban","9":"product_tag-novelas-romanticas","10":"product_tag-yo-mate-a-kennedy","12":"first","13":"instock","14":"shipping-taxable","15":"purchasable","16":"product-type-variable","17":"has-default-attributes"},"_links":{"self":[{"href":"https:\/\/www.taller-palabras.com\/WordPress_04\/wp-json\/wp\/v2\/product\/8139","targetHints":{"allow":["GET"]}}],"collection":[{"href":"https:\/\/www.taller-palabras.com\/WordPress_04\/wp-json\/wp\/v2\/product"}],"about":[{"href":"https:\/\/www.taller-palabras.com\/WordPress_04\/wp-json\/wp\/v2\/types\/product"}],"wp:featuredmedia":[{"embeddable":true,"href":"https:\/\/www.taller-palabras.com\/WordPress_04\/wp-json\/wp\/v2\/media\/8143"}],"wp:attachment":[{"href":"https:\/\/www.taller-palabras.com\/WordPress_04\/wp-json\/wp\/v2\/media?parent=8139"}],"wp:term":[{"taxonomy":"product_brand","embeddable":true,"href":"https:\/\/www.taller-palabras.com\/WordPress_04\/wp-json\/wp\/v2\/product_brand?post=8139"},{"taxonomy":"product_cat","embeddable":true,"href":"https:\/\/www.taller-palabras.com\/WordPress_04\/wp-json\/wp\/v2\/product_cat?post=8139"},{"taxonomy":"product_tag","embeddable":true,"href":"https:\/\/www.taller-palabras.com\/WordPress_04\/wp-json\/wp\/v2\/product_tag?post=8139"}],"curies":[{"name":"wp","href":"https:\/\/api.w.org\/{rel}","templated":true}]}}