{"id":819,"date":"2020-01-12T15:47:55","date_gmt":"2020-01-12T18:47:55","guid":{"rendered":"https:\/\/www.taller-palabras.com\/WordPress_04\/?post_type=product&#038;p=819"},"modified":"2026-03-31T12:13:54","modified_gmt":"2026-03-31T15:13:54","slug":"cronica-de-una-muerte-anunciada-gabriel-garcia-marquez-ebook","status":"publish","type":"product","link":"https:\/\/www.taller-palabras.com\/WordPress_04\/producto\/cronica-de-una-muerte-anunciada-gabriel-garcia-marquez-ebook","title":{"rendered":"Cr\u00f3nica de una muerte anunciada &#8211; Gabriel Garc\u00eda M\u00e1rquez  \/ebook"},"content":{"rendered":"<figure id=\"attachment_823\" aria-describedby=\"caption-attachment-823\" style=\"width: 150px\" class=\"wp-caption alignleft\"><img loading=\"lazy\" decoding=\"async\" class=\"wp-image-823 size-thumbnail\" src=\"https:\/\/www.taller-palabras.com\/WordPress_04\/wp-content\/uploads\/2020\/01\/garcia_marquez-150x150.jpg\" alt=\"\" width=\"150\" height=\"150\" srcset=\"https:\/\/www.taller-palabras.com\/WordPress_04\/wp-content\/uploads\/2020\/01\/garcia_marquez-150x150.jpg 150w, https:\/\/www.taller-palabras.com\/WordPress_04\/wp-content\/uploads\/2020\/01\/garcia_marquez-100x100.jpg 100w\" sizes=\"auto, (max-width: 150px) 100vw, 150px\" \/><figcaption id=\"caption-attachment-823\" class=\"wp-caption-text\">Autor Gabriel Garc\u00eda M\u00e1rquez<\/figcaption><\/figure>\n<p>Cr\u00f3nica de una muerte anunciada, novela corta publicada en 1981, es una de Las obras m\u00e1s conocidas y apreciadas de Garc\u00eda M\u00e1rquez. Relata en forma de reconstrucci\u00f3n casi period\u00edstica el asesinato de Santiago Nasar a manos de los gemelos Vicario. Desde el comienzo de la narraci\u00f3n se anuncia que Santiago Nasar va a morir: es el joven hijo de un \u00e1rabe emigrado y parece ser el causante de la deshonra de \u00c1ngela, hermana de los gemelos, que ha contra\u00eddo matrimonio el d\u00eda anterior y ha sido rechazada por su marido. \u00abNunca hubo una muerte tan anunciada\u00bb, declara quien rememora los hechos veintisiete a\u00f1os despu\u00e9s: los vengadores, en efecto, no se cansan de proclamar sus prop\u00f3sitos por todo el pueblo, como si quisieran evitar el mandato del destino, pero un c\u00famulo de casualidades hace que quienes pueden evitar el crimen no logren intervenir o se decidan demasiado tarde. El propio Santiago Nasar se levanta esa ma\u00f1ana despreocupado, ajeno por completo a la muerte que le aguarda.<\/p>\n","protected":false},"excerpt":{"rendered":"<p>Cr\u00f3nica de una muerte anunciada, novela corta publicada en 1981, es una de Las obras m\u00e1s conocidas y apreciadas de Garc\u00eda M\u00e1rquez. Relata en forma de reconstrucci\u00f3n casi period\u00edstica el asesinato de Santiago Nasar a manos de los gemelos Vicario. Desde el comienzo de la narraci\u00f3n se anuncia que Santiago Nasar va a morir: es [&hellip;]<\/p>\n","protected":false},"featured_media":827,"template":"","meta":[],"product_brand":[1706],"product_cat":[25],"product_tag":[170,136,171,55],"class_list":{"0":"post-819","1":"product","2":"type-product","3":"status-publish","4":"has-post-thumbnail","6":"product_brand-grupo1","7":"product_cat-libros-digitales-ebooks","8":"product_tag-cronica-de-una-muerte-anunciada","9":"product_tag-decargar-ebook","10":"product_tag-gabriel-garcia-marquez","11":"product_tag-novelas","13":"first","14":"instock","15":"shipping-taxable","16":"purchasable","17":"product-type-variable","18":"has-default-attributes"},"_links":{"self":[{"href":"https:\/\/www.taller-palabras.com\/WordPress_04\/wp-json\/wp\/v2\/product\/819","targetHints":{"allow":["GET"]}}],"collection":[{"href":"https:\/\/www.taller-palabras.com\/WordPress_04\/wp-json\/wp\/v2\/product"}],"about":[{"href":"https:\/\/www.taller-palabras.com\/WordPress_04\/wp-json\/wp\/v2\/types\/product"}],"wp:featuredmedia":[{"embeddable":true,"href":"https:\/\/www.taller-palabras.com\/WordPress_04\/wp-json\/wp\/v2\/media\/827"}],"wp:attachment":[{"href":"https:\/\/www.taller-palabras.com\/WordPress_04\/wp-json\/wp\/v2\/media?parent=819"}],"wp:term":[{"taxonomy":"product_brand","embeddable":true,"href":"https:\/\/www.taller-palabras.com\/WordPress_04\/wp-json\/wp\/v2\/product_brand?post=819"},{"taxonomy":"product_cat","embeddable":true,"href":"https:\/\/www.taller-palabras.com\/WordPress_04\/wp-json\/wp\/v2\/product_cat?post=819"},{"taxonomy":"product_tag","embeddable":true,"href":"https:\/\/www.taller-palabras.com\/WordPress_04\/wp-json\/wp\/v2\/product_tag?post=819"}],"curies":[{"name":"wp","href":"https:\/\/api.w.org\/{rel}","templated":true}]}}