{"id":828,"date":"2022-03-06T10:20:34","date_gmt":"2022-03-06T13:20:34","guid":{"rendered":"https:\/\/www.taller-palabras.com\/WordPress_04\/?post_type=product&#038;p=828"},"modified":"2026-03-31T13:04:49","modified_gmt":"2026-03-31T16:04:49","slug":"la-ciudad-y-los-perros-mario-vargas-llosa-ebook","status":"publish","type":"product","link":"https:\/\/www.taller-palabras.com\/WordPress_04\/producto\/la-ciudad-y-los-perros-mario-vargas-llosa-ebook","title":{"rendered":"La ciudad y los perros &#8211; Mario Vargas Llosa  \/ebook"},"content":{"rendered":"<figure id=\"attachment_235\" aria-describedby=\"caption-attachment-235\" style=\"width: 150px\" class=\"wp-caption alignleft\"><img loading=\"lazy\" decoding=\"async\" class=\"wp-image-235 size-thumbnail\" src=\"https:\/\/www.taller-palabras.com\/WordPress_04\/wp-content\/uploads\/2018\/10\/vargas_llosa-150x150.jpg\" alt=\"\" width=\"150\" height=\"150\" srcset=\"https:\/\/www.taller-palabras.com\/WordPress_04\/wp-content\/uploads\/2018\/10\/vargas_llosa-150x150.jpg 150w, https:\/\/www.taller-palabras.com\/WordPress_04\/wp-content\/uploads\/2018\/10\/vargas_llosa-324x324.jpg 324w, https:\/\/www.taller-palabras.com\/WordPress_04\/wp-content\/uploads\/2018\/10\/vargas_llosa-100x100.jpg 100w\" sizes=\"auto, (max-width: 150px) 100vw, 150px\" \/><figcaption id=\"caption-attachment-235\" class=\"wp-caption-text\">Autor Mario Vargas Llosa<\/figcaption><\/figure>\n<p>Un libro b\u00e1sico para el estudio de la literatura hispanoamericana de la segunda mitad de este siglo. Con esta novela Vargas Llosa alcanz\u00f3 el reconocimiento internacional. En ella demuestra una madurez literaria extraordinaria que en delante ir\u00e1 en aumento hasta alcanzar un estilo depurad\u00edsimo y un sitio de primera fila entre los escritores contempor\u00e1neos. Desde su publicaci\u00f3n, La ciudad y los perros ha sido traducida a m\u00e1s de treinta idiomas. La ciudad y los perros no solamente es una diatriba contra la brutalidad ejercida en un grupo de j\u00f3venes alumnos del Colegio Militar Leoncio Prado, tambi\u00e9n es un ataque frontal al concepto err\u00f3neo de la virilidad, de sus funciones y de las consecuencias de una educaci\u00f3n castrense malentendida. Aunada a la brutalidad propia de la vida militar, a lo largo de las p\u00e1ginas de esta extraordinaria novela, la vehemencia y la pasi\u00f3n de la juventud se desbocan hasta llegar a una furia, una rabia y un fanatismo que anulan toda su sensibilidad. El libro m\u00e1s violento de Mario Vargas Llosa.<\/p>\n","protected":false},"excerpt":{"rendered":"<p>Un libro b\u00e1sico para el estudio de la literatura hispanoamericana de la segunda mitad de este siglo. Con esta novela Vargas Llosa alcanz\u00f3 el reconocimiento internacional. En ella demuestra una madurez literaria extraordinaria que en delante ir\u00e1 en aumento hasta alcanzar un estilo depurad\u00edsimo y un sitio de primera fila entre los escritores contempor\u00e1neos. Desde [&hellip;]<\/p>\n","protected":false},"featured_media":832,"template":"","meta":[],"product_brand":[1706],"product_cat":[25],"product_tag":[136,169,84,55],"class_list":{"0":"post-828","1":"product","2":"type-product","3":"status-publish","4":"has-post-thumbnail","6":"product_brand-grupo1","7":"product_cat-libros-digitales-ebooks","8":"product_tag-decargar-ebook","9":"product_tag-la-ciudad-y-los-perros","10":"product_tag-mario-vargas-llosa","11":"product_tag-novelas","13":"first","14":"instock","15":"shipping-taxable","16":"purchasable","17":"product-type-variable","18":"has-default-attributes"},"_links":{"self":[{"href":"https:\/\/www.taller-palabras.com\/WordPress_04\/wp-json\/wp\/v2\/product\/828","targetHints":{"allow":["GET"]}}],"collection":[{"href":"https:\/\/www.taller-palabras.com\/WordPress_04\/wp-json\/wp\/v2\/product"}],"about":[{"href":"https:\/\/www.taller-palabras.com\/WordPress_04\/wp-json\/wp\/v2\/types\/product"}],"wp:featuredmedia":[{"embeddable":true,"href":"https:\/\/www.taller-palabras.com\/WordPress_04\/wp-json\/wp\/v2\/media\/832"}],"wp:attachment":[{"href":"https:\/\/www.taller-palabras.com\/WordPress_04\/wp-json\/wp\/v2\/media?parent=828"}],"wp:term":[{"taxonomy":"product_brand","embeddable":true,"href":"https:\/\/www.taller-palabras.com\/WordPress_04\/wp-json\/wp\/v2\/product_brand?post=828"},{"taxonomy":"product_cat","embeddable":true,"href":"https:\/\/www.taller-palabras.com\/WordPress_04\/wp-json\/wp\/v2\/product_cat?post=828"},{"taxonomy":"product_tag","embeddable":true,"href":"https:\/\/www.taller-palabras.com\/WordPress_04\/wp-json\/wp\/v2\/product_tag?post=828"}],"curies":[{"name":"wp","href":"https:\/\/api.w.org\/{rel}","templated":true}]}}