{"id":8356,"date":"2023-11-11T12:12:33","date_gmt":"2023-11-11T15:12:33","guid":{"rendered":"https:\/\/www.taller-palabras.com\/WordPress_04\/?post_type=product&#038;p=8356"},"modified":"2023-11-11T12:32:07","modified_gmt":"2023-11-11T15:32:07","slug":"el-garden-party-y-otros-cuentos-katherine-mansfield-ebook","status":"publish","type":"product","link":"https:\/\/www.taller-palabras.com\/WordPress_04\/producto\/el-garden-party-y-otros-cuentos-katherine-mansfield-ebook","title":{"rendered":"El Garden Party y otros cuentos &#8211; Katherine Mansfield \/ebook"},"content":{"rendered":"<figure id=\"attachment_8366\" aria-describedby=\"caption-attachment-8366\" style=\"width: 150px\" class=\"wp-caption alignleft\"><img loading=\"lazy\" decoding=\"async\" class=\"wp-image-8366 size-thumbnail\" src=\"https:\/\/www.taller-palabras.com\/WordPress_04\/wp-content\/uploads\/2023\/11\/Katherine-Mansfield-150x150.jpg\" alt=\"\" width=\"150\" height=\"150\" srcset=\"https:\/\/www.taller-palabras.com\/WordPress_04\/wp-content\/uploads\/2023\/11\/Katherine-Mansfield-150x150.jpg 150w, https:\/\/www.taller-palabras.com\/WordPress_04\/wp-content\/uploads\/2023\/11\/Katherine-Mansfield-100x100.jpg 100w, https:\/\/www.taller-palabras.com\/WordPress_04\/wp-content\/uploads\/2023\/11\/Katherine-Mansfield.jpg 283w\" sizes=\"auto, (max-width: 150px) 100vw, 150px\" \/><figcaption id=\"caption-attachment-8366\" class=\"wp-caption-text\">Autora Katherine Mansfield<\/figcaption><\/figure>\n<p>Contiene este libro algunos de los cuentos de la autora que mejor ilustran su estilo llano y po\u00e9tico, punto de partida para la percepci\u00f3n de un incomparable mundo interior que apenas se ve ensombrecido por su terrible sufrimiento f\u00edsico y moral.<\/p>\n","protected":false},"excerpt":{"rendered":"<p>Contiene este libro algunos de los cuentos de la autora que mejor ilustran su estilo llano y po\u00e9tico, punto de partida para la percepci\u00f3n de un incomparable mundo interior que apenas se ve ensombrecido por su terrible sufrimiento f\u00edsico y moral.<\/p>\n","protected":false},"featured_media":8367,"template":"","meta":[],"product_brand":[],"product_cat":[25],"product_tag":[54,1174,1173],"class_list":{"0":"post-8356","1":"product","2":"type-product","3":"status-publish","4":"has-post-thumbnail","6":"product_cat-libros-digitales-ebooks","7":"product_tag-descargar-ebook","8":"product_tag-el-garden-party-y-otros-cuentos","9":"product_tag-katherine-mansfield","11":"first","12":"instock","13":"shipping-taxable","14":"purchasable","15":"product-type-variable","16":"has-default-attributes"},"_links":{"self":[{"href":"https:\/\/www.taller-palabras.com\/WordPress_04\/wp-json\/wp\/v2\/product\/8356","targetHints":{"allow":["GET"]}}],"collection":[{"href":"https:\/\/www.taller-palabras.com\/WordPress_04\/wp-json\/wp\/v2\/product"}],"about":[{"href":"https:\/\/www.taller-palabras.com\/WordPress_04\/wp-json\/wp\/v2\/types\/product"}],"wp:featuredmedia":[{"embeddable":true,"href":"https:\/\/www.taller-palabras.com\/WordPress_04\/wp-json\/wp\/v2\/media\/8367"}],"wp:attachment":[{"href":"https:\/\/www.taller-palabras.com\/WordPress_04\/wp-json\/wp\/v2\/media?parent=8356"}],"wp:term":[{"taxonomy":"product_brand","embeddable":true,"href":"https:\/\/www.taller-palabras.com\/WordPress_04\/wp-json\/wp\/v2\/product_brand?post=8356"},{"taxonomy":"product_cat","embeddable":true,"href":"https:\/\/www.taller-palabras.com\/WordPress_04\/wp-json\/wp\/v2\/product_cat?post=8356"},{"taxonomy":"product_tag","embeddable":true,"href":"https:\/\/www.taller-palabras.com\/WordPress_04\/wp-json\/wp\/v2\/product_tag?post=8356"}],"curies":[{"name":"wp","href":"https:\/\/api.w.org\/{rel}","templated":true}]}}