{"id":8372,"date":"2023-02-20T10:45:47","date_gmt":"2023-02-20T13:45:47","guid":{"rendered":"https:\/\/www.taller-palabras.com\/WordPress_04\/?post_type=product&#038;p=8372"},"modified":"2024-01-19T13:17:19","modified_gmt":"2024-01-19T16:17:19","slug":"grandes-esperanzas-charles-dickens-ebook","status":"publish","type":"product","link":"https:\/\/www.taller-palabras.com\/WordPress_04\/producto\/grandes-esperanzas-charles-dickens-ebook","title":{"rendered":"Grandes esperanzas &#8211; Charles Dickens \/ebook"},"content":{"rendered":"<figure id=\"attachment_8830\" aria-describedby=\"caption-attachment-8830\" style=\"width: 150px\" class=\"wp-caption alignleft\"><img loading=\"lazy\" decoding=\"async\" class=\"wp-image-8830 size-thumbnail\" src=\"https:\/\/www.taller-palabras.com\/WordPress_04\/wp-content\/uploads\/2024\/01\/Charles-Dickens-150x150.jpg\" alt=\"\" width=\"150\" height=\"150\" srcset=\"https:\/\/www.taller-palabras.com\/WordPress_04\/wp-content\/uploads\/2024\/01\/Charles-Dickens-150x150.jpg 150w, https:\/\/www.taller-palabras.com\/WordPress_04\/wp-content\/uploads\/2024\/01\/Charles-Dickens-100x100.jpg 100w, https:\/\/www.taller-palabras.com\/WordPress_04\/wp-content\/uploads\/2024\/01\/Charles-Dickens.jpg 198w\" sizes=\"auto, (max-width: 150px) 100vw, 150px\" \/><figcaption id=\"caption-attachment-8830\" class=\"wp-caption-text\">Autor Charles Dickens<\/figcaption><\/figure>\n<p>El personaje central de Grandes esperanzas es un muchacho humilde, de una peque\u00f1a aldea, cuya vida cambia bajo la influencia de un misterioso bienhechor y la pasi\u00f3n desatada por unos dram\u00e1ticos amores. La realidad de la vida cotidiana y la fantas\u00eda, se dan la mano en esta obra capital del autor, una de las m\u00e1s atractivas de la literatura inglesa del siglo XIX. El mundo extraordinariamente humano y detallista de Dickens y la psicolog\u00eda de sus personajes revelan la maestr\u00eda del novelista.<br \/>\nGrandes esperanzas (1861) apareci\u00f3 por primera vez publicado por entregas en un peri\u00f3dico editado por el mismo autor.<\/p>\n","protected":false},"excerpt":{"rendered":"<p>El personaje central de Grandes esperanzas es un muchacho humilde, de una peque\u00f1a aldea, cuya vida cambia bajo la influencia de un misterioso bienhechor y la pasi\u00f3n desatada por unos dram\u00e1ticos amores. La realidad de la vida cotidiana y la fantas\u00eda, se dan la mano en esta obra capital del autor, una de las m\u00e1s [&hellip;]<\/p>\n","protected":false},"featured_media":8375,"template":"","meta":[],"product_brand":[],"product_cat":[25],"product_tag":[979,54,1177],"class_list":{"0":"post-8372","1":"product","2":"type-product","3":"status-publish","4":"has-post-thumbnail","6":"product_cat-libros-digitales-ebooks","7":"product_tag-charles-dickens","8":"product_tag-descargar-ebook","9":"product_tag-grandes-esperanzas","11":"first","12":"instock","13":"shipping-taxable","14":"purchasable","15":"product-type-variable","16":"has-default-attributes"},"_links":{"self":[{"href":"https:\/\/www.taller-palabras.com\/WordPress_04\/wp-json\/wp\/v2\/product\/8372","targetHints":{"allow":["GET"]}}],"collection":[{"href":"https:\/\/www.taller-palabras.com\/WordPress_04\/wp-json\/wp\/v2\/product"}],"about":[{"href":"https:\/\/www.taller-palabras.com\/WordPress_04\/wp-json\/wp\/v2\/types\/product"}],"wp:featuredmedia":[{"embeddable":true,"href":"https:\/\/www.taller-palabras.com\/WordPress_04\/wp-json\/wp\/v2\/media\/8375"}],"wp:attachment":[{"href":"https:\/\/www.taller-palabras.com\/WordPress_04\/wp-json\/wp\/v2\/media?parent=8372"}],"wp:term":[{"taxonomy":"product_brand","embeddable":true,"href":"https:\/\/www.taller-palabras.com\/WordPress_04\/wp-json\/wp\/v2\/product_brand?post=8372"},{"taxonomy":"product_cat","embeddable":true,"href":"https:\/\/www.taller-palabras.com\/WordPress_04\/wp-json\/wp\/v2\/product_cat?post=8372"},{"taxonomy":"product_tag","embeddable":true,"href":"https:\/\/www.taller-palabras.com\/WordPress_04\/wp-json\/wp\/v2\/product_tag?post=8372"}],"curies":[{"name":"wp","href":"https:\/\/api.w.org\/{rel}","templated":true}]}}