{"id":838,"date":"2020-01-16T14:38:00","date_gmt":"2020-01-16T17:38:00","guid":{"rendered":"https:\/\/www.taller-palabras.com\/WordPress_04\/?post_type=product&#038;p=838"},"modified":"2023-10-21T18:37:58","modified_gmt":"2023-10-21T21:37:58","slug":"el-leon-la-bruja-y-el-ropero-c-s-lewis-ebook","status":"publish","type":"product","link":"https:\/\/www.taller-palabras.com\/WordPress_04\/producto\/el-leon-la-bruja-y-el-ropero-c-s-lewis-ebook","title":{"rendered":"El leon, la bruja y el ropero &#8211; C. S. Lewis  \/ebook"},"content":{"rendered":"<figure id=\"attachment_844\" aria-describedby=\"caption-attachment-844\" style=\"width: 150px\" class=\"wp-caption alignleft\"><img loading=\"lazy\" decoding=\"async\" class=\"wp-image-844 size-thumbnail\" src=\"https:\/\/www.taller-palabras.com\/WordPress_04\/wp-content\/uploads\/2020\/01\/CSLewis-150x150.jpg\" alt=\"\" width=\"150\" height=\"150\" srcset=\"https:\/\/www.taller-palabras.com\/WordPress_04\/wp-content\/uploads\/2020\/01\/CSLewis-150x150.jpg 150w, https:\/\/www.taller-palabras.com\/WordPress_04\/wp-content\/uploads\/2020\/01\/CSLewis-100x100.jpg 100w, https:\/\/www.taller-palabras.com\/WordPress_04\/wp-content\/uploads\/2020\/01\/CSLewis.jpg 200w\" sizes=\"auto, (max-width: 150px) 100vw, 150px\" \/><figcaption id=\"caption-attachment-844\" class=\"wp-caption-text\">Autor C.S. Lewis<\/figcaption><\/figure>\n<p>Durante la Segunda Guerra Mundial, cuatro ni\u00f1os son enviados fuera de Londres, a la inmensa casa de un viejo profesor. En ese lugar, en una habitaci\u00f3n, hay un antiguo armario. En su interior cuelgan numerosos abrigos\u2026 al fondo est\u00e1 Narnia. En este mundo se internan los cuatro ni\u00f1os y viven sorprendentes aventuras.<br \/>\nNarnia\u2026un mundo congelado\u2026 un pa\u00eds que aguarda su liberaci\u00f3n.<br \/>\nCuatro ni\u00f1os que viven en una casa solitaria descubren un armario que les sirve de puerta de acceso a Narnia, un pa\u00eds congelado en un invierno eterno y sin Navidad. Cumpliendo con las viejas profec\u00edas, los ni\u00f1os -junto con el le\u00f3n Aslan- ser\u00e1n los encargados de liberar al pa\u00eds de la tiran\u00eda de la Bruja Blanca y recuperar el verano, la luz y la alegr\u00eda para todos los habitantes de Narnia.<\/p>\n","protected":false},"excerpt":{"rendered":"<p>Durante la Segunda Guerra Mundial, cuatro ni\u00f1os son enviados fuera de Londres, a la inmensa casa de un viejo profesor. En ese lugar, en una habitaci\u00f3n, hay un antiguo armario. En su interior cuelgan numerosos abrigos\u2026 al fondo est\u00e1 Narnia. En este mundo se internan los cuatro ni\u00f1os y viven sorprendentes aventuras. Narnia\u2026un mundo congelado\u2026 [&hellip;]<\/p>\n","protected":false},"featured_media":843,"template":"","meta":[],"product_brand":[],"product_cat":[25],"product_tag":[168,136,167,55],"class_list":{"0":"post-838","1":"product","2":"type-product","3":"status-publish","4":"has-post-thumbnail","6":"product_cat-libros-digitales-ebooks","7":"product_tag-c-s-lewis","8":"product_tag-decargar-ebook","9":"product_tag-el-leon-la-bruja-y-el-ropero","10":"product_tag-novelas","12":"first","13":"instock","14":"shipping-taxable","15":"purchasable","16":"product-type-variable","17":"has-default-attributes"},"_links":{"self":[{"href":"https:\/\/www.taller-palabras.com\/WordPress_04\/wp-json\/wp\/v2\/product\/838","targetHints":{"allow":["GET"]}}],"collection":[{"href":"https:\/\/www.taller-palabras.com\/WordPress_04\/wp-json\/wp\/v2\/product"}],"about":[{"href":"https:\/\/www.taller-palabras.com\/WordPress_04\/wp-json\/wp\/v2\/types\/product"}],"wp:featuredmedia":[{"embeddable":true,"href":"https:\/\/www.taller-palabras.com\/WordPress_04\/wp-json\/wp\/v2\/media\/843"}],"wp:attachment":[{"href":"https:\/\/www.taller-palabras.com\/WordPress_04\/wp-json\/wp\/v2\/media?parent=838"}],"wp:term":[{"taxonomy":"product_brand","embeddable":true,"href":"https:\/\/www.taller-palabras.com\/WordPress_04\/wp-json\/wp\/v2\/product_brand?post=838"},{"taxonomy":"product_cat","embeddable":true,"href":"https:\/\/www.taller-palabras.com\/WordPress_04\/wp-json\/wp\/v2\/product_cat?post=838"},{"taxonomy":"product_tag","embeddable":true,"href":"https:\/\/www.taller-palabras.com\/WordPress_04\/wp-json\/wp\/v2\/product_tag?post=838"}],"curies":[{"name":"wp","href":"https:\/\/api.w.org\/{rel}","templated":true}]}}