{"id":8488,"date":"2023-12-03T13:21:38","date_gmt":"2023-12-03T16:21:38","guid":{"rendered":"https:\/\/www.taller-palabras.com\/WordPress_04\/?post_type=product&#038;p=8488"},"modified":"2023-12-03T13:26:03","modified_gmt":"2023-12-03T16:26:03","slug":"chantaje-a-una-jueza-ana-pardo-de-vera-ebook","status":"publish","type":"product","link":"https:\/\/www.taller-palabras.com\/WordPress_04\/producto\/chantaje-a-una-jueza-ana-pardo-de-vera-ebook","title":{"rendered":"Chantaje a una jueza &#8211; Ana Pardo de Vera  \/ebook"},"content":{"rendered":"<figure id=\"attachment_8438\" aria-describedby=\"caption-attachment-8438\" style=\"width: 150px\" class=\"wp-caption alignleft\"><img loading=\"lazy\" decoding=\"async\" class=\"wp-image-8438 size-thumbnail\" src=\"https:\/\/www.taller-palabras.com\/WordPress_04\/wp-content\/uploads\/2023\/12\/Ana-Pardo-150x150.jpg\" alt=\"\" width=\"150\" height=\"150\" srcset=\"https:\/\/www.taller-palabras.com\/WordPress_04\/wp-content\/uploads\/2023\/12\/Ana-Pardo-150x150.jpg 150w, https:\/\/www.taller-palabras.com\/WordPress_04\/wp-content\/uploads\/2023\/12\/Ana-Pardo-100x100.jpg 100w, https:\/\/www.taller-palabras.com\/WordPress_04\/wp-content\/uploads\/2023\/12\/Ana-Pardo.jpg 283w\" sizes=\"auto, (max-width: 150px) 100vw, 150px\" \/><figcaption id=\"caption-attachment-8438\" class=\"wp-caption-text\">Autora Ana Pardo de Vera<\/figcaption><\/figure>\n<p>La cr\u00f3nica de la corrupci\u00f3n imperante en nuestro pa\u00eds se convierte en novela y el resultado es un relato sobre la sed incontenible de poder. Defenestrada, pero nunca vencida, Amalia, una jueza de un juzgado de instrucci\u00f3n de Lugo, vive retirada en Navia de Suarna, y desde su casa roja contempla a menudo la noche densa y hermosa, plagada de estrellas, de las indomables monta\u00f1as de Os Ancares. Ahora trabaja como abogada resolviendo los peque\u00f1os asuntos de sus habitantes. Su deseo de justicia y reparaci\u00f3n sigue intacto, no han acabado con \u00e9l quienes la apartaron de su carrera. Entonces se empe\u00f1\u00f3 en destapar un macrocaso de corrupci\u00f3n en el que estaban implicados pol\u00edticos relevantes del Partido Dem\u00f3crata Cristiano, que gobierna Galicia y Espa\u00f1a esquivando un esc\u00e1ndalo tras otro, empresarios, abogados, jueces o magistrados del Supremo. Ya no es jueza, tambi\u00e9n ha dejado por el camino su matrimonio, su maternidad y a buenos amigos, aunque ha hecho otros nuevos, como Flor, la due\u00f1a de la taberna O Burato, donde Amalia come todos los d\u00edas con sus dos copas de menc\u00eda\u2026 O mejor dicho, com\u00eda, pues ha aparecido muerta en su cama al anochecer. Blanqueo de capitales, proxenetismo y prostituci\u00f3n, pol\u00edticos sobornados, abogados sin escr\u00fapulos, dos partidos que se suceden en el gobierno y que se cubren las espaldas al margen de su presunta ideolog\u00eda, jueces con ansias de poder\u2026 Ana Pardo de Vera se estrena en la novela con un \u00absuspense pol\u00edtico\u00bb que radiograf\u00eda a la perfecci\u00f3n lo que sucede cuando la administraci\u00f3n del Estado se corrompe y son pocos los que luchan por evitarlo.<\/p>\n<p>&nbsp;<\/p>\n","protected":false},"excerpt":{"rendered":"<p>La cr\u00f3nica de la corrupci\u00f3n imperante en nuestro pa\u00eds se convierte en novela y el resultado es un relato sobre la sed incontenible de poder. Defenestrada, pero nunca vencida, Amalia, una jueza de un juzgado de instrucci\u00f3n de Lugo, vive retirada en Navia de Suarna, y desde su casa roja contempla a menudo la noche [&hellip;]<\/p>\n","protected":false},"featured_media":8443,"template":"","meta":[],"product_brand":[],"product_cat":[25],"product_tag":[1201,1202,54,225],"class_list":{"0":"post-8488","1":"product","2":"type-product","3":"status-publish","4":"has-post-thumbnail","6":"product_cat-libros-digitales-ebooks","7":"product_tag-ana-pardo-de-vera","8":"product_tag-chantaje-a-una-jueza","9":"product_tag-descargar-ebook","10":"product_tag-mejores-novelas","12":"first","13":"instock","14":"shipping-taxable","15":"purchasable","16":"product-type-variable","17":"has-default-attributes"},"_links":{"self":[{"href":"https:\/\/www.taller-palabras.com\/WordPress_04\/wp-json\/wp\/v2\/product\/8488","targetHints":{"allow":["GET"]}}],"collection":[{"href":"https:\/\/www.taller-palabras.com\/WordPress_04\/wp-json\/wp\/v2\/product"}],"about":[{"href":"https:\/\/www.taller-palabras.com\/WordPress_04\/wp-json\/wp\/v2\/types\/product"}],"wp:featuredmedia":[{"embeddable":true,"href":"https:\/\/www.taller-palabras.com\/WordPress_04\/wp-json\/wp\/v2\/media\/8443"}],"wp:attachment":[{"href":"https:\/\/www.taller-palabras.com\/WordPress_04\/wp-json\/wp\/v2\/media?parent=8488"}],"wp:term":[{"taxonomy":"product_brand","embeddable":true,"href":"https:\/\/www.taller-palabras.com\/WordPress_04\/wp-json\/wp\/v2\/product_brand?post=8488"},{"taxonomy":"product_cat","embeddable":true,"href":"https:\/\/www.taller-palabras.com\/WordPress_04\/wp-json\/wp\/v2\/product_cat?post=8488"},{"taxonomy":"product_tag","embeddable":true,"href":"https:\/\/www.taller-palabras.com\/WordPress_04\/wp-json\/wp\/v2\/product_tag?post=8488"}],"curies":[{"name":"wp","href":"https:\/\/api.w.org\/{rel}","templated":true}]}}