{"id":849,"date":"2019-12-22T09:26:07","date_gmt":"2019-12-22T12:26:07","guid":{"rendered":"https:\/\/www.taller-palabras.com\/WordPress_04\/?post_type=product&#038;p=849"},"modified":"2023-10-15T12:54:18","modified_gmt":"2023-10-15T15:54:18","slug":"el-laberinto-del-mundo-marguerite-yourcenar-ebook","status":"publish","type":"product","link":"https:\/\/www.taller-palabras.com\/WordPress_04\/producto\/el-laberinto-del-mundo-marguerite-yourcenar-ebook","title":{"rendered":"El laberinto del mundo &#8211; Marguerite Yourcenar  \/ebook"},"content":{"rendered":"<p><img loading=\"lazy\" decoding=\"async\" class=\"alignleft wp-image-806 size-thumbnail\" src=\"https:\/\/www.taller-palabras.com\/WordPress_04\/wp-content\/uploads\/2019\/12\/MargueriteYourcenar-150x150.jpg\" alt=\"\" width=\"150\" height=\"150\" srcset=\"https:\/\/www.taller-palabras.com\/WordPress_04\/wp-content\/uploads\/2019\/12\/MargueriteYourcenar-150x150.jpg 150w, https:\/\/www.taller-palabras.com\/WordPress_04\/wp-content\/uploads\/2019\/12\/MargueriteYourcenar-100x100.jpg 100w\" sizes=\"auto, (max-width: 150px) 100vw, 150px\" \/><\/p>\n<p>En este ambicioso proyecto, escrito desde 1972 hasta su muerte en 1987, Yourcenar evoca a sus abuelos, a su padre, y tambi\u00e9n su propia infancia y juventud . \u00abLos retazos de una vida son tan complejos como la imagen de la galaxia\u00bb, escribe la autora de Memorias de Adriano, \u00ab\u00bfC\u00f3mo ser\u00eda tu rostro antes de que tu padre y tu madre se encontraran?\u00bb.A la manera renacentista, Yourcenar se sirve del pasado para hablar del presente. La obsesi\u00f3n por explicarse a s\u00ed misma y explicar nuestra \u00e9poca ilumina las p\u00e1ginas de esta obra monumental que la autora dej\u00f3 inconclusa, como si de su vida misma se tratara.<\/p>\n","protected":false},"excerpt":{"rendered":"<p>En este ambicioso proyecto, escrito desde 1972 hasta su muerte en 1987, Yourcenar evoca a sus abuelos, a su padre, y tambi\u00e9n su propia infancia y juventud . \u00abLos retazos de una vida son tan complejos como la imagen de la galaxia\u00bb, escribe la autora de Memorias de Adriano, \u00ab\u00bfC\u00f3mo ser\u00eda tu rostro antes de [&hellip;]<\/p>\n","protected":false},"featured_media":848,"template":"","meta":[],"product_brand":[],"product_cat":[25],"product_tag":[136,165,166,55],"class_list":{"0":"post-849","1":"product","2":"type-product","3":"status-publish","4":"has-post-thumbnail","6":"product_cat-libros-digitales-ebooks","7":"product_tag-decargar-ebook","8":"product_tag-el-laberinto-del-mundo","9":"product_tag-marguerite-yourcenar","10":"product_tag-novelas","12":"first","13":"instock","14":"shipping-taxable","15":"purchasable","16":"product-type-variable","17":"has-default-attributes"},"_links":{"self":[{"href":"https:\/\/www.taller-palabras.com\/WordPress_04\/wp-json\/wp\/v2\/product\/849","targetHints":{"allow":["GET"]}}],"collection":[{"href":"https:\/\/www.taller-palabras.com\/WordPress_04\/wp-json\/wp\/v2\/product"}],"about":[{"href":"https:\/\/www.taller-palabras.com\/WordPress_04\/wp-json\/wp\/v2\/types\/product"}],"wp:featuredmedia":[{"embeddable":true,"href":"https:\/\/www.taller-palabras.com\/WordPress_04\/wp-json\/wp\/v2\/media\/848"}],"wp:attachment":[{"href":"https:\/\/www.taller-palabras.com\/WordPress_04\/wp-json\/wp\/v2\/media?parent=849"}],"wp:term":[{"taxonomy":"product_brand","embeddable":true,"href":"https:\/\/www.taller-palabras.com\/WordPress_04\/wp-json\/wp\/v2\/product_brand?post=849"},{"taxonomy":"product_cat","embeddable":true,"href":"https:\/\/www.taller-palabras.com\/WordPress_04\/wp-json\/wp\/v2\/product_cat?post=849"},{"taxonomy":"product_tag","embeddable":true,"href":"https:\/\/www.taller-palabras.com\/WordPress_04\/wp-json\/wp\/v2\/product_tag?post=849"}],"curies":[{"name":"wp","href":"https:\/\/api.w.org\/{rel}","templated":true}]}}