{"id":8514,"date":"2023-12-17T14:18:45","date_gmt":"2023-12-17T17:18:45","guid":{"rendered":"https:\/\/www.taller-palabras.com\/WordPress_04\/?post_type=product&#038;p=8514"},"modified":"2023-12-17T14:25:26","modified_gmt":"2023-12-17T17:25:26","slug":"contra-el-fanatismo-amos-oz-ebook","status":"publish","type":"product","link":"https:\/\/www.taller-palabras.com\/WordPress_04\/producto\/contra-el-fanatismo-amos-oz-ebook","title":{"rendered":"Contra el fanatismo &#8211; Amos Oz  \/ebook"},"content":{"rendered":"<figure id=\"attachment_8522\" aria-describedby=\"caption-attachment-8522\" style=\"width: 150px\" class=\"wp-caption alignleft\"><img loading=\"lazy\" decoding=\"async\" class=\"wp-image-8522 size-thumbnail\" src=\"https:\/\/www.taller-palabras.com\/WordPress_04\/wp-content\/uploads\/2023\/12\/amos-oz-150x150.jpg\" alt=\"\" width=\"150\" height=\"150\" srcset=\"https:\/\/www.taller-palabras.com\/WordPress_04\/wp-content\/uploads\/2023\/12\/amos-oz-150x150.jpg 150w, https:\/\/www.taller-palabras.com\/WordPress_04\/wp-content\/uploads\/2023\/12\/amos-oz-100x100.jpg 100w, https:\/\/www.taller-palabras.com\/WordPress_04\/wp-content\/uploads\/2023\/12\/amos-oz.jpg 221w\" sizes=\"auto, (max-width: 150px) 100vw, 150px\" \/><figcaption id=\"caption-attachment-8522\" class=\"wp-caption-text\">Autor Amos oz<\/figcaption><\/figure>\n<p>\u00ab\u00bfC\u00f3mo curar a un fan\u00e1tico? Perseguir a un pu\u00f1ado de fan\u00e1ticos por las monta\u00f1as de Afganist\u00e1n es una cosa. Luchar contra el fanatismo, otra muy distinta. [\u2026]\u00bb. \u00abLa actual crisis del mundo, en Oriente Pr\u00f3ximo, o en Israel\/Palestina, no es consecuencia de los valores del islam. No se debe a la mentalidad de los \u00e1rabes como claman algunos racistas. En absoluto. Se debe a la vieja lucha entre fanatismo y pragmatismo. Entre fanatismo y pluralismo. Entre fanatismo y tolerancia. [\u2026]\u00bb. \u00abEl fanatismo es m\u00e1s viejo que el islam, que el cristianismo, que el juda\u00edsmo. M\u00e1s viejo que cualquier estado, gobierno o sistema pol\u00edtico. M\u00e1s viejo que cualquier ideolog\u00eda o credo del mundo. Desgraciadamente, el fanatismo es un componente siempre presente en la naturaleza humana, un gen del mal, por llamarlo de alguna manera\u00bb. Amos Oz<\/p>\n<p>&nbsp;<\/p>\n","protected":false},"excerpt":{"rendered":"<p>\u00ab\u00bfC\u00f3mo curar a un fan\u00e1tico? Perseguir a un pu\u00f1ado de fan\u00e1ticos por las monta\u00f1as de Afganist\u00e1n es una cosa. Luchar contra el fanatismo, otra muy distinta. [\u2026]\u00bb. \u00abLa actual crisis del mundo, en Oriente Pr\u00f3ximo, o en Israel\/Palestina, no es consecuencia de los valores del islam. No se debe a la mentalidad de los \u00e1rabes [&hellip;]<\/p>\n","protected":false},"featured_media":8518,"template":"","meta":[],"product_brand":[],"product_cat":[25],"product_tag":[1203,1204,54,225],"class_list":{"0":"post-8514","1":"product","2":"type-product","3":"status-publish","4":"has-post-thumbnail","6":"product_cat-libros-digitales-ebooks","7":"product_tag-amos-oz","8":"product_tag-contra-el-fanatismo","9":"product_tag-descargar-ebook","10":"product_tag-mejores-novelas","12":"first","13":"instock","14":"shipping-taxable","15":"purchasable","16":"product-type-variable","17":"has-default-attributes"},"_links":{"self":[{"href":"https:\/\/www.taller-palabras.com\/WordPress_04\/wp-json\/wp\/v2\/product\/8514","targetHints":{"allow":["GET"]}}],"collection":[{"href":"https:\/\/www.taller-palabras.com\/WordPress_04\/wp-json\/wp\/v2\/product"}],"about":[{"href":"https:\/\/www.taller-palabras.com\/WordPress_04\/wp-json\/wp\/v2\/types\/product"}],"wp:featuredmedia":[{"embeddable":true,"href":"https:\/\/www.taller-palabras.com\/WordPress_04\/wp-json\/wp\/v2\/media\/8518"}],"wp:attachment":[{"href":"https:\/\/www.taller-palabras.com\/WordPress_04\/wp-json\/wp\/v2\/media?parent=8514"}],"wp:term":[{"taxonomy":"product_brand","embeddable":true,"href":"https:\/\/www.taller-palabras.com\/WordPress_04\/wp-json\/wp\/v2\/product_brand?post=8514"},{"taxonomy":"product_cat","embeddable":true,"href":"https:\/\/www.taller-palabras.com\/WordPress_04\/wp-json\/wp\/v2\/product_cat?post=8514"},{"taxonomy":"product_tag","embeddable":true,"href":"https:\/\/www.taller-palabras.com\/WordPress_04\/wp-json\/wp\/v2\/product_tag?post=8514"}],"curies":[{"name":"wp","href":"https:\/\/api.w.org\/{rel}","templated":true}]}}