{"id":8527,"date":"2023-12-17T14:25:56","date_gmt":"2023-12-17T17:25:56","guid":{"rendered":"https:\/\/www.taller-palabras.com\/WordPress_04\/?post_type=product&#038;p=8527"},"modified":"2023-12-17T14:29:07","modified_gmt":"2023-12-17T17:29:07","slug":"el-azul-entre-el-cielo-y-el-agua-susan-abulhawa-ebook","status":"publish","type":"product","link":"https:\/\/www.taller-palabras.com\/WordPress_04\/producto\/el-azul-entre-el-cielo-y-el-agua-susan-abulhawa-ebook","title":{"rendered":"El azul entre el cielo y el agua &#8211; Susan Abulhawa  \/ebook"},"content":{"rendered":"<figure id=\"attachment_8526\" aria-describedby=\"caption-attachment-8526\" style=\"width: 150px\" class=\"wp-caption alignleft\"><img loading=\"lazy\" decoding=\"async\" class=\"wp-image-8526 size-thumbnail\" src=\"https:\/\/www.taller-palabras.com\/WordPress_04\/wp-content\/uploads\/2023\/12\/Susan_Abulhawa-150x150.jpg\" alt=\"\" width=\"150\" height=\"150\" srcset=\"https:\/\/www.taller-palabras.com\/WordPress_04\/wp-content\/uploads\/2023\/12\/Susan_Abulhawa-150x150.jpg 150w, https:\/\/www.taller-palabras.com\/WordPress_04\/wp-content\/uploads\/2023\/12\/Susan_Abulhawa-100x100.jpg 100w, https:\/\/www.taller-palabras.com\/WordPress_04\/wp-content\/uploads\/2023\/12\/Susan_Abulhawa.jpg 283w\" sizes=\"auto, (max-width: 150px) 100vw, 150px\" \/><figcaption id=\"caption-attachment-8526\" class=\"wp-caption-text\">Autora Susan Abulhawa<\/figcaption><\/figure>\n<p>Una visi\u00f3n cruda, pero luminosa y delicada, del trauma pol\u00edtico y personal de los palestinos. El azul entre el cielo y el agua es el magistral relato de varias generaciones de mujeres unidas por la tragedia. En 1947, la familia Baraka vive en un tranquilo pueblo palestino. La hija mayor, Nazmiyeh, cuida de su madre, mientras su hermano, Mamduh, se ocupa de las abejas. Mariam, la menor, de llamativos ojos desiguales, pasa sus d\u00edas hablando con amigos imaginarios. Nadie puede sospechar el terror que se avecina cuando el ej\u00e9rcito israel\u00ed rodee el poblado. La familia Baraka debe emprender el largo camino hacia Gaza, en un recorrido que pondr\u00e1 a prueba sus l\u00edmites. Sesenta a\u00f1os despu\u00e9s, Nur, la nieta de Mamduh, reside en Estados Unidos. Enamorada de un doctor que trabaja en Palestina, viaja con \u00e9l a Gaza. All\u00ed conocer\u00e1 a una mujer arrebatadora que le har\u00e1 descubrir v\u00ednculos familiares que trascienden el tiempo y la distancia.<\/p>\n<p>&nbsp;<\/p>\n","protected":false},"excerpt":{"rendered":"<p>Una visi\u00f3n cruda, pero luminosa y delicada, del trauma pol\u00edtico y personal de los palestinos. El azul entre el cielo y el agua es el magistral relato de varias generaciones de mujeres unidas por la tragedia. En 1947, la familia Baraka vive en un tranquilo pueblo palestino. La hija mayor, Nazmiyeh, cuida de su madre, [&hellip;]<\/p>\n","protected":false},"featured_media":8517,"template":"","meta":[],"product_brand":[],"product_cat":[25],"product_tag":[54,1206,225,1205],"class_list":{"0":"post-8527","1":"product","2":"type-product","3":"status-publish","4":"has-post-thumbnail","6":"product_cat-libros-digitales-ebooks","7":"product_tag-descargar-ebook","8":"product_tag-el-azul-entre-el-cielo-y-el-agua","9":"product_tag-mejores-novelas","10":"product_tag-susan-abulhawa","12":"first","13":"instock","14":"shipping-taxable","15":"purchasable","16":"product-type-variable","17":"has-default-attributes"},"_links":{"self":[{"href":"https:\/\/www.taller-palabras.com\/WordPress_04\/wp-json\/wp\/v2\/product\/8527","targetHints":{"allow":["GET"]}}],"collection":[{"href":"https:\/\/www.taller-palabras.com\/WordPress_04\/wp-json\/wp\/v2\/product"}],"about":[{"href":"https:\/\/www.taller-palabras.com\/WordPress_04\/wp-json\/wp\/v2\/types\/product"}],"wp:featuredmedia":[{"embeddable":true,"href":"https:\/\/www.taller-palabras.com\/WordPress_04\/wp-json\/wp\/v2\/media\/8517"}],"wp:attachment":[{"href":"https:\/\/www.taller-palabras.com\/WordPress_04\/wp-json\/wp\/v2\/media?parent=8527"}],"wp:term":[{"taxonomy":"product_brand","embeddable":true,"href":"https:\/\/www.taller-palabras.com\/WordPress_04\/wp-json\/wp\/v2\/product_brand?post=8527"},{"taxonomy":"product_cat","embeddable":true,"href":"https:\/\/www.taller-palabras.com\/WordPress_04\/wp-json\/wp\/v2\/product_cat?post=8527"},{"taxonomy":"product_tag","embeddable":true,"href":"https:\/\/www.taller-palabras.com\/WordPress_04\/wp-json\/wp\/v2\/product_tag?post=8527"}],"curies":[{"name":"wp","href":"https:\/\/api.w.org\/{rel}","templated":true}]}}