{"id":8530,"date":"2023-12-17T14:29:38","date_gmt":"2023-12-17T17:29:38","guid":{"rendered":"https:\/\/www.taller-palabras.com\/WordPress_04\/?post_type=product&#038;p=8530"},"modified":"2023-12-17T14:33:14","modified_gmt":"2023-12-17T17:33:14","slug":"el-sueno-del-olivar-deborah-rohan-ebook","status":"publish","type":"product","link":"https:\/\/www.taller-palabras.com\/WordPress_04\/producto\/el-sueno-del-olivar-deborah-rohan-ebook","title":{"rendered":"El sue\u00f1o del olivar &#8211; Deborah Rohan \/ebook"},"content":{"rendered":"<figure id=\"attachment_8523\" aria-describedby=\"caption-attachment-8523\" style=\"width: 150px\" class=\"wp-caption alignleft\"><img loading=\"lazy\" decoding=\"async\" class=\"wp-image-8523 size-thumbnail\" src=\"https:\/\/www.taller-palabras.com\/WordPress_04\/wp-content\/uploads\/2023\/12\/Deborah-Rohan-150x150.jpg\" alt=\"\" width=\"150\" height=\"150\" srcset=\"https:\/\/www.taller-palabras.com\/WordPress_04\/wp-content\/uploads\/2023\/12\/Deborah-Rohan-150x150.jpg 150w, https:\/\/www.taller-palabras.com\/WordPress_04\/wp-content\/uploads\/2023\/12\/Deborah-Rohan-100x100.jpg 100w, https:\/\/www.taller-palabras.com\/WordPress_04\/wp-content\/uploads\/2023\/12\/Deborah-Rohan.jpg 283w\" sizes=\"auto, (max-width: 150px) 100vw, 150px\" \/><figcaption id=\"caption-attachment-8523\" class=\"wp-caption-text\">Autora Deborah Rohan<\/figcaption><\/figure>\n<p>La familia Moghrabi ha vivido en Palestina desde hace mucho tiempo. En fechas cercanas a la Primera Guerra mundial, el soldado otomano Kamel Moghrabi es encarcelado por los turcos. Pero se re\u00fane con su familia despu\u00e9s de ser liberado por fuerzas brit\u00e1nicas, y se casa con su amiga de la infancia, Haniya. Poco les dura este inciso de felicidad ya que su tierra comienza a ser asolada con violencia por la poblaci\u00f3n local \u00e1rabe y los jud\u00edos que emigran de toda Europa. Se frustra toda posibilidad de una Palestina independiente, y la familia de Kamel tiene que dejar el hogar de sus queridos olivares. Tras un exilio de cincuenta a\u00f1os, Hamzi Moghrabi regresa con su hija a la tierra de sus antepasados. La Palestina que \u00e9l conoci\u00f3 siendo un ni\u00f1o ya no existe. Hamzi rememora la historia de su familia que no es otra que la de su propio pueblo, un pueblo que a pesar de todo sigue manteniendo la esperanza. Basada en hechos reales, El sue\u00f1o del olivar es una saga familiar que nos brinda una detallada descripci\u00f3n de la vida y cultura en Palestina, con una c\u00e1lida y conmovedora historia de amor en lo m\u00e1s hondo de sus p\u00e1ginas.<\/p>\n<p>&nbsp;<\/p>\n","protected":false},"excerpt":{"rendered":"<p>La familia Moghrabi ha vivido en Palestina desde hace mucho tiempo. En fechas cercanas a la Primera Guerra mundial, el soldado otomano Kamel Moghrabi es encarcelado por los turcos. Pero se re\u00fane con su familia despu\u00e9s de ser liberado por fuerzas brit\u00e1nicas, y se casa con su amiga de la infancia, Haniya. Poco les dura [&hellip;]<\/p>\n","protected":false},"featured_media":8519,"template":"","meta":[],"product_brand":[],"product_cat":[25],"product_tag":[1207,54,1208,225],"class_list":{"0":"post-8530","1":"product","2":"type-product","3":"status-publish","4":"has-post-thumbnail","6":"product_cat-libros-digitales-ebooks","7":"product_tag-deborah-rohan","8":"product_tag-descargar-ebook","9":"product_tag-el-sueno-del-olivar","10":"product_tag-mejores-novelas","12":"first","13":"instock","14":"shipping-taxable","15":"purchasable","16":"product-type-variable","17":"has-default-attributes"},"_links":{"self":[{"href":"https:\/\/www.taller-palabras.com\/WordPress_04\/wp-json\/wp\/v2\/product\/8530","targetHints":{"allow":["GET"]}}],"collection":[{"href":"https:\/\/www.taller-palabras.com\/WordPress_04\/wp-json\/wp\/v2\/product"}],"about":[{"href":"https:\/\/www.taller-palabras.com\/WordPress_04\/wp-json\/wp\/v2\/types\/product"}],"wp:featuredmedia":[{"embeddable":true,"href":"https:\/\/www.taller-palabras.com\/WordPress_04\/wp-json\/wp\/v2\/media\/8519"}],"wp:attachment":[{"href":"https:\/\/www.taller-palabras.com\/WordPress_04\/wp-json\/wp\/v2\/media?parent=8530"}],"wp:term":[{"taxonomy":"product_brand","embeddable":true,"href":"https:\/\/www.taller-palabras.com\/WordPress_04\/wp-json\/wp\/v2\/product_brand?post=8530"},{"taxonomy":"product_cat","embeddable":true,"href":"https:\/\/www.taller-palabras.com\/WordPress_04\/wp-json\/wp\/v2\/product_cat?post=8530"},{"taxonomy":"product_tag","embeddable":true,"href":"https:\/\/www.taller-palabras.com\/WordPress_04\/wp-json\/wp\/v2\/product_tag?post=8530"}],"curies":[{"name":"wp","href":"https:\/\/api.w.org\/{rel}","templated":true}]}}