{"id":8533,"date":"2023-12-17T14:34:14","date_gmt":"2023-12-17T17:34:14","guid":{"rendered":"https:\/\/www.taller-palabras.com\/WordPress_04\/?post_type=product&#038;p=8533"},"modified":"2023-12-17T14:39:04","modified_gmt":"2023-12-17T17:39:04","slug":"exodo-leon-uris-ebook","status":"publish","type":"product","link":"https:\/\/www.taller-palabras.com\/WordPress_04\/producto\/exodo-leon-uris-ebook","title":{"rendered":"Exodo &#8211; Leon Uris \/ebook"},"content":{"rendered":"<figure id=\"attachment_8525\" aria-describedby=\"caption-attachment-8525\" style=\"width: 150px\" class=\"wp-caption alignleft\"><img loading=\"lazy\" decoding=\"async\" class=\"wp-image-8525 size-thumbnail\" src=\"https:\/\/www.taller-palabras.com\/WordPress_04\/wp-content\/uploads\/2023\/12\/Leon-Uris-150x150.jpg\" alt=\"\" width=\"150\" height=\"150\" srcset=\"https:\/\/www.taller-palabras.com\/WordPress_04\/wp-content\/uploads\/2023\/12\/Leon-Uris-150x150.jpg 150w, https:\/\/www.taller-palabras.com\/WordPress_04\/wp-content\/uploads\/2023\/12\/Leon-Uris-100x100.jpg 100w, https:\/\/www.taller-palabras.com\/WordPress_04\/wp-content\/uploads\/2023\/12\/Leon-Uris.jpg 283w\" sizes=\"auto, (max-width: 150px) 100vw, 150px\" \/><figcaption id=\"caption-attachment-8525\" class=\"wp-caption-text\">Autor Leon Uris<\/figcaption><\/figure>\n<p>La historia se desarrolla con el protagonista, Ari Ben Canaan, planeando la fuga y posterior transporte de cientos de refugiados jud\u00edos, detenidos en un campo de detenci\u00f3n brit\u00e1nico en Chipre para el Mandato Brit\u00e1nico de Palestina. La operaci\u00f3n se lleva a cabo bajo los auspicios de la Mossad le&#8217;Aliyah bet. El libro narra la historia de los diversos personajes principales y de los lazos de su vida personal con el nacimiento del nuevo estado jud\u00edo. Una pel\u00edcula basada en la novela fue dirigida por Otto Preminger en 1960 con Paul Newman como Ari Ben Canaan. Se centr\u00f3 principalmente en la fuga de Chipre y los acontecimientos posteriores en Israel.<\/p>\n<p>&nbsp;<\/p>\n","protected":false},"excerpt":{"rendered":"<p>La historia se desarrolla con el protagonista, Ari Ben Canaan, planeando la fuga y posterior transporte de cientos de refugiados jud\u00edos, detenidos en un campo de detenci\u00f3n brit\u00e1nico en Chipre para el Mandato Brit\u00e1nico de Palestina. La operaci\u00f3n se lleva a cabo bajo los auspicios de la Mossad le&#8217;Aliyah bet. El libro narra la historia [&hellip;]<\/p>\n","protected":false},"featured_media":8520,"template":"","meta":[],"product_brand":[],"product_cat":[25],"product_tag":[54,1210,1209,225],"class_list":{"0":"post-8533","1":"product","2":"type-product","3":"status-publish","4":"has-post-thumbnail","6":"product_cat-libros-digitales-ebooks","7":"product_tag-descargar-ebook","8":"product_tag-exodo","9":"product_tag-leon-uris","10":"product_tag-mejores-novelas","12":"first","13":"instock","14":"shipping-taxable","15":"purchasable","16":"product-type-variable","17":"has-default-attributes"},"_links":{"self":[{"href":"https:\/\/www.taller-palabras.com\/WordPress_04\/wp-json\/wp\/v2\/product\/8533","targetHints":{"allow":["GET"]}}],"collection":[{"href":"https:\/\/www.taller-palabras.com\/WordPress_04\/wp-json\/wp\/v2\/product"}],"about":[{"href":"https:\/\/www.taller-palabras.com\/WordPress_04\/wp-json\/wp\/v2\/types\/product"}],"wp:featuredmedia":[{"embeddable":true,"href":"https:\/\/www.taller-palabras.com\/WordPress_04\/wp-json\/wp\/v2\/media\/8520"}],"wp:attachment":[{"href":"https:\/\/www.taller-palabras.com\/WordPress_04\/wp-json\/wp\/v2\/media?parent=8533"}],"wp:term":[{"taxonomy":"product_brand","embeddable":true,"href":"https:\/\/www.taller-palabras.com\/WordPress_04\/wp-json\/wp\/v2\/product_brand?post=8533"},{"taxonomy":"product_cat","embeddable":true,"href":"https:\/\/www.taller-palabras.com\/WordPress_04\/wp-json\/wp\/v2\/product_cat?post=8533"},{"taxonomy":"product_tag","embeddable":true,"href":"https:\/\/www.taller-palabras.com\/WordPress_04\/wp-json\/wp\/v2\/product_tag?post=8533"}],"curies":[{"name":"wp","href":"https:\/\/api.w.org\/{rel}","templated":true}]}}