{"id":857,"date":"2023-12-31T13:25:04","date_gmt":"2023-12-31T16:25:04","guid":{"rendered":"https:\/\/www.taller-palabras.com\/WordPress_04\/?post_type=product&#038;p=857"},"modified":"2025-05-27T14:32:58","modified_gmt":"2025-05-27T17:32:58","slug":"mi-pais-inventado-isabel-allende-ebook","status":"publish","type":"product","link":"https:\/\/www.taller-palabras.com\/WordPress_04\/producto\/mi-pais-inventado-isabel-allende-ebook","title":{"rendered":"Mi pa\u00eds inventado &#8211; Isabel Allende  \/ebook"},"content":{"rendered":"<figure id=\"attachment_861\" aria-describedby=\"caption-attachment-861\" style=\"width: 150px\" class=\"wp-caption alignleft\"><img loading=\"lazy\" decoding=\"async\" class=\"wp-image-861 size-thumbnail\" src=\"https:\/\/www.taller-palabras.com\/WordPress_04\/wp-content\/uploads\/2020\/01\/Isabel_Allende-150x150.jpg\" alt=\"\" width=\"150\" height=\"150\" srcset=\"https:\/\/www.taller-palabras.com\/WordPress_04\/wp-content\/uploads\/2020\/01\/Isabel_Allende-150x150.jpg 150w, https:\/\/www.taller-palabras.com\/WordPress_04\/wp-content\/uploads\/2020\/01\/Isabel_Allende-100x100.jpg 100w\" sizes=\"auto, (max-width: 150px) 100vw, 150px\" \/><figcaption id=\"caption-attachment-861\" class=\"wp-caption-text\">Autora Isabel Allende<\/figcaption><\/figure>\n<p>Un pa\u00eds imaginario&#8230; y real. La escritora chilena concluy\u00f3 un texto h\u00edbrido, a medio camino entre la autobiograf\u00eda y el ensayo, donde intenta una aproximaci\u00f3n a Chile, como pa\u00eds, tanto desde el punto de vista de su constituci\u00f3n f\u00edsica, geogr\u00e1fica, como desde el hist\u00f3rico y econ\u00f3mico, social e imaginario. Todas estas perspectivas aparecen trenzadas con la historia de su familia, y la descripci\u00f3n de unas costumbres vistas desde fuera. Allende llega incluso a cuestionarse si ese pa\u00eds descrito es realmente el suyo, pues actualmente vive afincada en California y no tiene intenci\u00f3n de volver. El texto, escrito en tono period\u00edstico, se mantiene siempre cerca del lector, y despliega todas las virtudes de la nostalgia<\/p>\n","protected":false},"excerpt":{"rendered":"<p>Un pa\u00eds imaginario&#8230; y real. La escritora chilena concluy\u00f3 un texto h\u00edbrido, a medio camino entre la autobiograf\u00eda y el ensayo, donde intenta una aproximaci\u00f3n a Chile, como pa\u00eds, tanto desde el punto de vista de su constituci\u00f3n f\u00edsica, geogr\u00e1fica, como desde el hist\u00f3rico y econ\u00f3mico, social e imaginario. Todas estas perspectivas aparecen trenzadas con [&hellip;]<\/p>\n","protected":false},"featured_media":853,"template":"","meta":[],"product_brand":[],"product_cat":[25],"product_tag":[136,139,164,72],"class_list":{"0":"post-857","1":"product","2":"type-product","3":"status-publish","4":"has-post-thumbnail","6":"product_cat-libros-digitales-ebooks","7":"product_tag-decargar-ebook","8":"product_tag-isabel-allende","9":"product_tag-mi-pais-inventado","10":"product_tag-novelas-clasicas","12":"first","13":"instock","14":"shipping-taxable","15":"purchasable","16":"product-type-variable","17":"has-default-attributes"},"_links":{"self":[{"href":"https:\/\/www.taller-palabras.com\/WordPress_04\/wp-json\/wp\/v2\/product\/857","targetHints":{"allow":["GET"]}}],"collection":[{"href":"https:\/\/www.taller-palabras.com\/WordPress_04\/wp-json\/wp\/v2\/product"}],"about":[{"href":"https:\/\/www.taller-palabras.com\/WordPress_04\/wp-json\/wp\/v2\/types\/product"}],"wp:featuredmedia":[{"embeddable":true,"href":"https:\/\/www.taller-palabras.com\/WordPress_04\/wp-json\/wp\/v2\/media\/853"}],"wp:attachment":[{"href":"https:\/\/www.taller-palabras.com\/WordPress_04\/wp-json\/wp\/v2\/media?parent=857"}],"wp:term":[{"taxonomy":"product_brand","embeddable":true,"href":"https:\/\/www.taller-palabras.com\/WordPress_04\/wp-json\/wp\/v2\/product_brand?post=857"},{"taxonomy":"product_cat","embeddable":true,"href":"https:\/\/www.taller-palabras.com\/WordPress_04\/wp-json\/wp\/v2\/product_cat?post=857"},{"taxonomy":"product_tag","embeddable":true,"href":"https:\/\/www.taller-palabras.com\/WordPress_04\/wp-json\/wp\/v2\/product_tag?post=857"}],"curies":[{"name":"wp","href":"https:\/\/api.w.org\/{rel}","templated":true}]}}