{"id":8586,"date":"2020-08-29T13:48:56","date_gmt":"2020-08-29T16:48:56","guid":{"rendered":"https:\/\/www.taller-palabras.com\/WordPress_04\/?post_type=product&#038;p=8586"},"modified":"2023-12-24T14:20:37","modified_gmt":"2023-12-24T17:20:37","slug":"el-puzle-de-cristal-2-blue-jeans-ebook","status":"publish","type":"product","link":"https:\/\/www.taller-palabras.com\/WordPress_04\/producto\/el-puzle-de-cristal-2-blue-jeans-ebook","title":{"rendered":"La promesa de Julia (3) &#8211; Blue Jeans \/ebook"},"content":{"rendered":"<figure id=\"attachment_2370\" aria-describedby=\"caption-attachment-2370\" style=\"width: 150px\" class=\"wp-caption alignleft\"><img loading=\"lazy\" decoding=\"async\" class=\"wp-image-2370 size-thumbnail\" src=\"https:\/\/www.taller-palabras.com\/WordPress_04\/wp-content\/uploads\/2020\/08\/blue_jeans-150x150.jpg\" alt=\"\" width=\"150\" height=\"150\" srcset=\"https:\/\/www.taller-palabras.com\/WordPress_04\/wp-content\/uploads\/2020\/08\/blue_jeans-150x150.jpg 150w, https:\/\/www.taller-palabras.com\/WordPress_04\/wp-content\/uploads\/2020\/08\/blue_jeans-100x100.jpg 100w\" sizes=\"auto, (max-width: 150px) 100vw, 150px\" \/><figcaption id=\"caption-attachment-2370\" class=\"wp-caption-text\">Autor Blue Jeans<\/figcaption><\/figure>\n<p>Tras el \u00e9xito de La chica invisible y El puzle de cristal, llega el desenlace de la trilog\u00eda LA CHICA INVISIBLE. Cuando Julia comienza a estudiar Criminolog\u00eda en la universidad, uno de sus profesores percibe enseguida que la inteligencia de la joven destaca por encima de la de los dem\u00e1s y decide plantearle un controvertido ejercicio: analizar el caso de Pedro Juncosa, un psic\u00f3logo que muri\u00f3 ahorcado cinco a\u00f1os atr\u00e1s. Todo parece indicar que aquel hombre se quit\u00f3 la vida, pero la opini\u00f3n del profesor y las posteriores investigaciones que hace le generan muchas dudas a Julia. \u00bfRealmente fue un suicidio? \u00bfQu\u00e9 queda de aquel crimen si no fue una muerte voluntaria? Este nuevo caso altera, sin desearlo, todo lo que la chica tiene a su alrededor, incluida su historia de amor. Adem\u00e1s, su inseparable amigo Emilio conoce en la universidad a una extra\u00f1a joven que le recuerda a Aurora, la chica invisible, quien esconde un complicado pasado. Y Vanesa, que se ha recuperado completamente y trabaja ahora en el hotel de sus padres, recibe una visita inesperada que le complicar\u00e1 la existencia. La muerte vuelve a sacudir la vida de la chica de la mente maravillosa. Siete sospechosos. Amistades peligrosas. Amores. Desenga\u00f1os. Mentiras. Y giros impredecibles. La historia m\u00e1s Blue Jeans de todas, en la que se mezcla la esencia de sus doce novelas anteriores. El juego ha comenzado. Amor, amistad y misterio se unen en el esperado cierre de la trilog\u00eda LA CHICA INVISIBLE. \u00a1M\u00e1s Blue Jeans que nunca!<\/p>\n","protected":false},"excerpt":{"rendered":"<p>Tras el \u00e9xito de La chica invisible y El puzle de cristal, llega el desenlace de la trilog\u00eda LA CHICA INVISIBLE. Cuando Julia comienza a estudiar Criminolog\u00eda en la universidad, uno de sus profesores percibe enseguida que la inteligencia de la joven destaca por encima de la de los dem\u00e1s y decide plantearle un controvertido [&hellip;]<\/p>\n","protected":false},"featured_media":8596,"template":"","meta":[],"product_brand":[],"product_cat":[25],"product_tag":[257,54,1214,45],"class_list":{"0":"post-8586","1":"product","2":"type-product","3":"status-publish","4":"has-post-thumbnail","6":"product_cat-libros-digitales-ebooks","7":"product_tag-blue-jeans","8":"product_tag-descargar-ebook","9":"product_tag-la-promesa-de-julia","10":"product_tag-mejor-novela","12":"first","13":"instock","14":"shipping-taxable","15":"purchasable","16":"product-type-variable","17":"has-default-attributes"},"_links":{"self":[{"href":"https:\/\/www.taller-palabras.com\/WordPress_04\/wp-json\/wp\/v2\/product\/8586","targetHints":{"allow":["GET"]}}],"collection":[{"href":"https:\/\/www.taller-palabras.com\/WordPress_04\/wp-json\/wp\/v2\/product"}],"about":[{"href":"https:\/\/www.taller-palabras.com\/WordPress_04\/wp-json\/wp\/v2\/types\/product"}],"wp:featuredmedia":[{"embeddable":true,"href":"https:\/\/www.taller-palabras.com\/WordPress_04\/wp-json\/wp\/v2\/media\/8596"}],"wp:attachment":[{"href":"https:\/\/www.taller-palabras.com\/WordPress_04\/wp-json\/wp\/v2\/media?parent=8586"}],"wp:term":[{"taxonomy":"product_brand","embeddable":true,"href":"https:\/\/www.taller-palabras.com\/WordPress_04\/wp-json\/wp\/v2\/product_brand?post=8586"},{"taxonomy":"product_cat","embeddable":true,"href":"https:\/\/www.taller-palabras.com\/WordPress_04\/wp-json\/wp\/v2\/product_cat?post=8586"},{"taxonomy":"product_tag","embeddable":true,"href":"https:\/\/www.taller-palabras.com\/WordPress_04\/wp-json\/wp\/v2\/product_tag?post=8586"}],"curies":[{"name":"wp","href":"https:\/\/api.w.org\/{rel}","templated":true}]}}