{"id":8639,"date":"2023-12-31T13:22:55","date_gmt":"2023-12-31T16:22:55","guid":{"rendered":"https:\/\/www.taller-palabras.com\/WordPress_04\/?post_type=product&#038;p=8639"},"modified":"2023-12-31T13:41:26","modified_gmt":"2023-12-31T16:41:26","slug":"la-maravillosa-vida-breve-de-oscar-wao-junot-diaz-ebook","status":"publish","type":"product","link":"https:\/\/www.taller-palabras.com\/WordPress_04\/producto\/la-maravillosa-vida-breve-de-oscar-wao-junot-diaz-ebook","title":{"rendered":"La maravillosa vida breve de Oscar Wao &#8211; Junot D\u00edaz \/ebook"},"content":{"rendered":"<figure id=\"attachment_8627\" aria-describedby=\"caption-attachment-8627\" style=\"width: 150px\" class=\"wp-caption alignleft\"><img loading=\"lazy\" decoding=\"async\" class=\"wp-image-8627 size-thumbnail\" src=\"https:\/\/www.taller-palabras.com\/WordPress_04\/wp-content\/uploads\/2023\/12\/Junot.Diaz_-150x150.jpg\" alt=\"\" width=\"150\" height=\"150\" srcset=\"https:\/\/www.taller-palabras.com\/WordPress_04\/wp-content\/uploads\/2023\/12\/Junot.Diaz_-150x150.jpg 150w, https:\/\/www.taller-palabras.com\/WordPress_04\/wp-content\/uploads\/2023\/12\/Junot.Diaz_-100x100.jpg 100w, https:\/\/www.taller-palabras.com\/WordPress_04\/wp-content\/uploads\/2023\/12\/Junot.Diaz_.jpg 198w\" sizes=\"auto, (max-width: 150px) 100vw, 150px\" \/><figcaption id=\"caption-attachment-8627\" class=\"wp-caption-text\">Autor Junot D\u00edaz<\/figcaption><\/figure>\n<p>\u00d3scar es un adolescente dominicano que vive con su madre y su hermana en un gueto de Nueva Jersey. Obeso y desastroso, parece incapaz de convertir en realidad sus m\u00e1s ansiados sue\u00f1os: convertirse en el Tolkien dominicano y encontrar por fin el amor de su vida. Algo nada f\u00e1cil si se tiene en cuenta el fuk\u00fa, una extra\u00f1a maldici\u00f3n que persigue a todos los miembros de su familia desde hace generaciones, predisponi\u00e9ndolos a ser encarcelados y a sufrir tr\u00e1gicos accidentes, y sobre todo conden\u00e1ndolos al desamor. Hasta el verano decisivo en que \u00d3scar decide cambiar su destino. Con humor y perspicacia deslumbrantes, Junot D\u00edaz nos sumerge en las accidentadas vidas de nuestro enamoradizo h\u00e9roe, de su hermosa madre y de su hermana \u2014v\u00edctimas del deseo inextinguible de estar siempre en otro lugar\u2014, y en el viaje \u00e9pico que una y otra vez arrastra a los tres de Santo Domingo a Nueva Jersey. La maravillosa vida breve de \u00d3scar Wao revela una imagen asombrosa de la experiencia americana contempor\u00e1nea y rinde homenaje a la infinita capacidad humana para perseverar y arriesgarlo todo en nombre del amor.<\/p>\n<p>&nbsp;<\/p>\n","protected":false},"excerpt":{"rendered":"<p>\u00d3scar es un adolescente dominicano que vive con su madre y su hermana en un gueto de Nueva Jersey. Obeso y desastroso, parece incapaz de convertir en realidad sus m\u00e1s ansiados sue\u00f1os: convertirse en el Tolkien dominicano y encontrar por fin el amor de su vida. Algo nada f\u00e1cil si se tiene en cuenta el [&hellip;]<\/p>\n","protected":false},"featured_media":8635,"template":"","meta":[],"product_brand":[],"product_cat":[25],"product_tag":[54,1218,1217,225],"class_list":{"0":"post-8639","1":"product","2":"type-product","3":"status-publish","4":"has-post-thumbnail","6":"product_cat-libros-digitales-ebooks","7":"product_tag-descargar-ebook","8":"product_tag-junot-diaz","9":"product_tag-la-maravillosa-vida-breve-de-oscar-wao","10":"product_tag-mejores-novelas","12":"first","13":"instock","14":"shipping-taxable","15":"purchasable","16":"product-type-variable","17":"has-default-attributes"},"_links":{"self":[{"href":"https:\/\/www.taller-palabras.com\/WordPress_04\/wp-json\/wp\/v2\/product\/8639","targetHints":{"allow":["GET"]}}],"collection":[{"href":"https:\/\/www.taller-palabras.com\/WordPress_04\/wp-json\/wp\/v2\/product"}],"about":[{"href":"https:\/\/www.taller-palabras.com\/WordPress_04\/wp-json\/wp\/v2\/types\/product"}],"wp:featuredmedia":[{"embeddable":true,"href":"https:\/\/www.taller-palabras.com\/WordPress_04\/wp-json\/wp\/v2\/media\/8635"}],"wp:attachment":[{"href":"https:\/\/www.taller-palabras.com\/WordPress_04\/wp-json\/wp\/v2\/media?parent=8639"}],"wp:term":[{"taxonomy":"product_brand","embeddable":true,"href":"https:\/\/www.taller-palabras.com\/WordPress_04\/wp-json\/wp\/v2\/product_brand?post=8639"},{"taxonomy":"product_cat","embeddable":true,"href":"https:\/\/www.taller-palabras.com\/WordPress_04\/wp-json\/wp\/v2\/product_cat?post=8639"},{"taxonomy":"product_tag","embeddable":true,"href":"https:\/\/www.taller-palabras.com\/WordPress_04\/wp-json\/wp\/v2\/product_tag?post=8639"}],"curies":[{"name":"wp","href":"https:\/\/api.w.org\/{rel}","templated":true}]}}