{"id":865,"date":"2020-01-19T13:57:20","date_gmt":"2020-01-19T16:57:20","guid":{"rendered":"https:\/\/www.taller-palabras.com\/WordPress_04\/?post_type=product&#038;p=865"},"modified":"2023-10-23T11:21:36","modified_gmt":"2023-10-23T14:21:36","slug":"los-anos-de-downing-street-margaret-theacher-ebook","status":"publish","type":"product","link":"https:\/\/www.taller-palabras.com\/WordPress_04\/producto\/los-anos-de-downing-street-margaret-theacher-ebook","title":{"rendered":"Los a\u00f1os de Downing street &#8211; Margaret Theacher \/ebook"},"content":{"rendered":"<figure id=\"attachment_873\" aria-describedby=\"caption-attachment-873\" style=\"width: 150px\" class=\"wp-caption alignleft\"><img loading=\"lazy\" decoding=\"async\" class=\"wp-image-873 size-thumbnail\" src=\"https:\/\/www.taller-palabras.com\/WordPress_04\/wp-content\/uploads\/2020\/01\/teacher-1-150x150.jpg\" alt=\"\" width=\"150\" height=\"150\" srcset=\"https:\/\/www.taller-palabras.com\/WordPress_04\/wp-content\/uploads\/2020\/01\/teacher-1-150x150.jpg 150w, https:\/\/www.taller-palabras.com\/WordPress_04\/wp-content\/uploads\/2020\/01\/teacher-1-324x324.jpg 324w, https:\/\/www.taller-palabras.com\/WordPress_04\/wp-content\/uploads\/2020\/01\/teacher-1-100x100.jpg 100w\" sizes=\"auto, (max-width: 150px) 100vw, 150px\" \/><figcaption id=\"caption-attachment-873\" class=\"wp-caption-text\">Autora Margaret Theacher<\/figcaption><\/figure>\n<p>Los a\u00f1os de Downing Street es un brillante retrato de los hechos y las personas de los primeros a\u00f1os de la que fuera primera ministra brit\u00e1nica Margaret Thatcher en el poder. La Dama de Hierro nos cuenta en primera persona, haciendo gala de una precisi\u00f3n demoledora, c\u00f3mo fueron los primeros momentos de su acceso al cargo -la mayor\u00eda de ellos cr\u00edticos-, las tres victorias electorales, las guerra de las Malvinas, la huelga de los mineros, la bomba de Brighton, el asunto Westland, sus enfrentamientos con determinados ministros faltos del suficiente \u00e1nimo o mal aconsejados, as\u00ed como sus opiniones sobre las diferentes personas con quienes va tratando, tanto estadistas de talla internacional como miembros de su propio Gabinete, sobre las que vierte juicios de una franqueza absoluta.El recuerdo de aquellos a\u00f1os configura la personalidad, y la trayectoria y los acontecimientos, los personajes y los sucesos que se describen dentro de una trama pol\u00edtica de tintes novelescos nos ofrecen la imagen perfecta de la hasta ahora \u00fanica primera ministra brit\u00e1nica, dispuesta a cambiar el Reino Unido y su papel en el gran teatro del mundo.Una obra magistral, llena de fuerza y convicci\u00f3n, en la que Margaret Thatcher expone la base de sus creencias y el modo en el que supo convertirlas en hechos durante su gobierno. Su perfeccionismo, su pasi\u00f3n por el cambio, su tenacidad y su asombrosa determinaci\u00f3n son evidencias palpables en cada una de las p\u00e1ginas del presente volumen.<\/p>\n","protected":false},"excerpt":{"rendered":"<p>Los a\u00f1os de Downing Street es un brillante retrato de los hechos y las personas de los primeros a\u00f1os de la que fuera primera ministra brit\u00e1nica Margaret Thatcher en el poder. La Dama de Hierro nos cuenta en primera persona, haciendo gala de una precisi\u00f3n demoledora, c\u00f3mo fueron los primeros momentos de su acceso al [&hellip;]<\/p>\n","protected":false},"featured_media":869,"template":"","meta":[],"product_brand":[],"product_cat":[25],"product_tag":[136,162,163,55],"class_list":{"0":"post-865","1":"product","2":"type-product","3":"status-publish","4":"has-post-thumbnail","6":"product_cat-libros-digitales-ebooks","7":"product_tag-decargar-ebook","8":"product_tag-los-anos-de-downing-street","9":"product_tag-margaret-theacher","10":"product_tag-novelas","12":"first","13":"instock","14":"shipping-taxable","15":"purchasable","16":"product-type-variable","17":"has-default-attributes"},"_links":{"self":[{"href":"https:\/\/www.taller-palabras.com\/WordPress_04\/wp-json\/wp\/v2\/product\/865","targetHints":{"allow":["GET"]}}],"collection":[{"href":"https:\/\/www.taller-palabras.com\/WordPress_04\/wp-json\/wp\/v2\/product"}],"about":[{"href":"https:\/\/www.taller-palabras.com\/WordPress_04\/wp-json\/wp\/v2\/types\/product"}],"wp:featuredmedia":[{"embeddable":true,"href":"https:\/\/www.taller-palabras.com\/WordPress_04\/wp-json\/wp\/v2\/media\/869"}],"wp:attachment":[{"href":"https:\/\/www.taller-palabras.com\/WordPress_04\/wp-json\/wp\/v2\/media?parent=865"}],"wp:term":[{"taxonomy":"product_brand","embeddable":true,"href":"https:\/\/www.taller-palabras.com\/WordPress_04\/wp-json\/wp\/v2\/product_brand?post=865"},{"taxonomy":"product_cat","embeddable":true,"href":"https:\/\/www.taller-palabras.com\/WordPress_04\/wp-json\/wp\/v2\/product_cat?post=865"},{"taxonomy":"product_tag","embeddable":true,"href":"https:\/\/www.taller-palabras.com\/WordPress_04\/wp-json\/wp\/v2\/product_tag?post=865"}],"curies":[{"name":"wp","href":"https:\/\/api.w.org\/{rel}","templated":true}]}}