{"id":8717,"date":"2024-01-11T10:58:19","date_gmt":"2024-01-11T13:58:19","guid":{"rendered":"https:\/\/www.taller-palabras.com\/WordPress_04\/?post_type=product&#038;p=8717"},"modified":"2024-01-11T11:28:49","modified_gmt":"2024-01-11T14:28:49","slug":"de-ratones-y-hombres-john-steinbeck-ebook","status":"publish","type":"product","link":"https:\/\/www.taller-palabras.com\/WordPress_04\/producto\/de-ratones-y-hombres-john-steinbeck-ebook","title":{"rendered":"De ratones y hombres &#8211; John Steinbeck \/ebook"},"content":{"rendered":"<figure id=\"attachment_8720\" aria-describedby=\"caption-attachment-8720\" style=\"width: 150px\" class=\"wp-caption alignleft\"><img loading=\"lazy\" decoding=\"async\" class=\"wp-image-8720 size-thumbnail\" src=\"https:\/\/www.taller-palabras.com\/WordPress_04\/wp-content\/uploads\/2024\/01\/John-Steinbeck-150x150.jpg\" alt=\"\" width=\"150\" height=\"150\" srcset=\"https:\/\/www.taller-palabras.com\/WordPress_04\/wp-content\/uploads\/2024\/01\/John-Steinbeck-150x150.jpg 150w, https:\/\/www.taller-palabras.com\/WordPress_04\/wp-content\/uploads\/2024\/01\/John-Steinbeck-100x100.jpg 100w, https:\/\/www.taller-palabras.com\/WordPress_04\/wp-content\/uploads\/2024\/01\/John-Steinbeck.jpg 225w\" sizes=\"auto, (max-width: 150px) 100vw, 150px\" \/><figcaption id=\"caption-attachment-8720\" class=\"wp-caption-text\">Autor John Steinbeck<\/figcaption><\/figure>\n<p>Lennie, un deficiente mental tan bruto como tierno, recorre los caminos junto al p\u00edcaro e ingenioso George. Son dos figuras errantes en el paisaje rural de la Gran Depresi\u00f3n que asol\u00f3 Norteam\u00e9rica, en busca siempre de cualquier trabajo que les permita sobrevivir. John Steinbeck, Premio Nobel 1962, plasm\u00f3 en muchas de sus novelas el mundo de los desheredados que vagaban por la Am\u00e9rica rural de los a\u00f1os de la Depresi\u00f3n, en busca de cualquier trabajo que les permitiera sobrevivir. En esta novela, que ha sido llevada a la pantalla en 1992, Steinbeck narra la relaci\u00f3n entre Lennie y George: Lennie, un d\u00e9bil mental tan primitivo como tierno; George, un p\u00edcaro h\u00e1bil a ingenioso, que intenta proteger a Lennie de si mismo, aunque a veces se escude en su fuerza para salir de apuros. La amistad entre estos dos seres marginados y su enfrentamiento al convencional y civilizado mundo de los poderosos es producto de un costado humano que sigue hoy tan vigente como cuando se escribi\u00f3 esta novela, hace m\u00e1s de sesenta a\u00f1os: la solidaridad.<\/p>\n<p>&nbsp;<\/p>\n","protected":false},"excerpt":{"rendered":"<p>Lennie, un deficiente mental tan bruto como tierno, recorre los caminos junto al p\u00edcaro e ingenioso George. Son dos figuras errantes en el paisaje rural de la Gran Depresi\u00f3n que asol\u00f3 Norteam\u00e9rica, en busca siempre de cualquier trabajo que les permita sobrevivir. John Steinbeck, Premio Nobel 1962, plasm\u00f3 en muchas de sus novelas el mundo [&hellip;]<\/p>\n","protected":false},"featured_media":8721,"template":"","meta":[],"product_brand":[],"product_cat":[25],"product_tag":[1225,54,1224,225],"class_list":{"0":"post-8717","1":"product","2":"type-product","3":"status-publish","4":"has-post-thumbnail","6":"product_cat-libros-digitales-ebooks","7":"product_tag-de-ratones-y-hombres","8":"product_tag-descargar-ebook","9":"product_tag-john-steinbeck","10":"product_tag-mejores-novelas","12":"first","13":"instock","14":"shipping-taxable","15":"purchasable","16":"product-type-variable","17":"has-default-attributes"},"_links":{"self":[{"href":"https:\/\/www.taller-palabras.com\/WordPress_04\/wp-json\/wp\/v2\/product\/8717","targetHints":{"allow":["GET"]}}],"collection":[{"href":"https:\/\/www.taller-palabras.com\/WordPress_04\/wp-json\/wp\/v2\/product"}],"about":[{"href":"https:\/\/www.taller-palabras.com\/WordPress_04\/wp-json\/wp\/v2\/types\/product"}],"wp:featuredmedia":[{"embeddable":true,"href":"https:\/\/www.taller-palabras.com\/WordPress_04\/wp-json\/wp\/v2\/media\/8721"}],"wp:attachment":[{"href":"https:\/\/www.taller-palabras.com\/WordPress_04\/wp-json\/wp\/v2\/media?parent=8717"}],"wp:term":[{"taxonomy":"product_brand","embeddable":true,"href":"https:\/\/www.taller-palabras.com\/WordPress_04\/wp-json\/wp\/v2\/product_brand?post=8717"},{"taxonomy":"product_cat","embeddable":true,"href":"https:\/\/www.taller-palabras.com\/WordPress_04\/wp-json\/wp\/v2\/product_cat?post=8717"},{"taxonomy":"product_tag","embeddable":true,"href":"https:\/\/www.taller-palabras.com\/WordPress_04\/wp-json\/wp\/v2\/product_tag?post=8717"}],"curies":[{"name":"wp","href":"https:\/\/api.w.org\/{rel}","templated":true}]}}