{"id":8779,"date":"2020-11-09T10:53:16","date_gmt":"2020-11-09T13:53:16","guid":{"rendered":"https:\/\/www.taller-palabras.com\/WordPress_04\/?post_type=product&#038;p=8779"},"modified":"2024-01-13T14:41:19","modified_gmt":"2024-01-13T17:41:19","slug":"saga-la-caza-del-octubre-rojo-4-tom-clancy-ebook","status":"publish","type":"product","link":"https:\/\/www.taller-palabras.com\/WordPress_04\/producto\/saga-la-caza-del-octubre-rojo-4-tom-clancy-ebook","title":{"rendered":"Saga: La caza del Octubre Rojo (4) &#8211; Tom Clancy \/ebook)"},"content":{"rendered":"<figure id=\"attachment_2647\" aria-describedby=\"caption-attachment-2647\" style=\"width: 150px\" class=\"wp-caption alignleft\"><img loading=\"lazy\" decoding=\"async\" class=\"wp-image-2647 size-thumbnail\" src=\"https:\/\/www.taller-palabras.com\/WordPress_04\/wp-content\/uploads\/2020\/11\/tom-clancy-150x150.jpg\" alt=\"\" width=\"150\" height=\"150\" srcset=\"https:\/\/www.taller-palabras.com\/WordPress_04\/wp-content\/uploads\/2020\/11\/tom-clancy-150x150.jpg 150w, https:\/\/www.taller-palabras.com\/WordPress_04\/wp-content\/uploads\/2020\/11\/tom-clancy-100x100.jpg 100w, https:\/\/www.taller-palabras.com\/WordPress_04\/wp-content\/uploads\/2020\/11\/tom-clancy.jpg 283w\" sizes=\"auto, (max-width: 150px) 100vw, 150px\" \/><figcaption id=\"caption-attachment-2647\" class=\"wp-caption-text\">Autor Tom Clancy<\/figcaption><\/figure>\n<p>Esta novela constituye el relato de aventuras en el mar m\u00e1s emocionante de los \u00faltimos tiempos. Narra la historia de la deserci\u00f3n a Estados Unidos del capit\u00e1n Marko Ramius, comandante del Octubre Rojo, el submarino m\u00e1s temible y sofisticado de la flota sovi\u00e9tica, con una potencia capaz de aniquilar 200 ciudades. La armada sovi\u00e9tica se movilizar\u00e1 completamente, con el objetivo de destruir el submarino a toda costa antes de que Estados Unidos consiga hallarlo y conducirlo a sus aguas&#8230;<\/p>\n","protected":false},"excerpt":{"rendered":"<p>Esta novela constituye el relato de aventuras en el mar m\u00e1s emocionante de los \u00faltimos tiempos. Narra la historia de la deserci\u00f3n a Estados Unidos del capit\u00e1n Marko Ramius, comandante del Octubre Rojo, el submarino m\u00e1s temible y sofisticado de la flota sovi\u00e9tica, con una potencia capaz de aniquilar 200 ciudades. La armada sovi\u00e9tica se [&hellip;]<\/p>\n","protected":false},"featured_media":8782,"template":"","meta":[],"product_brand":[],"product_cat":[25,47],"product_tag":[54,1234,306],"class_list":{"0":"post-8779","1":"product","2":"type-product","3":"status-publish","4":"has-post-thumbnail","6":"product_cat-libros-digitales-ebooks","7":"product_cat-libros-digitales-sagas","8":"product_tag-descargar-ebook","9":"product_tag-la-caza-del-octubre-rojo","10":"product_tag-tom-clancy","12":"first","13":"instock","14":"shipping-taxable","15":"purchasable","16":"product-type-variable","17":"has-default-attributes"},"_links":{"self":[{"href":"https:\/\/www.taller-palabras.com\/WordPress_04\/wp-json\/wp\/v2\/product\/8779","targetHints":{"allow":["GET"]}}],"collection":[{"href":"https:\/\/www.taller-palabras.com\/WordPress_04\/wp-json\/wp\/v2\/product"}],"about":[{"href":"https:\/\/www.taller-palabras.com\/WordPress_04\/wp-json\/wp\/v2\/types\/product"}],"wp:featuredmedia":[{"embeddable":true,"href":"https:\/\/www.taller-palabras.com\/WordPress_04\/wp-json\/wp\/v2\/media\/8782"}],"wp:attachment":[{"href":"https:\/\/www.taller-palabras.com\/WordPress_04\/wp-json\/wp\/v2\/media?parent=8779"}],"wp:term":[{"taxonomy":"product_brand","embeddable":true,"href":"https:\/\/www.taller-palabras.com\/WordPress_04\/wp-json\/wp\/v2\/product_brand?post=8779"},{"taxonomy":"product_cat","embeddable":true,"href":"https:\/\/www.taller-palabras.com\/WordPress_04\/wp-json\/wp\/v2\/product_cat?post=8779"},{"taxonomy":"product_tag","embeddable":true,"href":"https:\/\/www.taller-palabras.com\/WordPress_04\/wp-json\/wp\/v2\/product_tag?post=8779"}],"curies":[{"name":"wp","href":"https:\/\/api.w.org\/{rel}","templated":true}]}}