{"id":8793,"date":"2021-11-25T12:58:31","date_gmt":"2021-11-25T15:58:31","guid":{"rendered":"https:\/\/www.taller-palabras.com\/WordPress_04\/?post_type=product&#038;p=8793"},"modified":"2024-01-14T11:06:06","modified_gmt":"2024-01-14T14:06:06","slug":"las-aventuras-de-tom-sawyer-mark-twain-ebook-copia","status":"publish","type":"product","link":"https:\/\/www.taller-palabras.com\/WordPress_04\/producto\/las-aventuras-de-tom-sawyer-mark-twain-ebook-copia","title":{"rendered":"Las aventuras de Tom Sawyer &#8211; Mark Twain \/ebook"},"content":{"rendered":"<figure id=\"attachment_2653\" aria-describedby=\"caption-attachment-2653\" style=\"width: 150px\" class=\"wp-caption alignleft\"><img loading=\"lazy\" decoding=\"async\" class=\"wp-image-2653 size-thumbnail\" src=\"https:\/\/www.taller-palabras.com\/WordPress_04\/wp-content\/uploads\/2020\/11\/MarkTwain-150x150.jpg\" alt=\"\" width=\"150\" height=\"150\" srcset=\"https:\/\/www.taller-palabras.com\/WordPress_04\/wp-content\/uploads\/2020\/11\/MarkTwain-150x150.jpg 150w, https:\/\/www.taller-palabras.com\/WordPress_04\/wp-content\/uploads\/2020\/11\/MarkTwain-100x100.jpg 100w\" sizes=\"auto, (max-width: 150px) 100vw, 150px\" \/><figcaption id=\"caption-attachment-2653\" class=\"wp-caption-text\">Autor Mark Twain<\/figcaption><\/figure>\n<p>En Las aventuras de Tom Sawyer Mark Twain recre\u00f3 una \u00e9poca de cercas enjalbegadas y picnics dominicales en la parroquia, cuando el trasiego de la vida desbordaba el Mississippi y la esclavitud estaba a la orden del d\u00eda; eran los a\u00f1os del antebellum, antes de que la guerra de Secesi\u00f3n transformara la historia de Estados Unidos. Sin embargo, mientras Tom Sawyer forma una banda de piratas para ir en busca de un tesoro enterrado, o cuando est\u00e1 en casa compartiendo un brebaje con el gato de su t\u00eda Polly, lo que se proyecta no es solo el mundo rural de los estado sure\u00f1os en el siglo\u00a0XIX, sino la ilusi\u00f3n de una infancia eterna. Esta edici\u00f3n, en una traducci\u00f3n de Sim\u00f3n Santain\u00e9s, se abre con una introducci\u00f3n del reconocido experto en Mark Twain R. Kent Rasmussen, donde defiende la capacidad del autor para fascinar a lectores de cualquier edad a trav\u00e9s de una mirada ir\u00f3nica que contrasta con las fechor\u00edas de Tom Sawyer, uno de los personajes m\u00e1s emblem\u00e1ticos de la literatura estadounidense.<\/p>\n<p>William Faulkner dijo sobre Mark Twain\u2026 \u00abEl padre de la literatura norteamericana\u00bb.<\/p>\n","protected":false},"excerpt":{"rendered":"<p>En Las aventuras de Tom Sawyer Mark Twain recre\u00f3 una \u00e9poca de cercas enjalbegadas y picnics dominicales en la parroquia, cuando el trasiego de la vida desbordaba el Mississippi y la esclavitud estaba a la orden del d\u00eda; eran los a\u00f1os del antebellum, antes de que la guerra de Secesi\u00f3n transformara la historia de Estados [&hellip;]<\/p>\n","protected":false},"featured_media":8796,"template":"","meta":[],"product_brand":[],"product_cat":[25],"product_tag":[54,1236,309,308],"class_list":{"0":"post-8793","1":"product","2":"type-product","3":"status-publish","4":"has-post-thumbnail","6":"product_cat-libros-digitales-ebooks","7":"product_tag-descargar-ebook","8":"product_tag-las-aventuras-de-tom-sawyer","9":"product_tag-mark-twain","10":"product_tag-mejores-novela","12":"first","13":"instock","14":"shipping-taxable","15":"purchasable","16":"product-type-variable","17":"has-default-attributes"},"_links":{"self":[{"href":"https:\/\/www.taller-palabras.com\/WordPress_04\/wp-json\/wp\/v2\/product\/8793","targetHints":{"allow":["GET"]}}],"collection":[{"href":"https:\/\/www.taller-palabras.com\/WordPress_04\/wp-json\/wp\/v2\/product"}],"about":[{"href":"https:\/\/www.taller-palabras.com\/WordPress_04\/wp-json\/wp\/v2\/types\/product"}],"wp:featuredmedia":[{"embeddable":true,"href":"https:\/\/www.taller-palabras.com\/WordPress_04\/wp-json\/wp\/v2\/media\/8796"}],"wp:attachment":[{"href":"https:\/\/www.taller-palabras.com\/WordPress_04\/wp-json\/wp\/v2\/media?parent=8793"}],"wp:term":[{"taxonomy":"product_brand","embeddable":true,"href":"https:\/\/www.taller-palabras.com\/WordPress_04\/wp-json\/wp\/v2\/product_brand?post=8793"},{"taxonomy":"product_cat","embeddable":true,"href":"https:\/\/www.taller-palabras.com\/WordPress_04\/wp-json\/wp\/v2\/product_cat?post=8793"},{"taxonomy":"product_tag","embeddable":true,"href":"https:\/\/www.taller-palabras.com\/WordPress_04\/wp-json\/wp\/v2\/product_tag?post=8793"}],"curies":[{"name":"wp","href":"https:\/\/api.w.org\/{rel}","templated":true}]}}