{"id":895,"date":"2020-01-19T15:18:56","date_gmt":"2020-01-19T18:18:56","guid":{"rendered":"https:\/\/www.taller-palabras.com\/WordPress_04\/?post_type=product&#038;p=895"},"modified":"2023-11-06T11:47:22","modified_gmt":"2023-11-06T14:47:22","slug":"pamuk-orhan-estambul-ciudad-y-recuerdos-ebook","status":"publish","type":"product","link":"https:\/\/www.taller-palabras.com\/WordPress_04\/producto\/pamuk-orhan-estambul-ciudad-y-recuerdos-ebook","title":{"rendered":"Estambul Ciudad Y Recuerdos &#8211; Orhan Pamuk  \/ebook"},"content":{"rendered":"<figure id=\"attachment_891\" aria-describedby=\"caption-attachment-891\" style=\"width: 150px\" class=\"wp-caption alignleft\"><img loading=\"lazy\" decoding=\"async\" class=\"wp-image-891 size-thumbnail\" src=\"https:\/\/www.taller-palabras.com\/WordPress_04\/wp-content\/uploads\/2020\/01\/orhanPamuk-150x150.jpg\" alt=\"\" width=\"150\" height=\"150\" srcset=\"https:\/\/www.taller-palabras.com\/WordPress_04\/wp-content\/uploads\/2020\/01\/orhanPamuk-150x150.jpg 150w, https:\/\/www.taller-palabras.com\/WordPress_04\/wp-content\/uploads\/2020\/01\/orhanPamuk-324x324.jpg 324w, https:\/\/www.taller-palabras.com\/WordPress_04\/wp-content\/uploads\/2020\/01\/orhanPamuk-100x100.jpg 100w\" sizes=\"auto, (max-width: 150px) 100vw, 150px\" \/><figcaption id=\"caption-attachment-891\" class=\"wp-caption-text\">Autor Orhan Pamuk<\/figcaption><\/figure>\n<p>Estambul es un retrato, en ocasiones panor\u00e1mico y en otras \u00edntimo y personal, de una de las ciudades m\u00e1s fascinantes de la Europa que mira a Asia. Pero es tambi\u00e9n una autobiograf\u00eda, la del propio Orhan Pamuk.<br \/>\nLa historia da comienzo con el cap\u00edtulo de su infancia, donde Pamuk nos habla sobre su exc\u00e9ntrica familia y su vida en un polvoriento apartamento \u2013\u00ablos apartamentos Pamuk\u00bb, as\u00ed los denomina\u2013 en el centro de la ciudad.<br \/>\nEl autor recuerda que fue en aquellos d\u00edas lejanos cuando tom\u00f3 conciencia de que le hab\u00eda tocado vivir en un espacio plagado de melancol\u00eda: residente de un lugar que arrastra un pasado glorioso y que intenta hacerse un hueco en la \u00abmodernidad\u00bb. Viejos y hermosos edificios en ruinas, estatuas valiosas y mutantes, villas fantasmag\u00f3ricas y callejuelas secretas donde, por encima de todo, destaca el terap\u00e9utico B\u00f3sforo, que en la memoria del narrador es vida, salud y felicidad.<br \/>\nEsta eleg\u00eda sirve para que el autor introduzca a pintores, escritores y c\u00e9lebres asesinos, a trav\u00e9s de cuyos ojos el narrador describe la ciudad. Hermoso retrato de una ciudad y una vida, ambas fascinantes por igual.<\/p>\n","protected":false},"excerpt":{"rendered":"<p>Estambul es un retrato, en ocasiones panor\u00e1mico y en otras \u00edntimo y personal, de una de las ciudades m\u00e1s fascinantes de la Europa que mira a Asia. Pero es tambi\u00e9n una autobiograf\u00eda, la del propio Orhan Pamuk. La historia da comienzo con el cap\u00edtulo de su infancia, donde Pamuk nos habla sobre su exc\u00e9ntrica familia [&hellip;]<\/p>\n","protected":false},"featured_media":899,"template":"","meta":[],"product_brand":[],"product_cat":[25],"product_tag":[136,217,55,218],"class_list":{"0":"post-895","1":"product","2":"type-product","3":"status-publish","4":"has-post-thumbnail","6":"product_cat-libros-digitales-ebooks","7":"product_tag-decargar-ebook","8":"product_tag-estambul-ciudad-y-recuerdos","9":"product_tag-novelas","10":"product_tag-orhan-pamuk","12":"first","13":"instock","14":"shipping-taxable","15":"purchasable","16":"product-type-variable","17":"has-default-attributes"},"_links":{"self":[{"href":"https:\/\/www.taller-palabras.com\/WordPress_04\/wp-json\/wp\/v2\/product\/895","targetHints":{"allow":["GET"]}}],"collection":[{"href":"https:\/\/www.taller-palabras.com\/WordPress_04\/wp-json\/wp\/v2\/product"}],"about":[{"href":"https:\/\/www.taller-palabras.com\/WordPress_04\/wp-json\/wp\/v2\/types\/product"}],"wp:featuredmedia":[{"embeddable":true,"href":"https:\/\/www.taller-palabras.com\/WordPress_04\/wp-json\/wp\/v2\/media\/899"}],"wp:attachment":[{"href":"https:\/\/www.taller-palabras.com\/WordPress_04\/wp-json\/wp\/v2\/media?parent=895"}],"wp:term":[{"taxonomy":"product_brand","embeddable":true,"href":"https:\/\/www.taller-palabras.com\/WordPress_04\/wp-json\/wp\/v2\/product_brand?post=895"},{"taxonomy":"product_cat","embeddable":true,"href":"https:\/\/www.taller-palabras.com\/WordPress_04\/wp-json\/wp\/v2\/product_cat?post=895"},{"taxonomy":"product_tag","embeddable":true,"href":"https:\/\/www.taller-palabras.com\/WordPress_04\/wp-json\/wp\/v2\/product_tag?post=895"}],"curies":[{"name":"wp","href":"https:\/\/api.w.org\/{rel}","templated":true}]}}