{"id":9006,"date":"2021-02-04T10:00:48","date_gmt":"2021-02-04T13:00:48","guid":{"rendered":"https:\/\/www.taller-palabras.com\/WordPress_04\/?post_type=product&#038;p=9006"},"modified":"2024-01-31T12:23:30","modified_gmt":"2024-01-31T15:23:30","slug":"saga-bailando-con-el-diablo-4-sherrilyn-kenyon-ebook","status":"publish","type":"product","link":"https:\/\/www.taller-palabras.com\/WordPress_04\/producto\/saga-bailando-con-el-diablo-4-sherrilyn-kenyon-ebook","title":{"rendered":"Saga: Bailando con el diablo (4) &#8211; Sherrilyn Kenyon \/ebook"},"content":{"rendered":"<figure id=\"attachment_3062\" aria-describedby=\"caption-attachment-3062\" style=\"width: 150px\" class=\"wp-caption alignleft\"><img loading=\"lazy\" decoding=\"async\" class=\"wp-image-3062 size-thumbnail\" src=\"https:\/\/www.taller-palabras.com\/WordPress_04\/wp-content\/uploads\/2021\/02\/Sherrily-Kenyon-150x150.jpg\" alt=\"\" width=\"150\" height=\"150\" srcset=\"https:\/\/www.taller-palabras.com\/WordPress_04\/wp-content\/uploads\/2021\/02\/Sherrily-Kenyon-150x150.jpg 150w, https:\/\/www.taller-palabras.com\/WordPress_04\/wp-content\/uploads\/2021\/02\/Sherrily-Kenyon-100x100.jpg 100w\" sizes=\"auto, (max-width: 150px) 100vw, 150px\" \/><figcaption id=\"caption-attachment-3062\" class=\"wp-caption-text\">Autora Sherrilyn Kenyon<\/figcaption><\/figure>\n<p>Exiliado en Alaska durante siglos, despreciado por la diosa que le cre\u00f3 y temido por los de su misma clase, Zarek ha sido condenado a muerte por Artemisa por un incidente ocurrido en su \u00faltima misi\u00f3n. Su \u00fanica oportunidad de indulto llega de la mano del l\u00edder de los Cazadores Oscuros, Acheron, y de la ninfa de la justicia, Astrid. Pero es una oportunidad muy endeble. Astrid nunca ha juzgado a un \u00abno culpable\u00bb, y el \u00fanico hombre que se acerc\u00f3 lo suficiente para obtener la absoluci\u00f3n, la traicion\u00f3 y rompi\u00f3 su coraz\u00f3n. Pero en una caba\u00f1a aislada por la nieve, la juez y el acusado descubren que el amor siempre ofrece otra oportunidad. \u00bfPero c\u00f3mo puede un ex-esclavo cuya alma est\u00e1 en poder de una diosa griega so\u00f1ar con tocar y poseer a una ardiente estrella?<\/p>\n","protected":false},"excerpt":{"rendered":"<p>Exiliado en Alaska durante siglos, despreciado por la diosa que le cre\u00f3 y temido por los de su misma clase, Zarek ha sido condenado a muerte por Artemisa por un incidente ocurrido en su \u00faltima misi\u00f3n. Su \u00fanica oportunidad de indulto llega de la mano del l\u00edder de los Cazadores Oscuros, Acheron, y de la [&hellip;]<\/p>\n","protected":false},"featured_media":9009,"template":"","meta":[],"product_brand":[],"product_cat":[25,47],"product_tag":[54,1248,45,371],"class_list":{"0":"post-9006","1":"product","2":"type-product","3":"status-publish","4":"has-post-thumbnail","6":"product_cat-libros-digitales-ebooks","7":"product_cat-libros-digitales-sagas","8":"product_tag-descargar-ebook","9":"product_tag-el-abrazo-de-la-noche","10":"product_tag-mejor-novela","11":"product_tag-sherrily-kenyon","13":"first","14":"instock","15":"shipping-taxable","16":"purchasable","17":"product-type-variable","18":"has-default-attributes"},"_links":{"self":[{"href":"https:\/\/www.taller-palabras.com\/WordPress_04\/wp-json\/wp\/v2\/product\/9006","targetHints":{"allow":["GET"]}}],"collection":[{"href":"https:\/\/www.taller-palabras.com\/WordPress_04\/wp-json\/wp\/v2\/product"}],"about":[{"href":"https:\/\/www.taller-palabras.com\/WordPress_04\/wp-json\/wp\/v2\/types\/product"}],"wp:featuredmedia":[{"embeddable":true,"href":"https:\/\/www.taller-palabras.com\/WordPress_04\/wp-json\/wp\/v2\/media\/9009"}],"wp:attachment":[{"href":"https:\/\/www.taller-palabras.com\/WordPress_04\/wp-json\/wp\/v2\/media?parent=9006"}],"wp:term":[{"taxonomy":"product_brand","embeddable":true,"href":"https:\/\/www.taller-palabras.com\/WordPress_04\/wp-json\/wp\/v2\/product_brand?post=9006"},{"taxonomy":"product_cat","embeddable":true,"href":"https:\/\/www.taller-palabras.com\/WordPress_04\/wp-json\/wp\/v2\/product_cat?post=9006"},{"taxonomy":"product_tag","embeddable":true,"href":"https:\/\/www.taller-palabras.com\/WordPress_04\/wp-json\/wp\/v2\/product_tag?post=9006"}],"curies":[{"name":"wp","href":"https:\/\/api.w.org\/{rel}","templated":true}]}}