{"id":9012,"date":"2021-02-04T09:55:08","date_gmt":"2021-02-04T12:55:08","guid":{"rendered":"https:\/\/www.taller-palabras.com\/WordPress_04\/?post_type=product&#038;p=9012"},"modified":"2024-01-31T12:58:29","modified_gmt":"2024-01-31T15:58:29","slug":"saga-el-beso-de-la-noche-5-sherrilyn-kenyon-ebook","status":"publish","type":"product","link":"https:\/\/www.taller-palabras.com\/WordPress_04\/producto\/saga-el-beso-de-la-noche-5-sherrilyn-kenyon-ebook","title":{"rendered":"Saga: El beso de la noche (5) &#8211; Sherrilyn Kenyon \/ebook"},"content":{"rendered":"<figure id=\"attachment_3062\" aria-describedby=\"caption-attachment-3062\" style=\"width: 150px\" class=\"wp-caption alignleft\"><img loading=\"lazy\" decoding=\"async\" class=\"wp-image-3062 size-thumbnail\" src=\"https:\/\/www.taller-palabras.com\/WordPress_04\/wp-content\/uploads\/2021\/02\/Sherrily-Kenyon-150x150.jpg\" alt=\"\" width=\"150\" height=\"150\" srcset=\"https:\/\/www.taller-palabras.com\/WordPress_04\/wp-content\/uploads\/2021\/02\/Sherrily-Kenyon-150x150.jpg 150w, https:\/\/www.taller-palabras.com\/WordPress_04\/wp-content\/uploads\/2021\/02\/Sherrily-Kenyon-100x100.jpg 100w\" sizes=\"auto, (max-width: 150px) 100vw, 150px\" \/><figcaption id=\"caption-attachment-3062\" class=\"wp-caption-text\">Autora Sherrilyn Kenyon<\/figcaption><\/figure>\n<p>\u00bfQu\u00e9 obtienes cuando coges un guerrero vikingo inmortal al que nadie recuerda cinco minutos despu\u00e9s de irse, una heredera de Apolo que huye por su vida y un semidi\u00f3s bastante cabreado? B\u00e1sicamente, obtienes mi vida. Todo empez\u00f3 de manera bastante simple. Salv\u00e9 a una mujer en un club una noche. Lo siguiente que supe fue que la puerta al infierno se hab\u00eda abierto y de all\u00ed emergieron Daimons de clases que nunca hab\u00eda visto antes. Guiados por el hijo de Apolo, hab\u00edan salido para dar fin a la maldici\u00f3n que les condenaba a la oscuridad. El \u00fanico problema es que deb\u00edan matar a Cassandra Peters para conseguirlo y si ella mor\u00eda, tambi\u00e9n morir\u00edan el Sol, la Tierra y todos los que moran en ella. Unidos por el destino, ahora es mi labor proteger a una hija de la raza que he cazado durante cientos de a\u00f1os. Ninguno de nosotros se atreve a confiar en el otro. Pero ella es la \u00fanica que me recuerda\u2026 M\u00e1s que eso, con su valor y fortaleza, es la \u00fanica que ha tocado un coraz\u00f3n que cre\u00ed muerto siglos atr\u00e1s. \u2014 WULF TRYGGVASON \u2014<\/p>\n","protected":false},"excerpt":{"rendered":"<p>\u00bfQu\u00e9 obtienes cuando coges un guerrero vikingo inmortal al que nadie recuerda cinco minutos despu\u00e9s de irse, una heredera de Apolo que huye por su vida y un semidi\u00f3s bastante cabreado? B\u00e1sicamente, obtienes mi vida. Todo empez\u00f3 de manera bastante simple. Salv\u00e9 a una mujer en un club una noche. Lo siguiente que supe fue [&hellip;]<\/p>\n","protected":false},"featured_media":9015,"template":"","meta":[],"product_brand":[],"product_cat":[25,47],"product_tag":[54,1249,45,371],"class_list":{"0":"post-9012","1":"product","2":"type-product","3":"status-publish","4":"has-post-thumbnail","6":"product_cat-libros-digitales-ebooks","7":"product_cat-libros-digitales-sagas","8":"product_tag-descargar-ebook","9":"product_tag-el-beso-de-la-noche","10":"product_tag-mejor-novela","11":"product_tag-sherrily-kenyon","13":"first","14":"instock","15":"shipping-taxable","16":"purchasable","17":"product-type-variable","18":"has-default-attributes"},"_links":{"self":[{"href":"https:\/\/www.taller-palabras.com\/WordPress_04\/wp-json\/wp\/v2\/product\/9012","targetHints":{"allow":["GET"]}}],"collection":[{"href":"https:\/\/www.taller-palabras.com\/WordPress_04\/wp-json\/wp\/v2\/product"}],"about":[{"href":"https:\/\/www.taller-palabras.com\/WordPress_04\/wp-json\/wp\/v2\/types\/product"}],"wp:featuredmedia":[{"embeddable":true,"href":"https:\/\/www.taller-palabras.com\/WordPress_04\/wp-json\/wp\/v2\/media\/9015"}],"wp:attachment":[{"href":"https:\/\/www.taller-palabras.com\/WordPress_04\/wp-json\/wp\/v2\/media?parent=9012"}],"wp:term":[{"taxonomy":"product_brand","embeddable":true,"href":"https:\/\/www.taller-palabras.com\/WordPress_04\/wp-json\/wp\/v2\/product_brand?post=9012"},{"taxonomy":"product_cat","embeddable":true,"href":"https:\/\/www.taller-palabras.com\/WordPress_04\/wp-json\/wp\/v2\/product_cat?post=9012"},{"taxonomy":"product_tag","embeddable":true,"href":"https:\/\/www.taller-palabras.com\/WordPress_04\/wp-json\/wp\/v2\/product_tag?post=9012"}],"curies":[{"name":"wp","href":"https:\/\/api.w.org\/{rel}","templated":true}]}}