{"id":9088,"date":"2024-02-09T11:38:26","date_gmt":"2024-02-09T14:38:26","guid":{"rendered":"https:\/\/www.taller-palabras.com\/WordPress_04\/?post_type=product&#038;p=9088"},"modified":"2024-02-09T11:43:43","modified_gmt":"2024-02-09T14:43:43","slug":"el-voto-femenino-y-yo-mi-pecado-mortal-clara-campoamor-ebook","status":"publish","type":"product","link":"https:\/\/www.taller-palabras.com\/WordPress_04\/producto\/el-voto-femenino-y-yo-mi-pecado-mortal-clara-campoamor-ebook","title":{"rendered":"El voto femenino y yo: mi pecado mortal &#8211; Clara Campoamor \/ebook"},"content":{"rendered":"<figure id=\"attachment_9094\" aria-describedby=\"caption-attachment-9094\" style=\"width: 150px\" class=\"wp-caption alignleft\"><img loading=\"lazy\" decoding=\"async\" class=\"wp-image-9094 size-thumbnail\" src=\"https:\/\/www.taller-palabras.com\/WordPress_04\/wp-content\/uploads\/2024\/02\/Clara-Campoamor-150x150.jpg\" alt=\"\" width=\"150\" height=\"150\" srcset=\"https:\/\/www.taller-palabras.com\/WordPress_04\/wp-content\/uploads\/2024\/02\/Clara-Campoamor-150x150.jpg 150w, https:\/\/www.taller-palabras.com\/WordPress_04\/wp-content\/uploads\/2024\/02\/Clara-Campoamor-100x100.jpg 100w, https:\/\/www.taller-palabras.com\/WordPress_04\/wp-content\/uploads\/2024\/02\/Clara-Campoamor.jpg 283w\" sizes=\"auto, (max-width: 150px) 100vw, 150px\" \/><figcaption id=\"caption-attachment-9094\" class=\"wp-caption-text\">Autora Clara Campoamor<\/figcaption><\/figure>\n<p>Su lucha por el sufragio femenino en Espa\u00f1a le vali\u00f3 a Clara Campoamor la inquina de los elementos reaccionarios de la sociedad, pero, sobre todo, de aquellas \u00abfeministas progresistas\u00bb que ve\u00edan en ese derecho el caballo de Troya de la derecha, al supon\u00e9rsele a las mujeres una inclinaci\u00f3n \u00abnatural\u00bb por las opciones pol\u00edticas conservadoras. Campoamor explica en este libro que su \u00abpecado mortal\u00bb, ese del que le acusaban sus supuestas correligionarias, consisti\u00f3 en defender sin fisuras la igualdad y la libertad de la mujer.<\/p>\n","protected":false},"excerpt":{"rendered":"<p>Su lucha por el sufragio femenino en Espa\u00f1a le vali\u00f3 a Clara Campoamor la inquina de los elementos reaccionarios de la sociedad, pero, sobre todo, de aquellas \u00abfeministas progresistas\u00bb que ve\u00edan en ese derecho el caballo de Troya de la derecha, al supon\u00e9rsele a las mujeres una inclinaci\u00f3n \u00abnatural\u00bb por las opciones pol\u00edticas conservadoras. Campoamor [&hellip;]<\/p>\n","protected":false},"featured_media":9093,"template":"","meta":[],"product_brand":[],"product_cat":[25],"product_tag":[1255,1181,1256,1184],"class_list":{"0":"post-9088","1":"product","2":"type-product","3":"status-publish","4":"has-post-thumbnail","6":"product_cat-libros-digitales-ebooks","7":"product_tag-clara-campoamor","8":"product_tag-descargar-ebooks","9":"product_tag-el-voto-femenino-y-yo-mi-pecado-morta","10":"product_tag-mejor-novelas","12":"first","13":"instock","14":"shipping-taxable","15":"purchasable","16":"product-type-variable","17":"has-default-attributes"},"_links":{"self":[{"href":"https:\/\/www.taller-palabras.com\/WordPress_04\/wp-json\/wp\/v2\/product\/9088","targetHints":{"allow":["GET"]}}],"collection":[{"href":"https:\/\/www.taller-palabras.com\/WordPress_04\/wp-json\/wp\/v2\/product"}],"about":[{"href":"https:\/\/www.taller-palabras.com\/WordPress_04\/wp-json\/wp\/v2\/types\/product"}],"wp:featuredmedia":[{"embeddable":true,"href":"https:\/\/www.taller-palabras.com\/WordPress_04\/wp-json\/wp\/v2\/media\/9093"}],"wp:attachment":[{"href":"https:\/\/www.taller-palabras.com\/WordPress_04\/wp-json\/wp\/v2\/media?parent=9088"}],"wp:term":[{"taxonomy":"product_brand","embeddable":true,"href":"https:\/\/www.taller-palabras.com\/WordPress_04\/wp-json\/wp\/v2\/product_brand?post=9088"},{"taxonomy":"product_cat","embeddable":true,"href":"https:\/\/www.taller-palabras.com\/WordPress_04\/wp-json\/wp\/v2\/product_cat?post=9088"},{"taxonomy":"product_tag","embeddable":true,"href":"https:\/\/www.taller-palabras.com\/WordPress_04\/wp-json\/wp\/v2\/product_tag?post=9088"}],"curies":[{"name":"wp","href":"https:\/\/api.w.org\/{rel}","templated":true}]}}