{"id":919,"date":"2020-01-22T17:12:31","date_gmt":"2020-01-22T20:12:31","guid":{"rendered":"https:\/\/www.taller-palabras.com\/WordPress_04\/?post_type=product&#038;p=919"},"modified":"2023-11-06T14:55:17","modified_gmt":"2023-11-06T17:55:17","slug":"hitler-ian-kershaw-ebook","status":"publish","type":"product","link":"https:\/\/www.taller-palabras.com\/WordPress_04\/producto\/hitler-ian-kershaw-ebook","title":{"rendered":"Hitler &#8211; Ian Kershaw \/ebook"},"content":{"rendered":"<figure id=\"attachment_916\" aria-describedby=\"caption-attachment-916\" style=\"width: 150px\" class=\"wp-caption alignleft\"><img loading=\"lazy\" decoding=\"async\" class=\"wp-image-916 size-thumbnail\" src=\"https:\/\/www.taller-palabras.com\/WordPress_04\/wp-content\/uploads\/2020\/01\/Kershaw-150x150.jpg\" alt=\"\" width=\"150\" height=\"150\" srcset=\"https:\/\/www.taller-palabras.com\/WordPress_04\/wp-content\/uploads\/2020\/01\/Kershaw-150x150.jpg 150w, https:\/\/www.taller-palabras.com\/WordPress_04\/wp-content\/uploads\/2020\/01\/Kershaw-324x324.jpg 324w, https:\/\/www.taller-palabras.com\/WordPress_04\/wp-content\/uploads\/2020\/01\/Kershaw-100x100.jpg 100w\" sizes=\"auto, (max-width: 150px) 100vw, 150px\" \/><figcaption id=\"caption-attachment-916\" class=\"wp-caption-text\">Autor Ian Kershaw<\/figcaption><\/figure>\n<p>Esta monumental obra recrea, con una destreza y una intensidad extraordinarias, vali\u00e9ndose de una inmensa variedad de fuentes, el mundo vital, pol\u00edtico y militar de Adolf Hitler, desde sus ra\u00edces provincianas en la Austria de los Habsburgo hasta su muerte en Berl\u00edn en 1945. En Hitler, Kershaw despliega todo su conocimiento sobre el personaje y su \u00e9poca para ofrecernos un fresco inigualable del dictador, sus pensamientos, m\u00e9todos y oratoria, y tratar de dar respuesta a uno de los interrogantes m\u00e1s apasionantes de la historia contempor\u00e1nea: \u00bfqu\u00e9 se esconde detr\u00e1s del F\u00fchrer y por qu\u00e9 un pueblo y su ej\u00e9rcito se dejaron arrastrar por los delirios de un l\u00edder que provoc\u00f3 la destrucci\u00f3n de Europa y la suya propia?<\/p>\n","protected":false},"excerpt":{"rendered":"<p>Esta monumental obra recrea, con una destreza y una intensidad extraordinarias, vali\u00e9ndose de una inmensa variedad de fuentes, el mundo vital, pol\u00edtico y militar de Adolf Hitler, desde sus ra\u00edces provincianas en la Austria de los Habsburgo hasta su muerte en Berl\u00edn en 1945. En Hitler, Kershaw despliega todo su conocimiento sobre el personaje y [&hellip;]<\/p>\n","protected":false},"featured_media":917,"template":"","meta":[],"product_brand":[],"product_cat":[25],"product_tag":[136,213,214,55],"class_list":{"0":"post-919","1":"product","2":"type-product","3":"status-publish","4":"has-post-thumbnail","6":"product_cat-libros-digitales-ebooks","7":"product_tag-decargar-ebook","8":"product_tag-hitler","9":"product_tag-ian-kershaw","10":"product_tag-novelas","12":"first","13":"instock","14":"shipping-taxable","15":"purchasable","16":"product-type-variable","17":"has-default-attributes"},"_links":{"self":[{"href":"https:\/\/www.taller-palabras.com\/WordPress_04\/wp-json\/wp\/v2\/product\/919","targetHints":{"allow":["GET"]}}],"collection":[{"href":"https:\/\/www.taller-palabras.com\/WordPress_04\/wp-json\/wp\/v2\/product"}],"about":[{"href":"https:\/\/www.taller-palabras.com\/WordPress_04\/wp-json\/wp\/v2\/types\/product"}],"wp:featuredmedia":[{"embeddable":true,"href":"https:\/\/www.taller-palabras.com\/WordPress_04\/wp-json\/wp\/v2\/media\/917"}],"wp:attachment":[{"href":"https:\/\/www.taller-palabras.com\/WordPress_04\/wp-json\/wp\/v2\/media?parent=919"}],"wp:term":[{"taxonomy":"product_brand","embeddable":true,"href":"https:\/\/www.taller-palabras.com\/WordPress_04\/wp-json\/wp\/v2\/product_brand?post=919"},{"taxonomy":"product_cat","embeddable":true,"href":"https:\/\/www.taller-palabras.com\/WordPress_04\/wp-json\/wp\/v2\/product_cat?post=919"},{"taxonomy":"product_tag","embeddable":true,"href":"https:\/\/www.taller-palabras.com\/WordPress_04\/wp-json\/wp\/v2\/product_tag?post=919"}],"curies":[{"name":"wp","href":"https:\/\/api.w.org\/{rel}","templated":true}]}}