{"id":9221,"date":"2024-03-03T15:42:44","date_gmt":"2024-03-03T18:42:44","guid":{"rendered":"https:\/\/www.taller-palabras.com\/WordPress_04\/?post_type=product&#038;p=9221"},"modified":"2024-03-03T16:03:45","modified_gmt":"2024-03-03T19:03:45","slug":"alguien-volo-sobre-el-nido-del-cuco-ken-kesey-ebook","status":"publish","type":"product","link":"https:\/\/www.taller-palabras.com\/WordPress_04\/producto\/alguien-volo-sobre-el-nido-del-cuco-ken-kesey-ebook","title":{"rendered":"Alguien vol\u00f3 sobre el nido del cuco &#8211; Ken Kesey \/ebook"},"content":{"rendered":"<figure id=\"attachment_9229\" aria-describedby=\"caption-attachment-9229\" style=\"width: 150px\" class=\"wp-caption alignleft\"><img loading=\"lazy\" decoding=\"async\" class=\"wp-image-9229 size-thumbnail\" src=\"https:\/\/www.taller-palabras.com\/WordPress_04\/wp-content\/uploads\/2024\/03\/KenKesey-150x150.jpg\" alt=\"\" width=\"150\" height=\"150\" srcset=\"https:\/\/www.taller-palabras.com\/WordPress_04\/wp-content\/uploads\/2024\/03\/KenKesey-150x150.jpg 150w, https:\/\/www.taller-palabras.com\/WordPress_04\/wp-content\/uploads\/2024\/03\/KenKesey-100x100.jpg 100w, https:\/\/www.taller-palabras.com\/WordPress_04\/wp-content\/uploads\/2024\/03\/KenKesey.jpg 283w\" sizes=\"auto, (max-width: 150px) 100vw, 150px\" \/><figcaption id=\"caption-attachment-9229\" class=\"wp-caption-text\">Autor Ken Kesey<\/figcaption><\/figure>\n<p>La acci\u00f3n de la novela se desarrolla dentro de un hospital psiqui\u00e1trico, en el Estado de Oreg\u00f3n, donde bajo la estricta direcci\u00f3n y supervisi\u00f3n de la enfermera jefe, los pacientes de la instituci\u00f3n, clasificados por su \u00abgrado de locura\u00bb, se someten pacientemente a la p\u00e9trea disciplina de las reglas establecidas dentro de un clima de aparente orden y tranquilidad. Hasta que un d\u00eda llega un nuevo interno, Randle McMurphy, el protagonista principal de la historia, quien haci\u00e9ndose pasar por demente consigue ser trasladado a esta instituci\u00f3n desde una prisi\u00f3n de trabajos forzados. Su car\u00e1cter jovial y dicharachero, y su fuerte personalidad que contrasta con la del resto de los internos, har\u00e1n que poco a poco se convierta en el \u00abl\u00edder\u00bb del grupo, desorganizando por completo la tranquila rutina a la que la enfermera jefe, conocida como La Gran Enfermera, los ten\u00eda sometidos. Desde ese momento se crear\u00e1 un ambiente de tensi\u00f3n entre los pacientes y el personal encargado de su cuidado, que nos acompa\u00f1ara a lo largo de toda la historia. La novela est\u00e1 narrada por uno de los internos, el \u00abJefe\u00bb Bromden, un corpulento individuo de origen indio, que lleva a\u00f1os haci\u00e9ndose pasar por sordomudo para evitar complicaciones, y con el que McMurphy llegar\u00e1 a tener una estrecha relaci\u00f3n.<\/p>\n","protected":false},"excerpt":{"rendered":"<p>La acci\u00f3n de la novela se desarrolla dentro de un hospital psiqui\u00e1trico, en el Estado de Oreg\u00f3n, donde bajo la estricta direcci\u00f3n y supervisi\u00f3n de la enfermera jefe, los pacientes de la instituci\u00f3n, clasificados por su \u00abgrado de locura\u00bb, se someten pacientemente a la p\u00e9trea disciplina de las reglas establecidas dentro de un clima de [&hellip;]<\/p>\n","protected":false},"featured_media":9228,"template":"","meta":[],"product_brand":[],"product_cat":[25],"product_tag":[1261,1181,1260,1184],"class_list":{"0":"post-9221","1":"product","2":"type-product","3":"status-publish","4":"has-post-thumbnail","6":"product_cat-libros-digitales-ebooks","7":"product_tag-alguien-volo-sobre-el-nido-del-cuco","8":"product_tag-descargar-ebooks","9":"product_tag-ken-kesey","10":"product_tag-mejor-novelas","12":"first","13":"instock","14":"shipping-taxable","15":"purchasable","16":"product-type-variable","17":"has-default-attributes"},"_links":{"self":[{"href":"https:\/\/www.taller-palabras.com\/WordPress_04\/wp-json\/wp\/v2\/product\/9221","targetHints":{"allow":["GET"]}}],"collection":[{"href":"https:\/\/www.taller-palabras.com\/WordPress_04\/wp-json\/wp\/v2\/product"}],"about":[{"href":"https:\/\/www.taller-palabras.com\/WordPress_04\/wp-json\/wp\/v2\/types\/product"}],"wp:featuredmedia":[{"embeddable":true,"href":"https:\/\/www.taller-palabras.com\/WordPress_04\/wp-json\/wp\/v2\/media\/9228"}],"wp:attachment":[{"href":"https:\/\/www.taller-palabras.com\/WordPress_04\/wp-json\/wp\/v2\/media?parent=9221"}],"wp:term":[{"taxonomy":"product_brand","embeddable":true,"href":"https:\/\/www.taller-palabras.com\/WordPress_04\/wp-json\/wp\/v2\/product_brand?post=9221"},{"taxonomy":"product_cat","embeddable":true,"href":"https:\/\/www.taller-palabras.com\/WordPress_04\/wp-json\/wp\/v2\/product_cat?post=9221"},{"taxonomy":"product_tag","embeddable":true,"href":"https:\/\/www.taller-palabras.com\/WordPress_04\/wp-json\/wp\/v2\/product_tag?post=9221"}],"curies":[{"name":"wp","href":"https:\/\/api.w.org\/{rel}","templated":true}]}}