{"id":9233,"date":"2024-03-03T16:10:23","date_gmt":"2024-03-03T19:10:23","guid":{"rendered":"https:\/\/www.taller-palabras.com\/WordPress_04\/?post_type=product&#038;p=9233"},"modified":"2024-03-03T16:13:15","modified_gmt":"2024-03-03T19:13:15","slug":"don-juan-lord-byron-ebook","status":"publish","type":"product","link":"https:\/\/www.taller-palabras.com\/WordPress_04\/producto\/don-juan-lord-byron-ebook","title":{"rendered":"Don Juan &#8211; Lord Byron \/ebook"},"content":{"rendered":"<figure id=\"attachment_9234\" aria-describedby=\"caption-attachment-9234\" style=\"width: 150px\" class=\"wp-caption alignleft\"><img loading=\"lazy\" decoding=\"async\" class=\"wp-image-9234 size-thumbnail\" src=\"https:\/\/www.taller-palabras.com\/WordPress_04\/wp-content\/uploads\/2024\/03\/lord-byron-150x150.jpg\" alt=\"\" width=\"150\" height=\"150\" srcset=\"https:\/\/www.taller-palabras.com\/WordPress_04\/wp-content\/uploads\/2024\/03\/lord-byron-150x150.jpg 150w, https:\/\/www.taller-palabras.com\/WordPress_04\/wp-content\/uploads\/2024\/03\/lord-byron-100x100.jpg 100w, https:\/\/www.taller-palabras.com\/WordPress_04\/wp-content\/uploads\/2024\/03\/lord-byron.jpg 198w\" sizes=\"auto, (max-width: 150px) 100vw, 150px\" \/><figcaption id=\"caption-attachment-9234\" class=\"wp-caption-text\">Autor Lord Byron<\/figcaption><\/figure>\n<p>A pesar de la aversi\u00f3n de Byron hacia muchos de los poetas rom\u00e1nticos y de su propio distanciamiento hacia gustos m\u00e1s clasicistas es posiblemente el poeta ingl\u00e9s al que m\u00e1s se identifica, al menos popularmente, con el romanticismo. Sus m\u00faltiples relaciones amorosas, sus viajes, su apoyo a las causas revolucionarias, su car\u00e1cter orgulloso y desafiante, acompa\u00f1ado al mismo tiempo de un sentimiento de destino tr\u00e1gico, forman indudablemente la base de su leyenda rom\u00e1ntica. Don Juan no fue s\u00f3lo una apuesta importante para la gloria literaria, sino que representaba el esfuerzo de Byron para reformar el gusto literario de la \u00e9poca a favor de Pope. Es tambi\u00e9n un intento de dar un golpe contra la hipocres\u00eda y el hast\u00edo de la sociedad del momento y abanderar la gloriosa causa de la libertad pol\u00edtica y de pensamiento. Byron preve\u00eda y, en cierto modo, deseaba la controversia y la oposici\u00f3n que encontr\u00f3.<\/p>\n","protected":false},"excerpt":{"rendered":"<p>A pesar de la aversi\u00f3n de Byron hacia muchos de los poetas rom\u00e1nticos y de su propio distanciamiento hacia gustos m\u00e1s clasicistas es posiblemente el poeta ingl\u00e9s al que m\u00e1s se identifica, al menos popularmente, con el romanticismo. Sus m\u00faltiples relaciones amorosas, sus viajes, su apoyo a las causas revolucionarias, su car\u00e1cter orgulloso y desafiante, [&hellip;]<\/p>\n","protected":false},"featured_media":9232,"template":"","meta":[],"product_brand":[],"product_cat":[25],"product_tag":[1181,1263,1262,1184],"class_list":{"0":"post-9233","1":"product","2":"type-product","3":"status-publish","4":"has-post-thumbnail","6":"product_cat-libros-digitales-ebooks","7":"product_tag-descargar-ebooks","8":"product_tag-don-juan","9":"product_tag-lord-byron","10":"product_tag-mejor-novelas","12":"first","13":"instock","14":"shipping-taxable","15":"purchasable","16":"product-type-variable","17":"has-default-attributes"},"_links":{"self":[{"href":"https:\/\/www.taller-palabras.com\/WordPress_04\/wp-json\/wp\/v2\/product\/9233","targetHints":{"allow":["GET"]}}],"collection":[{"href":"https:\/\/www.taller-palabras.com\/WordPress_04\/wp-json\/wp\/v2\/product"}],"about":[{"href":"https:\/\/www.taller-palabras.com\/WordPress_04\/wp-json\/wp\/v2\/types\/product"}],"wp:featuredmedia":[{"embeddable":true,"href":"https:\/\/www.taller-palabras.com\/WordPress_04\/wp-json\/wp\/v2\/media\/9232"}],"wp:attachment":[{"href":"https:\/\/www.taller-palabras.com\/WordPress_04\/wp-json\/wp\/v2\/media?parent=9233"}],"wp:term":[{"taxonomy":"product_brand","embeddable":true,"href":"https:\/\/www.taller-palabras.com\/WordPress_04\/wp-json\/wp\/v2\/product_brand?post=9233"},{"taxonomy":"product_cat","embeddable":true,"href":"https:\/\/www.taller-palabras.com\/WordPress_04\/wp-json\/wp\/v2\/product_cat?post=9233"},{"taxonomy":"product_tag","embeddable":true,"href":"https:\/\/www.taller-palabras.com\/WordPress_04\/wp-json\/wp\/v2\/product_tag?post=9233"}],"curies":[{"name":"wp","href":"https:\/\/api.w.org\/{rel}","templated":true}]}}