{"id":9252,"date":"2024-03-03T16:28:29","date_gmt":"2024-03-03T19:28:29","guid":{"rendered":"https:\/\/www.taller-palabras.com\/WordPress_04\/?post_type=product&#038;p=9252"},"modified":"2024-03-03T16:32:12","modified_gmt":"2024-03-03T19:32:12","slug":"you-caroline-kepnes-ebook","status":"publish","type":"product","link":"https:\/\/www.taller-palabras.com\/WordPress_04\/producto\/you-caroline-kepnes-ebook","title":{"rendered":"T\u00fa &#8211; Caroline Kepnes \/ebook"},"content":{"rendered":"<figure id=\"attachment_9255\" aria-describedby=\"caption-attachment-9255\" style=\"width: 150px\" class=\"wp-caption alignleft\"><img loading=\"lazy\" decoding=\"async\" class=\"wp-image-9255 size-thumbnail\" src=\"https:\/\/www.taller-palabras.com\/WordPress_04\/wp-content\/uploads\/2024\/03\/Caroline-Kepnes-150x150.jpg\" alt=\"\" width=\"150\" height=\"150\" srcset=\"https:\/\/www.taller-palabras.com\/WordPress_04\/wp-content\/uploads\/2024\/03\/Caroline-Kepnes-150x150.jpg 150w, https:\/\/www.taller-palabras.com\/WordPress_04\/wp-content\/uploads\/2024\/03\/Caroline-Kepnes-100x100.jpg 100w, https:\/\/www.taller-palabras.com\/WordPress_04\/wp-content\/uploads\/2024\/03\/Caroline-Kepnes.jpg 283w\" sizes=\"auto, (max-width: 150px) 100vw, 150px\" \/><figcaption id=\"caption-attachment-9255\" class=\"wp-caption-text\">Autora Caroline Kepnes<\/figcaption><\/figure>\n<p>Cuando una atractiva joven entra en la librer\u00eda neoyorquina donde trabaja Joe Goldberg, \u00e9l hace lo normal: busca en Google el nombre que aparece en su tarjeta de cr\u00e9dito. S\u00f3lo hay una Guinevere Beck en Nueva York. Usa Twitter con frecuencia y tiene una cuenta p\u00fablica de Facebook que a \u00e9l le revela todo lo que necesita saber: es Beck para sus amigos, estudi\u00f3 en Brown, vive en Bank Street y esa misma noche ir\u00e1 a un bar de Brooklyn: el lugar perfecto para encontrarse por casualidad. A medida que Joe va asumiendo el control de la vida de Beck, pasa de acosador a novio y se transforma en su hombre ideal; eso s\u00ed, acabando por el camino con todos los posibles obst\u00e1culos\u2026 Incluso aunque eso implique el asesinato.<\/p>\n","protected":false},"excerpt":{"rendered":"<p>Cuando una atractiva joven entra en la librer\u00eda neoyorquina donde trabaja Joe Goldberg, \u00e9l hace lo normal: busca en Google el nombre que aparece en su tarjeta de cr\u00e9dito. S\u00f3lo hay una Guinevere Beck en Nueva York. Usa Twitter con frecuencia y tiene una cuenta p\u00fablica de Facebook que a \u00e9l le revela todo lo [&hellip;]<\/p>\n","protected":false},"featured_media":9256,"template":"","meta":[],"product_brand":[],"product_cat":[25],"product_tag":[1267,1181,1262,1268],"class_list":{"0":"post-9252","1":"product","2":"type-product","3":"status-publish","4":"has-post-thumbnail","6":"product_cat-libros-digitales-ebooks","7":"product_tag-caroline-kepnes","8":"product_tag-descargar-ebooks","9":"product_tag-lord-byron","10":"product_tag-you","12":"first","13":"instock","14":"shipping-taxable","15":"purchasable","16":"product-type-variable","17":"has-default-attributes"},"_links":{"self":[{"href":"https:\/\/www.taller-palabras.com\/WordPress_04\/wp-json\/wp\/v2\/product\/9252","targetHints":{"allow":["GET"]}}],"collection":[{"href":"https:\/\/www.taller-palabras.com\/WordPress_04\/wp-json\/wp\/v2\/product"}],"about":[{"href":"https:\/\/www.taller-palabras.com\/WordPress_04\/wp-json\/wp\/v2\/types\/product"}],"wp:featuredmedia":[{"embeddable":true,"href":"https:\/\/www.taller-palabras.com\/WordPress_04\/wp-json\/wp\/v2\/media\/9256"}],"wp:attachment":[{"href":"https:\/\/www.taller-palabras.com\/WordPress_04\/wp-json\/wp\/v2\/media?parent=9252"}],"wp:term":[{"taxonomy":"product_brand","embeddable":true,"href":"https:\/\/www.taller-palabras.com\/WordPress_04\/wp-json\/wp\/v2\/product_brand?post=9252"},{"taxonomy":"product_cat","embeddable":true,"href":"https:\/\/www.taller-palabras.com\/WordPress_04\/wp-json\/wp\/v2\/product_cat?post=9252"},{"taxonomy":"product_tag","embeddable":true,"href":"https:\/\/www.taller-palabras.com\/WordPress_04\/wp-json\/wp\/v2\/product_tag?post=9252"}],"curies":[{"name":"wp","href":"https:\/\/api.w.org\/{rel}","templated":true}]}}