{"id":9304,"date":"2024-03-09T11:42:08","date_gmt":"2024-03-09T14:42:08","guid":{"rendered":"https:\/\/www.taller-palabras.com\/WordPress_04\/?post_type=product&#038;p=9304"},"modified":"2024-03-09T11:50:49","modified_gmt":"2024-03-09T14:50:49","slug":"mujer-en-punto-cero-nawal-alsadawi-ebook","status":"publish","type":"product","link":"https:\/\/www.taller-palabras.com\/WordPress_04\/producto\/mujer-en-punto-cero-nawal-alsadawi-ebook","title":{"rendered":"Mujer en punto cero &#8211; Nawal alSadawi \/ebook"},"content":{"rendered":"<figure id=\"attachment_9308\" aria-describedby=\"caption-attachment-9308\" style=\"width: 150px\" class=\"wp-caption alignleft\"><img loading=\"lazy\" decoding=\"async\" class=\"wp-image-9308 size-thumbnail\" src=\"https:\/\/www.taller-palabras.com\/WordPress_04\/wp-content\/uploads\/2024\/03\/Nawal-alSadawi-150x150.jpg\" alt=\"\" width=\"150\" height=\"150\" srcset=\"https:\/\/www.taller-palabras.com\/WordPress_04\/wp-content\/uploads\/2024\/03\/Nawal-alSadawi-150x150.jpg 150w, https:\/\/www.taller-palabras.com\/WordPress_04\/wp-content\/uploads\/2024\/03\/Nawal-alSadawi-100x100.jpg 100w, https:\/\/www.taller-palabras.com\/WordPress_04\/wp-content\/uploads\/2024\/03\/Nawal-alSadawi.jpg 198w\" sizes=\"auto, (max-width: 150px) 100vw, 150px\" \/><figcaption id=\"caption-attachment-9308\" class=\"wp-caption-text\">Autora Nawal al-Sadawi<\/figcaption><\/figure>\n<p>\u00abTodos los hombres que he conocido solo me han inspirado un deseo: el de alzar la mano y dejarla caer con fuerza sobre su rostro\u00bb. As\u00ed comienza la notable historia de Firdaus de rebeli\u00f3n contra una sociedad fundada en mentiras, hipocres\u00eda, brutalidad y opresi\u00f3n. Nacida en el seno de una familia campesina en Egipto, Firdaus lucha a lo largo de su infancia, buscando la compasi\u00f3n y el conocimiento en un mundo que le da muy poco de ambas cuestiones. A medida que crece, cada nueva relaci\u00f3n le ense\u00f1a una amarga pero liberadora verdad: las \u00fanicas personas libres son aquellas que no quieren nada, no temen nada y no esperan nada. Desde sus primeros recuerdos, Firdaus sufri\u00f3 a manos de los hombres. Primero su abusivo padre, luego su violento marido, y finalmente su enga\u00f1oso novio convertido en proxeneta. Despu\u00e9s de toda una vida de abuso, por fin llevar\u00e1 a cabo una acci\u00f3n dr\u00e1stica contra los varones que gobiernan su vida. Desde su celda, Firdaus, condenada a morir por haber matado a un proxeneta en una calle de El Cairo, cuenta su vida desde la infancia en la aldea a la vida de prostituta en la ciudad. La retribuci\u00f3n de la sociedad por su acto de desaf\u00edo \u2014la muerte\u2014 le da la bienvenida como la \u00fanica manera de poder ser finalmente libre.<\/p>\n","protected":false},"excerpt":{"rendered":"<p>\u00abTodos los hombres que he conocido solo me han inspirado un deseo: el de alzar la mano y dejarla caer con fuerza sobre su rostro\u00bb. As\u00ed comienza la notable historia de Firdaus de rebeli\u00f3n contra una sociedad fundada en mentiras, hipocres\u00eda, brutalidad y opresi\u00f3n. Nacida en el seno de una familia campesina en Egipto, Firdaus [&hellip;]<\/p>\n","protected":false},"featured_media":9307,"template":"","meta":[],"product_brand":[],"product_cat":[25],"product_tag":[1181,1274,1273],"class_list":{"0":"post-9304","1":"product","2":"type-product","3":"status-publish","4":"has-post-thumbnail","6":"product_cat-libros-digitales-ebooks","7":"product_tag-descargar-ebooks","8":"product_tag-mujer-en-punto-cero","9":"product_tag-nawal-alsadawi","11":"first","12":"instock","13":"shipping-taxable","14":"purchasable","15":"product-type-variable","16":"has-default-attributes"},"_links":{"self":[{"href":"https:\/\/www.taller-palabras.com\/WordPress_04\/wp-json\/wp\/v2\/product\/9304","targetHints":{"allow":["GET"]}}],"collection":[{"href":"https:\/\/www.taller-palabras.com\/WordPress_04\/wp-json\/wp\/v2\/product"}],"about":[{"href":"https:\/\/www.taller-palabras.com\/WordPress_04\/wp-json\/wp\/v2\/types\/product"}],"wp:featuredmedia":[{"embeddable":true,"href":"https:\/\/www.taller-palabras.com\/WordPress_04\/wp-json\/wp\/v2\/media\/9307"}],"wp:attachment":[{"href":"https:\/\/www.taller-palabras.com\/WordPress_04\/wp-json\/wp\/v2\/media?parent=9304"}],"wp:term":[{"taxonomy":"product_brand","embeddable":true,"href":"https:\/\/www.taller-palabras.com\/WordPress_04\/wp-json\/wp\/v2\/product_brand?post=9304"},{"taxonomy":"product_cat","embeddable":true,"href":"https:\/\/www.taller-palabras.com\/WordPress_04\/wp-json\/wp\/v2\/product_cat?post=9304"},{"taxonomy":"product_tag","embeddable":true,"href":"https:\/\/www.taller-palabras.com\/WordPress_04\/wp-json\/wp\/v2\/product_tag?post=9304"}],"curies":[{"name":"wp","href":"https:\/\/api.w.org\/{rel}","templated":true}]}}